{"id":1468,"date":"2022-05-03T19:08:11","date_gmt":"2022-05-03T19:08:11","guid":{"rendered":"https:\/\/cormenpolska.pl\/?post_type=product&#038;p=1468"},"modified":"2023-02-01T16:05:15","modified_gmt":"2023-02-01T16:05:15","slug":"cleamen-190-odpieniacz-1-l","status":"publish","type":"product","link":"https:\/\/cormenpolska.pl\/?product=cleamen-190-odpieniacz-1-l","title":{"rendered":"CLEAMEN 190 odpieniacz 1 l"},"content":{"rendered":"<p>Odpowiedni do miejsc, w kt\u00f3rych trzeba szybko zlikwidowa\u0107 nadmiar piany. \u015arodek w p\u0142ynie przeznaczony do usuwania piany i zmniejszania pienienia \u015brodk\u00f3w myj\u0105cych. Jest szczeg\u00f3lnie przydatny w miejscach, w kt\u00f3rych podczas czyszczenia powstanie niepo\u017c\u0105dana piana. Nanie\u015b\u0107 na spienion\u0105 powierzchni\u0119 rozpylaczem. Do zbiornika maszyny myj\u0105cej z brudn\u0105 wod\u0105 lub do odkurzacza nale\u017cy odmierza\u0107 10 \u2013 30 ml \/ 10 l.<\/p>\n<p>Dost\u0119pne opakowanie:<br \/>\n&#8211; butelka 1L<\/p>\n","protected":false},"excerpt":{"rendered":"<p>Odpowiedni do miejsc, w kt\u00f3rych trzeba szybko zlikwidowa\u0107 nadmiar piany. \u015arodek w p\u0142ynie przeznaczony do usuwania piany i zmniejszania pienienia \u015brodk\u00f3w myj\u0105cych. Jest szczeg\u00f3lnie przydatny w miejscach, w kt\u00f3rych podczas czyszczenia powstanie niepo\u017c\u0105dana piana. Nanie\u015b\u0107 na spienion\u0105 powierzchni\u0119 rozpylaczem. Do &hellip; <a class=\"kt-excerpt-readmore more-link\" href=\"https:\/\/cormenpolska.pl\/?product=cleamen-190-odpieniacz-1-l\">Czytaj wi\u0119cej<\/a><\/p>\n","protected":false},"featured_media":1860,"comment_status":"closed","ping_status":"closed","template":"","meta":{"inline_featured_image":false},"product_brand":[],"product_cat":[138],"product_tag":[],"class_list":{"0":"post-1468","1":"product","2":"type-product","3":"status-publish","4":"has-post-thumbnail","6":"product_cat-obszar-ogolny","8":"first","9":"instock","10":"taxable","11":"shipping-taxable","12":"purchasable","13":"product-type-simple"},"_links":{"self":[{"href":"https:\/\/cormenpolska.pl\/index.php?rest_route=\/wp\/v2\/product\/1468","targetHints":{"allow":["GET"]}}],"collection":[{"href":"https:\/\/cormenpolska.pl\/index.php?rest_route=\/wp\/v2\/product"}],"about":[{"href":"https:\/\/cormenpolska.pl\/index.php?rest_route=\/wp\/v2\/types\/product"}],"replies":[{"embeddable":true,"href":"https:\/\/cormenpolska.pl\/index.php?rest_route=%2Fwp%2Fv2%2Fcomments&post=1468"}],"wp:featuredmedia":[{"embeddable":true,"href":"https:\/\/cormenpolska.pl\/index.php?rest_route=\/wp\/v2\/media\/1860"}],"wp:attachment":[{"href":"https:\/\/cormenpolska.pl\/index.php?rest_route=%2Fwp%2Fv2%2Fmedia&parent=1468"}],"wp:term":[{"taxonomy":"product_brand","embeddable":true,"href":"https:\/\/cormenpolska.pl\/index.php?rest_route=%2Fwp%2Fv2%2Fproduct_brand&post=1468"},{"taxonomy":"product_cat","embeddable":true,"href":"https:\/\/cormenpolska.pl\/index.php?rest_route=%2Fwp%2Fv2%2Fproduct_cat&post=1468"},{"taxonomy":"product_tag","embeddable":true,"href":"https:\/\/cormenpolska.pl\/index.php?rest_route=%2Fwp%2Fv2%2Fproduct_tag&post=1468"}],"curies":[{"name":"wp","href":"https:\/\/api.w.org\/{rel}","templated":true}]}}