{"id":1473,"date":"2022-05-03T19:08:11","date_gmt":"2022-05-03T19:08:11","guid":{"rendered":"https:\/\/cormenpolska.pl\/?post_type=product&#038;p=1473"},"modified":"2024-04-16T15:35:34","modified_gmt":"2024-04-16T15:35:34","slug":"cleamen-210-na-silny-tluszcz-5-l","status":"publish","type":"product","link":"https:\/\/cormenpolska.pl\/?product=cleamen-210-na-silny-tluszcz-5-l","title":{"rendered":"CLEAMEN 210 na silny t\u0142uszcz 5 l"},"content":{"rendered":"<p>Przeznaczony do czyszczenia kuchenek, okap\u00f3w, wyposa\u017cenia kuchni, p\u0142ytek ceramicznych, naczy\u0144 kuchennych, kot\u0142\u00f3w, mikser\u00f3w i\u00a0innych urz\u0105dze\u0144 kuchennych, nadaje si\u0119 r\u00f3wnie\u017c do czyszczenia maszyn w\u00a0przemy\u015ble. Mocno pieni\u0105cy \u015brodek zasadowy jest skuteczny szczeg\u00f3lnie na osady t\u0142uszczu. Za pomoc\u0105 rozpylacza nanie\u015b\u0107, niewielk\u0105 warstw\u0119 piany na czyszczon\u0105 powierzchni\u0119, rozprowadzi\u0107 szczoteczk\u0105 lub g\u0105bk\u0105 i\u00a0pozostawi\u0107 na chwil\u0119 do<br \/>\nmomentu reakcji. Powierzchni\u0119 wyczy\u015bci\u0107 z\u00a0brudu, a\u00a0nast\u0119pnie sp\u0142uka\u0107 czyst\u0105 wod\u0105. W\u00a0przypadku silnego zanieczyszczenia, proces nale\u017cy powt\u00f3rzy\u0107 kilka razy. Aby wyczy\u015bci\u0107 powierzchnie pod\u0142ogowe, nale\u017cy rozcie\u0144czy\u0107 w\u00a0wiadrze i\u00a0systematycznie wyciera\u0107 powierzchni\u0119. W\u00a0silnie zanieczyszczonych miejscach spryska\u0107 koncentratem przed wytarciem i\u00a0przetrze\u0107 brud za pomoc\u0105 pada lub szczotki. \u015arodek odt\u0142uszczaj\u0105cy jest bardzo pieni\u0105cy, bez aromatu. Nie nadaje si\u0119 do powierzchni nieodpornych na zasady.<\/p>\n<table>\n<tbody>\n<tr>\n<td rowspan=\"2\">dozowanie i\u00a0rozcie\u0144czania<\/td>\n<td colspan=\"3\">wska\u017anik zanieczyszczenia<\/td>\n<\/tr>\n<tr>\n<td>s\u0142aby<\/td>\n<td>\u015bredni<\/td>\n<td>mocny<\/td>\n<\/tr>\n<tr>\n<td>sprajowe czyszczenie ml\/1 l<\/td>\n<td>250<\/td>\n<td>500<\/td>\n<td>nierozcie\u0144czony<\/td>\n<\/tr>\n<tr>\n<td>pH roztworu<\/td>\n<td>12,2<\/td>\n<td>12,4<\/td>\n<td>13<\/td>\n<\/tr>\n<tr>\n<td>do segment\u00f3w ml\/10 l<\/td>\n<td>20<\/td>\n<td>50<\/td>\n<td>100<\/td>\n<\/tr>\n<tr>\n<td>pH roztworu<\/td>\n<td>9<\/td>\n<td>9,5<\/td>\n<td>10<\/td>\n<\/tr>\n<\/tbody>\n<\/table>\n<p>pH koncentratu: 13<\/p>\n<p>DOST\u0118PNE OPAKOWANIA:<br \/>\n&#8211;\u00a0\u00a0 butelka ze spryskiwaczem 550 ML<br \/>\n&#8211;\u00a0\u00a0 kanister 5L<\/p>\n","protected":false},"excerpt":{"rendered":"<p>Przeznaczony do czyszczenia kuchenek, okap\u00f3w, wyposa\u017cenia kuchni, p\u0142ytek ceramicznych, naczy\u0144 kuchennych, kot\u0142\u00f3w, mikser\u00f3w i\u00a0innych urz\u0105dze\u0144 kuchennych, nadaje si\u0119 r\u00f3wnie\u017c do czyszczenia maszyn w\u00a0przemy\u015ble. Mocno pieni\u0105cy \u015brodek zasadowy jest skuteczny szczeg\u00f3lnie na osady t\u0142uszczu. Za pomoc\u0105 rozpylacza nanie\u015b\u0107, niewielk\u0105 warstw\u0119 piany &hellip; <a class=\"kt-excerpt-readmore more-link\" href=\"https:\/\/cormenpolska.pl\/?product=cleamen-210-na-silny-tluszcz-5-l\">Czytaj wi\u0119cej<\/a><\/p>\n","protected":false},"featured_media":1862,"comment_status":"closed","ping_status":"closed","template":"","meta":{"inline_featured_image":false},"product_brand":[],"product_cat":[139,166],"product_tag":[],"class_list":{"0":"post-1473","1":"product","2":"type-product","3":"status-publish","4":"has-post-thumbnail","6":"product_cat-obszar-kuchni","7":"product_cat-profesjonalne-produkty-do-gastronomii","9":"first","10":"instock","11":"taxable","12":"shipping-taxable","13":"purchasable","14":"product-type-simple"},"_links":{"self":[{"href":"https:\/\/cormenpolska.pl\/index.php?rest_route=\/wp\/v2\/product\/1473","targetHints":{"allow":["GET"]}}],"collection":[{"href":"https:\/\/cormenpolska.pl\/index.php?rest_route=\/wp\/v2\/product"}],"about":[{"href":"https:\/\/cormenpolska.pl\/index.php?rest_route=\/wp\/v2\/types\/product"}],"replies":[{"embeddable":true,"href":"https:\/\/cormenpolska.pl\/index.php?rest_route=%2Fwp%2Fv2%2Fcomments&post=1473"}],"wp:featuredmedia":[{"embeddable":true,"href":"https:\/\/cormenpolska.pl\/index.php?rest_route=\/wp\/v2\/media\/1862"}],"wp:attachment":[{"href":"https:\/\/cormenpolska.pl\/index.php?rest_route=%2Fwp%2Fv2%2Fmedia&parent=1473"}],"wp:term":[{"taxonomy":"product_brand","embeddable":true,"href":"https:\/\/cormenpolska.pl\/index.php?rest_route=%2Fwp%2Fv2%2Fproduct_brand&post=1473"},{"taxonomy":"product_cat","embeddable":true,"href":"https:\/\/cormenpolska.pl\/index.php?rest_route=%2Fwp%2Fv2%2Fproduct_cat&post=1473"},{"taxonomy":"product_tag","embeddable":true,"href":"https:\/\/cormenpolska.pl\/index.php?rest_route=%2Fwp%2Fv2%2Fproduct_tag&post=1473"}],"curies":[{"name":"wp","href":"https:\/\/api.w.org\/{rel}","templated":true}]}}