{"id":1508,"date":"2022-05-03T19:08:15","date_gmt":"2022-05-03T19:08:15","guid":{"rendered":"https:\/\/cormenpolska.pl\/?post_type=product&#038;p=1508"},"modified":"2025-07-04T14:45:57","modified_gmt":"2025-07-04T14:45:57","slug":"cleamen-261-szklo-restauracyjne-tabletki-720-g-2","status":"publish","type":"product","link":"https:\/\/cormenpolska.pl\/?product=cleamen-261-szklo-restauracyjne-tabletki-720-g-2","title":{"rendered":"CLEAMEN 261 szk\u0142o restauracyjne-tabletki 720 g"},"content":{"rendered":"<p>Przeznaczony do zmywarek r\u0119cznych (spullboy) do szk\u0142a restauracyjnego. Zalet\u0105 tego produktu jest \u0142atwa obs\u0142uga, dozowanie i przechowywanie. Przy stosowaniu w ciep\u0142ej wodzie, umie\u015b\u0107 tabletk\u0119 w folii w zmywarce, do mycia w zimnej wodzie wyjmij tabletk\u0119 z folii ochronnej &#8211; uzyska si\u0119 tym sposobem, r\u00f3wnomierne uwalnianie substancji czynnych w roztworze do mycia. Po umyciu kufli do piwa \u015brodkiem CLEAMEN 261, na piwie utrzymuje si\u0119 d\u0142u\u017cej<br \/>\npiana i zachowuje ono sw\u00f3j smak. Ze wzgl\u0119du na to, \u017ce nie zawiera agresywnych substancji, nie uszkadza szk\u0142a nawet podczas d\u0142ugotrwa\u0142ego u\u017cytkowania. Po umyciu zawsze nale\u017cy op\u0142uka\u0107 szk\u0142o strumieniem czystej wody.<\/p>\n<p>Opakowanie: 720g<\/p>\n","protected":false},"excerpt":{"rendered":"<p>Przeznaczony do zmywarek r\u0119cznych (spullboy) do szk\u0142a restauracyjnego. Zalet\u0105 tego produktu jest \u0142atwa obs\u0142uga, dozowanie i przechowywanie. Przy stosowaniu w ciep\u0142ej wodzie, umie\u015b\u0107 tabletk\u0119 w folii w zmywarce, do mycia w zimnej wodzie wyjmij tabletk\u0119 z folii ochronnej &#8211; uzyska &hellip; <a class=\"kt-excerpt-readmore more-link\" href=\"https:\/\/cormenpolska.pl\/?product=cleamen-261-szklo-restauracyjne-tabletki-720-g-2\">Czytaj wi\u0119cej<\/a><\/p>\n","protected":false},"featured_media":1882,"comment_status":"closed","ping_status":"closed","template":"","meta":{"inline_featured_image":false},"product_brand":[],"product_cat":[139],"product_tag":[],"class_list":{"0":"post-1508","1":"product","2":"type-product","3":"status-publish","4":"has-post-thumbnail","6":"product_cat-obszar-kuchni","8":"first","9":"onbackorder","10":"taxable","11":"shipping-taxable","12":"purchasable","13":"product-type-simple"},"_links":{"self":[{"href":"https:\/\/cormenpolska.pl\/index.php?rest_route=\/wp\/v2\/product\/1508","targetHints":{"allow":["GET"]}}],"collection":[{"href":"https:\/\/cormenpolska.pl\/index.php?rest_route=\/wp\/v2\/product"}],"about":[{"href":"https:\/\/cormenpolska.pl\/index.php?rest_route=\/wp\/v2\/types\/product"}],"replies":[{"embeddable":true,"href":"https:\/\/cormenpolska.pl\/index.php?rest_route=%2Fwp%2Fv2%2Fcomments&post=1508"}],"wp:featuredmedia":[{"embeddable":true,"href":"https:\/\/cormenpolska.pl\/index.php?rest_route=\/wp\/v2\/media\/1882"}],"wp:attachment":[{"href":"https:\/\/cormenpolska.pl\/index.php?rest_route=%2Fwp%2Fv2%2Fmedia&parent=1508"}],"wp:term":[{"taxonomy":"product_brand","embeddable":true,"href":"https:\/\/cormenpolska.pl\/index.php?rest_route=%2Fwp%2Fv2%2Fproduct_brand&post=1508"},{"taxonomy":"product_cat","embeddable":true,"href":"https:\/\/cormenpolska.pl\/index.php?rest_route=%2Fwp%2Fv2%2Fproduct_cat&post=1508"},{"taxonomy":"product_tag","embeddable":true,"href":"https:\/\/cormenpolska.pl\/index.php?rest_route=%2Fwp%2Fv2%2Fproduct_tag&post=1508"}],"curies":[{"name":"wp","href":"https:\/\/api.w.org\/{rel}","templated":true}]}}