{"id":1512,"date":"2022-05-03T19:08:15","date_gmt":"2022-05-03T19:08:15","guid":{"rendered":"https:\/\/cormenpolska.pl\/?post_type=product&#038;p=1512"},"modified":"2024-01-17T16:14:46","modified_gmt":"2024-01-17T16:14:46","slug":"cleamen-300-400-sanitarny-codzienny-5-l","status":"publish","type":"product","link":"https:\/\/cormenpolska.pl\/?product=cleamen-300-400-sanitarny-codzienny-5-l","title":{"rendered":"CLEAMEN 300\/400 sanitarny, codzienny 5 l"},"content":{"rendered":"<p>Przeznaczony do muszli klozetowych, pisuar\u00f3w, p\u0142ytek ceramicznych, baterii, prysznic\u00f3w, do mycia r\u0119cznego pod\u0142\u00f3g. \u015arodek przeznaczony do codziennego sprz\u0105tania przestrzeni toaletowych i\u00a0sanitariat\u00f3w. Usuwa brud, plamy i\u00a0pow\u0142oki z\u00a0kamienia oraz osad\u00f3w mineralnych, nadaje si\u0119 do stosowania metod\u0105 sprayow\u0105 i\u00a0do dozowania do wiadra.<br \/>\nMetoda sprayowa:\u00a0Po rozcie\u0144czeniu do dozownika w\u00a0sprayu roztw\u00f3r myj\u0105cy dozuje si\u0119 spryskiwaczem na czyszczone powierzchnie lub na \u015bciereczki do czyszczenia. St\u0119\u017cenie 8\u00a0ml\/1 l\u00a0lub wi\u0119ksze mo\u017cna wykorzysta\u0107 do usuwania s\u0142abych osad\u00f3w mineralnych i\u00a0kamienia. W\u00a0przypadku stosowania wy\u017cszych st\u0119\u017ce\u0144 zaleca si\u0119 sprawdzenie odporno\u015bci czyszczonych powierzchni i\u00a0op\u0142ukanie ich po dok\u0142adnym oczyszczeniu.<br \/>\nDozowanie do wiadra:\u00a0Stosuje si\u0119 bardzo ma\u0142e dawki \u015brodka, przy jednoczesnym zapewnieniu skuteczno\u015bci i\u00a0zaromatyzowaniu. W\u00a0celu usuni\u0119cia osad\u00f3w mineralnych i\u00a0kamienia zalecamy dawkowanie w\u00a0przybli\u017ceniu 20 ml \/\u00a010 l\u00a0roztworu lub po\u0142\u0105czenie z\u00a0metod\u0105 sprayow\u0105 w\u00a0wy\u017cszym st\u0119\u017ceniu na czyszczonych miejscach. Nie nadaje si\u0119 do powierzchni, kt\u00f3re nie s\u0105 odporne na dzia\u0142anie kwas\u00f3w.<\/p>\n<table border=\"0\" cellspacing=\"0\" cellpadding=\"0\">\n<tbody>\n<tr>\n<td rowspan=\"2\">sprajowe czyszczenie<\/td>\n<td colspan=\"3\">dozowania zgodnie z\u00a0poziomu zanieczyszczenia<\/td>\n<\/tr>\n<tr>\n<td>s\u0142aby<\/td>\n<td>\u015bredni<\/td>\n<td>mocny<\/td>\n<\/tr>\n<tr>\n<td>ml\/1 litr<\/td>\n<td>4<\/td>\n<td>6<\/td>\n<td>10<\/td>\n<\/tr>\n<tr>\n<td>pH roztworu<\/td>\n<td>3,6<\/td>\n<td>3<\/td>\n<td>2,6<\/td>\n<\/tr>\n<tr>\n<td><\/td>\n<td><\/td>\n<td><\/td>\n<td><\/td>\n<\/tr>\n<tr>\n<td rowspan=\"2\">mokre czyszczenie<\/td>\n<td colspan=\"3\">dozowania zgodnie z\u00a0poziomu zanieczyszczenia<\/td>\n<\/tr>\n<tr>\n<td>s\u0142aby<\/td>\n<td>\u015bredni<\/td>\n<td>mocny<\/td>\n<\/tr>\n<tr>\n<td>ml\/10 litr\u00f3w<\/td>\n<td>6<\/td>\n<td>10<\/td>\n<td>20<\/td>\n<\/tr>\n<tr>\n<td>pH roztworu<\/td>\n<td>6,7<\/td>\n<td>6,3<\/td>\n<td>5,3<\/td>\n<\/tr>\n<\/tbody>\n<\/table>\n<p>pH koncentratu: 1<\/p>\n<p>DOST\u0118PNE OPAKOWANIA:<br \/>\n&#8211;\u00a0butelka 1L<br \/>\n&#8211;\u00a0kanister 5L<\/p>\n","protected":false},"excerpt":{"rendered":"<p>Przeznaczony do muszli klozetowych, pisuar\u00f3w, p\u0142ytek ceramicznych, baterii, prysznic\u00f3w, do mycia r\u0119cznego pod\u0142\u00f3g. \u015arodek przeznaczony do codziennego sprz\u0105tania przestrzeni toaletowych i\u00a0sanitariat\u00f3w. Usuwa brud, plamy i\u00a0pow\u0142oki z\u00a0kamienia oraz osad\u00f3w mineralnych, nadaje si\u0119 do stosowania metod\u0105 sprayow\u0105 i\u00a0do dozowania do wiadra. Metoda &hellip; <a class=\"kt-excerpt-readmore more-link\" href=\"https:\/\/cormenpolska.pl\/?product=cleamen-300-400-sanitarny-codzienny-5-l\">Czytaj wi\u0119cej<\/a><\/p>\n","protected":false},"featured_media":1884,"comment_status":"closed","ping_status":"closed","template":"","meta":{"inline_featured_image":false},"product_brand":[],"product_cat":[140],"product_tag":[],"class_list":{"0":"post-1512","1":"product","2":"type-product","3":"status-publish","4":"has-post-thumbnail","6":"product_cat-obszar-sanitarny","8":"first","9":"instock","10":"taxable","11":"shipping-taxable","12":"purchasable","13":"product-type-simple"},"_links":{"self":[{"href":"https:\/\/cormenpolska.pl\/index.php?rest_route=\/wp\/v2\/product\/1512","targetHints":{"allow":["GET"]}}],"collection":[{"href":"https:\/\/cormenpolska.pl\/index.php?rest_route=\/wp\/v2\/product"}],"about":[{"href":"https:\/\/cormenpolska.pl\/index.php?rest_route=\/wp\/v2\/types\/product"}],"replies":[{"embeddable":true,"href":"https:\/\/cormenpolska.pl\/index.php?rest_route=%2Fwp%2Fv2%2Fcomments&post=1512"}],"wp:featuredmedia":[{"embeddable":true,"href":"https:\/\/cormenpolska.pl\/index.php?rest_route=\/wp\/v2\/media\/1884"}],"wp:attachment":[{"href":"https:\/\/cormenpolska.pl\/index.php?rest_route=%2Fwp%2Fv2%2Fmedia&parent=1512"}],"wp:term":[{"taxonomy":"product_brand","embeddable":true,"href":"https:\/\/cormenpolska.pl\/index.php?rest_route=%2Fwp%2Fv2%2Fproduct_brand&post=1512"},{"taxonomy":"product_cat","embeddable":true,"href":"https:\/\/cormenpolska.pl\/index.php?rest_route=%2Fwp%2Fv2%2Fproduct_cat&post=1512"},{"taxonomy":"product_tag","embeddable":true,"href":"https:\/\/cormenpolska.pl\/index.php?rest_route=%2Fwp%2Fv2%2Fproduct_tag&post=1512"}],"curies":[{"name":"wp","href":"https:\/\/api.w.org\/{rel}","templated":true}]}}