{"id":1516,"date":"2022-05-03T19:08:15","date_gmt":"2022-05-03T19:08:15","guid":{"rendered":"https:\/\/cormenpolska.pl\/?post_type=product&#038;p=1516"},"modified":"2024-01-17T16:18:31","modified_gmt":"2024-01-17T16:18:31","slug":"cleamen-302-402-odswiezacz-neutralizaror-zapachow-550-ml","status":"publish","type":"product","link":"https:\/\/cormenpolska.pl\/?product=cleamen-302-402-odswiezacz-neutralizaror-zapachow-550-ml","title":{"rendered":"CLEAMEN 302\/402 od\u015bwie\u017cacz-neutralizaror zapach\u00f3w 550 ml"},"content":{"rendered":"<p>Przeznaczone do stosowania w\u00a0pomieszczeniach, na \u015bciany, zas\u0142ony, \u017caluzje, tekstylia domowe, do aromatyzowania koszy na \u015bmieci i\u00a0jako sk\u0142adnik perfumuj\u0105cy do pomieszcze\u0144 sanitarnych Skutecznie neutralizuje nieprzyjemne zapachy i\u00a0pozostawia \u015bwie\u017cy aromat. Podczas rozpylania w\u00a0powietrzu (na przyk\u0142ad w\u00a0biurze w\u00a0obecno\u015bci os\u00f3b) efekt perfum mo\u017ce zosta\u0107 z\u0142agodzony w\u00a0rozcie\u0144czeniu z\u00a0wod\u0105, jednocze\u015bnie w\u00a0ten spos\u00f3b mo\u017cna nawil\u017cy\u0107 powietrze. Produkt w\u00a0pe\u0142ni wyparowuje i\u00a0nie pozostawia \u015blad\u00f3w ani plam, pozostawiaj\u0105c jedynie przyjemny zapach. W\u00a0przypadku stosowania do roztworu myj\u0105cego mo\u017cna go u\u017cy\u0107 do wody lub razem ze \u015brodkami czyszcz\u0105cymi Cleamen i\u00a0Krystal.<\/p>\n<table border=\"0\" cellspacing=\"0\" cellpadding=\"0\">\n<tbody>\n<tr>\n<td rowspan=\"2\">\n<div><\/div>\n<\/td>\n<td colspan=\"3\">poziom zapachu<\/td>\n<\/tr>\n<tr>\n<td>1<\/td>\n<td>2<\/td>\n<td>3<\/td>\n<\/tr>\n<tr>\n<td>do aplikacji natryskowej ml\/1L<\/td>\n<td>200<\/td>\n<td>400<\/td>\n<td>koncentrat<\/td>\n<\/tr>\n<tr>\n<td>dawkowanie w\u00a0wiadrze\u00a0 ml\/10 L<\/td>\n<td>3<\/td>\n<td>10<\/td>\n<td>30<\/td>\n<\/tr>\n<\/tbody>\n<\/table>\n<p>pH koncentratu: 6-7<\/p>\n<p>Nie rozpryskiwa\u0107 do ognia, zawiera zwi\u0105zki palne.<\/p>\n<p>Dost\u0119pne opakoanie:<br \/>\n&#8211; butelka 1L<br \/>\n&#8211; kanister 5L<\/p>\n","protected":false},"excerpt":{"rendered":"<p>Przeznaczone do stosowania w\u00a0pomieszczeniach, na \u015bciany, zas\u0142ony, \u017caluzje, tekstylia domowe, do aromatyzowania koszy na \u015bmieci i\u00a0jako sk\u0142adnik perfumuj\u0105cy do pomieszcze\u0144 sanitarnych Skutecznie neutralizuje nieprzyjemne zapachy i\u00a0pozostawia \u015bwie\u017cy aromat. Podczas rozpylania w\u00a0powietrzu (na przyk\u0142ad w\u00a0biurze w\u00a0obecno\u015bci os\u00f3b) efekt perfum mo\u017ce zosta\u0107 &hellip; <a class=\"kt-excerpt-readmore more-link\" href=\"https:\/\/cormenpolska.pl\/?product=cleamen-302-402-odswiezacz-neutralizaror-zapachow-550-ml\">Czytaj wi\u0119cej<\/a><\/p>\n","protected":false},"featured_media":2848,"comment_status":"closed","ping_status":"closed","template":"","meta":{"inline_featured_image":false},"product_brand":[],"product_cat":[140],"product_tag":[],"class_list":{"0":"post-1516","1":"product","2":"type-product","3":"status-publish","4":"has-post-thumbnail","6":"product_cat-obszar-sanitarny","8":"first","9":"instock","10":"taxable","11":"shipping-taxable","12":"purchasable","13":"product-type-simple"},"_links":{"self":[{"href":"https:\/\/cormenpolska.pl\/index.php?rest_route=\/wp\/v2\/product\/1516","targetHints":{"allow":["GET"]}}],"collection":[{"href":"https:\/\/cormenpolska.pl\/index.php?rest_route=\/wp\/v2\/product"}],"about":[{"href":"https:\/\/cormenpolska.pl\/index.php?rest_route=\/wp\/v2\/types\/product"}],"replies":[{"embeddable":true,"href":"https:\/\/cormenpolska.pl\/index.php?rest_route=%2Fwp%2Fv2%2Fcomments&post=1516"}],"wp:featuredmedia":[{"embeddable":true,"href":"https:\/\/cormenpolska.pl\/index.php?rest_route=\/wp\/v2\/media\/2848"}],"wp:attachment":[{"href":"https:\/\/cormenpolska.pl\/index.php?rest_route=%2Fwp%2Fv2%2Fmedia&parent=1516"}],"wp:term":[{"taxonomy":"product_brand","embeddable":true,"href":"https:\/\/cormenpolska.pl\/index.php?rest_route=%2Fwp%2Fv2%2Fproduct_brand&post=1516"},{"taxonomy":"product_cat","embeddable":true,"href":"https:\/\/cormenpolska.pl\/index.php?rest_route=%2Fwp%2Fv2%2Fproduct_cat&post=1516"},{"taxonomy":"product_tag","embeddable":true,"href":"https:\/\/cormenpolska.pl\/index.php?rest_route=%2Fwp%2Fv2%2Fproduct_tag&post=1516"}],"curies":[{"name":"wp","href":"https:\/\/api.w.org\/{rel}","templated":true}]}}