{"id":1520,"date":"2022-05-03T19:08:16","date_gmt":"2022-05-03T19:08:16","guid":{"rendered":"https:\/\/cormenpolska.pl\/?post_type=product&#038;p=1520"},"modified":"2023-10-05T14:14:01","modified_gmt":"2023-10-05T14:14:01","slug":"cleamen-310-zelowy-do-wc-i-ceramiki-5-l","status":"publish","type":"product","link":"https:\/\/cormenpolska.pl\/?product=cleamen-310-zelowy-do-wc-i-ceramiki-5-l","title":{"rendered":"CLEAMEN 310 \u017celowy do WC i ceramiki 5 l"},"content":{"rendered":"<p>Nadaje si\u0119 do muszli klozetowych, pisuar\u00f3w, bidet\u00f3w, p\u0142ytek toaletowych. Przeznaczony do usuwania kamienia, osad\u00f3w moczu i mineralnych ze wszystkich cz\u0119\u015bci urz\u0105dze\u0144 sanitarnych. \u015arodka nale\u017cy u\u017cywa\u0107 w postaci nierozcie\u0144czonej, na\u0142o\u017cy\u0107 go na wewn\u0119trzn\u0105 \u015bcian\u0119 toalety, \u0142\u0105cznie z kraw\u0119dziami i pozostawi\u0107 na chwil\u0119, aby sp\u0142yn\u0105\u0142 po \u015bciankach. Nast\u0119pnie wyczy\u015bci\u0107 toalet\u0119 za pomoc\u0105 szczotki, \u0142\u0105cznie z cz\u0119\u015bci\u0105 zanurzon\u0105 w wodzie<br \/>\ni sp\u0142uka\u0107. Nie pozostawia\u0107 \u015brodka d\u0142u\u017cej ni\u017c przez 20 minut. Pozostawia przyjemny zapach czere\u015bni. Nie nadaje si\u0119 do powierzchni metalowych i nierdzewnych.<\/p>\n<p>pH koncentratu: 1<\/p>\n<p>DOST\u0118PNE OPAKOWANIA:<br \/>\n&#8211; ergonomiczna butelka z aplikatorem 750ml<br \/>\n&#8211; kanister 5L<\/p>\n","protected":false},"excerpt":{"rendered":"<p>Nadaje si\u0119 do muszli klozetowych, pisuar\u00f3w, bidet\u00f3w, p\u0142ytek toaletowych. Przeznaczony do usuwania kamienia, osad\u00f3w moczu i mineralnych ze wszystkich cz\u0119\u015bci urz\u0105dze\u0144 sanitarnych. \u015arodka nale\u017cy u\u017cywa\u0107 w postaci nierozcie\u0144czonej, na\u0142o\u017cy\u0107 go na wewn\u0119trzn\u0105 \u015bcian\u0119 toalety, \u0142\u0105cznie z kraw\u0119dziami i pozostawi\u0107 na &hellip; <a class=\"kt-excerpt-readmore more-link\" href=\"https:\/\/cormenpolska.pl\/?product=cleamen-310-zelowy-do-wc-i-ceramiki-5-l\">Czytaj wi\u0119cej<\/a><\/p>\n","protected":false},"featured_media":1889,"comment_status":"closed","ping_status":"closed","template":"","meta":{"inline_featured_image":false},"product_brand":[],"product_cat":[140],"product_tag":[],"class_list":{"0":"post-1520","1":"product","2":"type-product","3":"status-publish","4":"has-post-thumbnail","6":"product_cat-obszar-sanitarny","8":"first","9":"instock","10":"taxable","11":"shipping-taxable","12":"purchasable","13":"product-type-simple"},"_links":{"self":[{"href":"https:\/\/cormenpolska.pl\/index.php?rest_route=\/wp\/v2\/product\/1520","targetHints":{"allow":["GET"]}}],"collection":[{"href":"https:\/\/cormenpolska.pl\/index.php?rest_route=\/wp\/v2\/product"}],"about":[{"href":"https:\/\/cormenpolska.pl\/index.php?rest_route=\/wp\/v2\/types\/product"}],"replies":[{"embeddable":true,"href":"https:\/\/cormenpolska.pl\/index.php?rest_route=%2Fwp%2Fv2%2Fcomments&post=1520"}],"wp:featuredmedia":[{"embeddable":true,"href":"https:\/\/cormenpolska.pl\/index.php?rest_route=\/wp\/v2\/media\/1889"}],"wp:attachment":[{"href":"https:\/\/cormenpolska.pl\/index.php?rest_route=%2Fwp%2Fv2%2Fmedia&parent=1520"}],"wp:term":[{"taxonomy":"product_brand","embeddable":true,"href":"https:\/\/cormenpolska.pl\/index.php?rest_route=%2Fwp%2Fv2%2Fproduct_brand&post=1520"},{"taxonomy":"product_cat","embeddable":true,"href":"https:\/\/cormenpolska.pl\/index.php?rest_route=%2Fwp%2Fv2%2Fproduct_cat&post=1520"},{"taxonomy":"product_tag","embeddable":true,"href":"https:\/\/cormenpolska.pl\/index.php?rest_route=%2Fwp%2Fv2%2Fproduct_tag&post=1520"}],"curies":[{"name":"wp","href":"https:\/\/api.w.org\/{rel}","templated":true}]}}