{"id":1522,"date":"2022-05-03T19:08:16","date_gmt":"2022-05-03T19:08:16","guid":{"rendered":"https:\/\/cormenpolska.pl\/?post_type=product&#038;p=1522"},"modified":"2024-01-17T15:24:48","modified_gmt":"2024-01-17T15:24:48","slug":"cleamen-311-zasadowy-wc-750-ml","status":"publish","type":"product","link":"https:\/\/cormenpolska.pl\/?product=cleamen-311-zasadowy-wc-750-ml","title":{"rendered":"CLEAMEN 311 zasadowy WC 750 ml"},"content":{"rendered":"<p>Przeznaczony do muszli klozetowych, pisuar\u00f3w, bidet\u00f3w, wyposa\u017cenia toalet ze stali nierdzewnej i ceramiki. Bardzo wydajny \u015brodek czyszcz\u0105cy, kt\u00f3ry pozostawia toalet\u0119 b\u0142yszcz\u0105c\u0105. Aktywny chlor wspomaga szybki efekt czyszczenia powy\u017cej i poni\u017cej poziomu wody w muszli klozetowej. \u015arodka nale\u017cy u\u017cywa\u0107 w postaci nierozcie\u0144czonej, na\u0142o\u017cy\u0107 go na wewn\u0119trzn\u0105 \u015bcian\u0119 toalety, \u0142\u0105cznie z kraw\u0119dziami i pozostawi\u0107 na chwil\u0119, aby sp\u0142yn\u0105\u0142 po \u015bciankach. Nast\u0119pnie wyczy\u015bci\u0107 toalet\u0119 za pomoc\u0105 szczotki, \u0142\u0105cznie z cz\u0119\u015bci\u0105 zanurzon\u0105 w wodzie i sp\u0142uka\u0107. Nie nadaje si\u0119 do powierzchni aluminiowych.<\/p>\n<p>Pojemno\u015b\u0107:<br \/>\n&#8211; 750ml<br \/>\n&#8211; 5L<\/p>\n","protected":false},"excerpt":{"rendered":"<p>Przeznaczony do muszli klozetowych, pisuar\u00f3w, bidet\u00f3w, wyposa\u017cenia toalet ze stali nierdzewnej i ceramiki. Bardzo wydajny \u015brodek czyszcz\u0105cy, kt\u00f3ry pozostawia toalet\u0119 b\u0142yszcz\u0105c\u0105. Aktywny chlor wspomaga szybki efekt czyszczenia powy\u017cej i poni\u017cej poziomu wody w muszli klozetowej. \u015arodka nale\u017cy u\u017cywa\u0107 w postaci &hellip; <a class=\"kt-excerpt-readmore more-link\" href=\"https:\/\/cormenpolska.pl\/?product=cleamen-311-zasadowy-wc-750-ml\">Czytaj wi\u0119cej<\/a><\/p>\n","protected":false},"featured_media":1890,"comment_status":"closed","ping_status":"closed","template":"","meta":{"inline_featured_image":false},"product_brand":[],"product_cat":[140],"product_tag":[],"class_list":{"0":"post-1522","1":"product","2":"type-product","3":"status-publish","4":"has-post-thumbnail","6":"product_cat-obszar-sanitarny","8":"first","9":"instock","10":"taxable","11":"shipping-taxable","12":"purchasable","13":"product-type-simple"},"_links":{"self":[{"href":"https:\/\/cormenpolska.pl\/index.php?rest_route=\/wp\/v2\/product\/1522","targetHints":{"allow":["GET"]}}],"collection":[{"href":"https:\/\/cormenpolska.pl\/index.php?rest_route=\/wp\/v2\/product"}],"about":[{"href":"https:\/\/cormenpolska.pl\/index.php?rest_route=\/wp\/v2\/types\/product"}],"replies":[{"embeddable":true,"href":"https:\/\/cormenpolska.pl\/index.php?rest_route=%2Fwp%2Fv2%2Fcomments&post=1522"}],"wp:featuredmedia":[{"embeddable":true,"href":"https:\/\/cormenpolska.pl\/index.php?rest_route=\/wp\/v2\/media\/1890"}],"wp:attachment":[{"href":"https:\/\/cormenpolska.pl\/index.php?rest_route=%2Fwp%2Fv2%2Fmedia&parent=1522"}],"wp:term":[{"taxonomy":"product_brand","embeddable":true,"href":"https:\/\/cormenpolska.pl\/index.php?rest_route=%2Fwp%2Fv2%2Fproduct_brand&post=1522"},{"taxonomy":"product_cat","embeddable":true,"href":"https:\/\/cormenpolska.pl\/index.php?rest_route=%2Fwp%2Fv2%2Fproduct_cat&post=1522"},{"taxonomy":"product_tag","embeddable":true,"href":"https:\/\/cormenpolska.pl\/index.php?rest_route=%2Fwp%2Fv2%2Fproduct_tag&post=1522"}],"curies":[{"name":"wp","href":"https:\/\/api.w.org\/{rel}","templated":true}]}}