{"id":1525,"date":"2022-05-03T19:08:16","date_gmt":"2022-05-03T19:08:16","guid":{"rendered":"https:\/\/cormenpolska.pl\/?post_type=product&#038;p=1525"},"modified":"2024-01-17T15:37:49","modified_gmt":"2024-01-17T15:37:49","slug":"cleamen-320-deo-higieniczne-tabletki-do-pisuarow-15-kg","status":"publish","type":"product","link":"https:\/\/cormenpolska.pl\/?product=cleamen-320-deo-higieniczne-tabletki-do-pisuarow-15-kg","title":{"rendered":"CLEAMEN 320 DEO higieniczne tabletki do pisuar\u00f3w 1,5 kg"},"content":{"rendered":"<p>Odpowiedni do wszystkich rodzaj\u00f3w pisuar\u00f3w. \u015arodek czyszcz\u0105cy i zapachowy s\u0142u\u017cy do aromatyzowania toalet i zapobiega tworzeniu si\u0119 osad\u00f3w kamienia i moczu. Ma posta\u0107 kostek, kt\u00f3re s\u0105 wk\u0142adane (2-5 sztuk) bezpo\u015brednio do pisuaru z perforowanym dnem lub do siatki umieszczonej w dolnej cz\u0119\u015bci pisuaru. Przeznaczony do u\u017cytku w publicznych toaletach i miejscach o du\u017cym nat\u0119\u017ceniu ruchu.<\/p>\n<p>Opakowanie zawiera 48 sztuk<\/p>\n","protected":false},"excerpt":{"rendered":"<p>Odpowiedni do wszystkich rodzaj\u00f3w pisuar\u00f3w. \u015arodek czyszcz\u0105cy i zapachowy s\u0142u\u017cy do aromatyzowania toalet i zapobiega tworzeniu si\u0119 osad\u00f3w kamienia i moczu. Ma posta\u0107 kostek, kt\u00f3re s\u0105 wk\u0142adane (2-5 sztuk) bezpo\u015brednio do pisuaru z perforowanym dnem lub do siatki umieszczonej w &hellip; <a class=\"kt-excerpt-readmore more-link\" href=\"https:\/\/cormenpolska.pl\/?product=cleamen-320-deo-higieniczne-tabletki-do-pisuarow-15-kg\">Czytaj wi\u0119cej<\/a><\/p>\n","protected":false},"featured_media":1892,"comment_status":"closed","ping_status":"closed","template":"","meta":{"inline_featured_image":false},"product_brand":[],"product_cat":[140],"product_tag":[],"class_list":{"0":"post-1525","1":"product","2":"type-product","3":"status-publish","4":"has-post-thumbnail","6":"product_cat-obszar-sanitarny","8":"first","9":"instock","10":"taxable","11":"shipping-taxable","12":"purchasable","13":"product-type-simple"},"_links":{"self":[{"href":"https:\/\/cormenpolska.pl\/index.php?rest_route=\/wp\/v2\/product\/1525","targetHints":{"allow":["GET"]}}],"collection":[{"href":"https:\/\/cormenpolska.pl\/index.php?rest_route=\/wp\/v2\/product"}],"about":[{"href":"https:\/\/cormenpolska.pl\/index.php?rest_route=\/wp\/v2\/types\/product"}],"replies":[{"embeddable":true,"href":"https:\/\/cormenpolska.pl\/index.php?rest_route=%2Fwp%2Fv2%2Fcomments&post=1525"}],"wp:featuredmedia":[{"embeddable":true,"href":"https:\/\/cormenpolska.pl\/index.php?rest_route=\/wp\/v2\/media\/1892"}],"wp:attachment":[{"href":"https:\/\/cormenpolska.pl\/index.php?rest_route=%2Fwp%2Fv2%2Fmedia&parent=1525"}],"wp:term":[{"taxonomy":"product_brand","embeddable":true,"href":"https:\/\/cormenpolska.pl\/index.php?rest_route=%2Fwp%2Fv2%2Fproduct_brand&post=1525"},{"taxonomy":"product_cat","embeddable":true,"href":"https:\/\/cormenpolska.pl\/index.php?rest_route=%2Fwp%2Fv2%2Fproduct_cat&post=1525"},{"taxonomy":"product_tag","embeddable":true,"href":"https:\/\/cormenpolska.pl\/index.php?rest_route=%2Fwp%2Fv2%2Fproduct_tag&post=1525"}],"curies":[{"name":"wp","href":"https:\/\/api.w.org\/{rel}","templated":true}]}}