{"id":1527,"date":"2022-05-03T19:08:17","date_gmt":"2022-05-03T19:08:17","guid":{"rendered":"https:\/\/cormenpolska.pl\/?post_type=product&#038;p=1527"},"modified":"2025-01-07T08:22:51","modified_gmt":"2025-01-07T08:22:51","slug":"cleamen-322-tabletki-do-pisuarow-12-szt-sitko-12-szt","status":"publish","type":"product","link":"https:\/\/cormenpolska.pl\/?product=cleamen-322-tabletki-do-pisuarow-12-szt-sitko-12-szt","title":{"rendered":"CLEAMEN 322 Tabletki do pisuar\u00f3w 12 szt. + sitko 1 szt."},"content":{"rendered":"<p>Odpowiedni do wszystkich rodzaj\u00f3w pisuar\u00f3w. Czyszcz\u0105ce i aromatyzuj\u0105ce tabletki nowej generacji przeznaczone do pisuaru. Ich zalet\u0105 jest zasada biologicznej degradacji zanieczyszcze\u0144, podczas kt\u00f3rej po nawil\u017ceniu aktywuj\u0105 si\u0119 enzymy, mobilizuj\u0105ce metabolizm niepatogenicznych bakterii eliminuj\u0105cych zanieczyszczenia, osady i brud. Eliminuje to mo\u017cliwo\u015b\u0107 powstania nieprzyjemnego zapachu i zapobiega tworzeniu si\u0119 osad\u00f3w kamienia i moczu. Delikatny zapach s\u0142u\u017cy do aromatyzowania ca\u0142ej toalety. S\u0105 idealne do obiekt\u00f3w z biologicznymi oczyszczalniami \u015bciek\u00f3w.<\/p>\n<p>Tabletki s\u0105 dost\u0119pne w 2 wariantach:<br \/>\n&#8211; Sitko do pisuaru z tabletk\u0105 enzymatyczn\u0105<br \/>\n&#8211; Tabletki do pisuaru 12 szt. pakowane w wiaderku z pojedynczym sitkiem aplikacyjnym.<\/p>\n","protected":false},"excerpt":{"rendered":"<p>Odpowiedni do wszystkich rodzaj\u00f3w pisuar\u00f3w. Czyszcz\u0105ce i aromatyzuj\u0105ce tabletki nowej generacji przeznaczone do pisuaru. Ich zalet\u0105 jest zasada biologicznej degradacji zanieczyszcze\u0144, podczas kt\u00f3rej po nawil\u017ceniu aktywuj\u0105 si\u0119 enzymy, mobilizuj\u0105ce metabolizm niepatogenicznych bakterii eliminuj\u0105cych zanieczyszczenia, osady i brud. Eliminuje to mo\u017cliwo\u015b\u0107 &hellip; <a class=\"kt-excerpt-readmore more-link\" href=\"https:\/\/cormenpolska.pl\/?product=cleamen-322-tabletki-do-pisuarow-12-szt-sitko-12-szt\">Czytaj wi\u0119cej<\/a><\/p>\n","protected":false},"featured_media":1893,"comment_status":"closed","ping_status":"closed","template":"","meta":{"inline_featured_image":false},"product_brand":[],"product_cat":[140],"product_tag":[],"class_list":{"0":"post-1527","1":"product","2":"type-product","3":"status-publish","4":"has-post-thumbnail","6":"product_cat-obszar-sanitarny","8":"first","9":"instock","10":"taxable","11":"shipping-taxable","12":"purchasable","13":"product-type-simple"},"_links":{"self":[{"href":"https:\/\/cormenpolska.pl\/index.php?rest_route=\/wp\/v2\/product\/1527","targetHints":{"allow":["GET"]}}],"collection":[{"href":"https:\/\/cormenpolska.pl\/index.php?rest_route=\/wp\/v2\/product"}],"about":[{"href":"https:\/\/cormenpolska.pl\/index.php?rest_route=\/wp\/v2\/types\/product"}],"replies":[{"embeddable":true,"href":"https:\/\/cormenpolska.pl\/index.php?rest_route=%2Fwp%2Fv2%2Fcomments&post=1527"}],"wp:featuredmedia":[{"embeddable":true,"href":"https:\/\/cormenpolska.pl\/index.php?rest_route=\/wp\/v2\/media\/1893"}],"wp:attachment":[{"href":"https:\/\/cormenpolska.pl\/index.php?rest_route=%2Fwp%2Fv2%2Fmedia&parent=1527"}],"wp:term":[{"taxonomy":"product_brand","embeddable":true,"href":"https:\/\/cormenpolska.pl\/index.php?rest_route=%2Fwp%2Fv2%2Fproduct_brand&post=1527"},{"taxonomy":"product_cat","embeddable":true,"href":"https:\/\/cormenpolska.pl\/index.php?rest_route=%2Fwp%2Fv2%2Fproduct_cat&post=1527"},{"taxonomy":"product_tag","embeddable":true,"href":"https:\/\/cormenpolska.pl\/index.php?rest_route=%2Fwp%2Fv2%2Fproduct_tag&post=1527"}],"curies":[{"name":"wp","href":"https:\/\/api.w.org\/{rel}","templated":true}]}}