{"id":1532,"date":"2022-05-03T19:08:17","date_gmt":"2022-05-03T19:08:17","guid":{"rendered":"https:\/\/cormenpolska.pl\/?post_type=product&#038;p=1532"},"modified":"2024-07-24T11:49:54","modified_gmt":"2024-07-24T11:49:54","slug":"cleamen-410-lazienki-z-polyskiem-1-l-2","status":"publish","type":"product","link":"https:\/\/cormenpolska.pl\/?product=cleamen-410-lazienki-z-polyskiem-1-l-2","title":{"rendered":"CLEAMEN 410 \u0142azienki z po\u0142yskiem 1 l"},"content":{"rendered":"<p>Nadaje si\u0119 do p\u0142ytek, umywalek, wanien, kabin prysznicowych, baterii, zewn\u0119trznych cz\u0119\u015bci muszli klozetowych, wanien akrylowych i\u00a0element\u00f3w plastikowych. \u015arodek przeznaczony do czyszczenia powierzchni sanitarnych, \u0142atwo usuwa plamy i\u00a0osady kamienia. Nanosi\u0107 za pomoc\u0105 rozpylacza piankowego na powierzchnie, rozprowadzi\u0107 g\u0105bk\u0105 lub \u015bciereczk\u0105 z\u00a0mikrofibry, a\u00a0nast\u0119pnie dok\u0142adnie sp\u0142uka\u0107 powierzchni\u0119 czyst\u0105 wod\u0105. Do usuwania wi\u0119kszej warstwy kamienia u\u017cywa\u0107 g\u0105bki z\u00a0padem \u015bciernym lub delikatnej szczoteczki. Pozostawi\u0107 \u015brodek na powierzchni na maksymalnie 10 minut do zaschni\u0119cia, a\u00a0w przypadku wi\u0119kszego zabrudzenia powt\u00f3rzy\u0107 proces kilka razy. Nie nadaje si\u0119 do powierzchni, kt\u00f3re nie s\u0105 odporne na kwasy.<\/p>\n<p>Do codziennego czyszczenia mo\u017cna u\u017cy\u0107 rozcie\u0144czonego produktu,<\/p>\n<table border=\"0\" cellspacing=\"0\" cellpadding=\"0\">\n<tbody>\n<tr>\n<td colspan=\"4\">dawkowanie wska\u017anik zanieczyszczenia<\/td>\n<\/tr>\n<tr>\n<td><\/td>\n<td>\u25cf<\/td>\n<td>\u25cf\u25cf<\/td>\n<td>\u25cf\u25cf\u25cf<\/td>\n<\/tr>\n<tr>\n<td>1 litr<\/td>\n<td>250<\/td>\n<td>500<\/td>\n<td>koncentrat<\/td>\n<\/tr>\n<tr>\n<td>pH roztworu<\/td>\n<td>2,3<\/td>\n<td>2,3<\/td>\n<td>2<\/td>\n<\/tr>\n<\/tbody>\n<\/table>\n<p>pH koncentratu: 2<\/p>\n<p>Dost\u0119pne opakowania:<br \/>\n&#8211; butelka 1L<br \/>\n&#8211; kanister 5L<\/p>\n","protected":false},"excerpt":{"rendered":"<p>Nadaje si\u0119 do p\u0142ytek, umywalek, wanien, kabin prysznicowych, baterii, zewn\u0119trznych cz\u0119\u015bci muszli klozetowych, wanien akrylowych i\u00a0element\u00f3w plastikowych. \u015arodek przeznaczony do czyszczenia powierzchni sanitarnych, \u0142atwo usuwa plamy i\u00a0osady kamienia. Nanosi\u0107 za pomoc\u0105 rozpylacza piankowego na powierzchnie, rozprowadzi\u0107 g\u0105bk\u0105 lub \u015bciereczk\u0105 z\u00a0mikrofibry, &hellip; <a class=\"kt-excerpt-readmore more-link\" href=\"https:\/\/cormenpolska.pl\/?product=cleamen-410-lazienki-z-polyskiem-1-l-2\">Czytaj wi\u0119cej<\/a><\/p>\n","protected":false},"featured_media":1896,"comment_status":"closed","ping_status":"closed","template":"","meta":{"inline_featured_image":false},"product_brand":[],"product_cat":[141],"product_tag":[],"class_list":{"0":"post-1532","1":"product","2":"type-product","3":"status-publish","4":"has-post-thumbnail","6":"product_cat-obszar-lazienek","8":"first","9":"instock","10":"featured","11":"taxable","12":"shipping-taxable","13":"purchasable","14":"product-type-simple"},"_links":{"self":[{"href":"https:\/\/cormenpolska.pl\/index.php?rest_route=\/wp\/v2\/product\/1532","targetHints":{"allow":["GET"]}}],"collection":[{"href":"https:\/\/cormenpolska.pl\/index.php?rest_route=\/wp\/v2\/product"}],"about":[{"href":"https:\/\/cormenpolska.pl\/index.php?rest_route=\/wp\/v2\/types\/product"}],"replies":[{"embeddable":true,"href":"https:\/\/cormenpolska.pl\/index.php?rest_route=%2Fwp%2Fv2%2Fcomments&post=1532"}],"wp:featuredmedia":[{"embeddable":true,"href":"https:\/\/cormenpolska.pl\/index.php?rest_route=\/wp\/v2\/media\/1896"}],"wp:attachment":[{"href":"https:\/\/cormenpolska.pl\/index.php?rest_route=%2Fwp%2Fv2%2Fmedia&parent=1532"}],"wp:term":[{"taxonomy":"product_brand","embeddable":true,"href":"https:\/\/cormenpolska.pl\/index.php?rest_route=%2Fwp%2Fv2%2Fproduct_brand&post=1532"},{"taxonomy":"product_cat","embeddable":true,"href":"https:\/\/cormenpolska.pl\/index.php?rest_route=%2Fwp%2Fv2%2Fproduct_cat&post=1532"},{"taxonomy":"product_tag","embeddable":true,"href":"https:\/\/cormenpolska.pl\/index.php?rest_route=%2Fwp%2Fv2%2Fproduct_tag&post=1532"}],"curies":[{"name":"wp","href":"https:\/\/api.w.org\/{rel}","templated":true}]}}