{"id":1539,"date":"2022-05-03T19:08:18","date_gmt":"2022-05-03T19:08:18","guid":{"rendered":"https:\/\/cormenpolska.pl\/?post_type=product&#038;p=1539"},"modified":"2024-01-17T13:52:10","modified_gmt":"2024-01-17T13:52:10","slug":"cleamen-450-zelowy-odkamieniacz-powierzchni-5-l","status":"publish","type":"product","link":"https:\/\/cormenpolska.pl\/?product=cleamen-450-zelowy-odkamieniacz-powierzchni-5-l","title":{"rendered":"CLEAMEN 450 \u017celowy odkamieniacz powierzchni 5 l"},"content":{"rendered":"<p>Nadaje si\u0119 do basen\u00f3w, prysznic\u00f3w, toalet, \u0142a\u017ani i\u00a0zak\u0142ad\u00f3w przemys\u0142owych. \u015arodek jest przeznaczony do usuwania osad\u00f3w wapiennych i\u00a0kamienia ze wszystkich twardych, niech\u0142onnych, kwasoodpornych powierzchni, w\u00a0szczeg\u00f3lno\u015bci p\u0142ytek ceramicznych i\u00a0bruk\u00f3w. \u015arodek nanie\u015b\u0107 w\u00a0zalecanym st\u0119\u017ceniu na oczyszczon\u0105 powierzchni\u0119 i\u00a0pozwoli\u0107 mu pracowa\u0107 przez 5\u00a0\u2013 15 minut. Przy u\u017cyciu szczotki lub pada usun\u0105\u0107 uwolniony brud i\u00a0sp\u0142uka\u0107. Proces powtarza\u0107 do ca\u0142kowitego usuni\u0119cia kamienia. Zapewni\u0107 odpowiedni\u0105 wentylacj\u0119 podczas pracy, ograniczy\u0107 przebywanie w\u00a0pomieszczeniu i\u00a0nie wdycha\u0107 opar\u00f3w! Nie nadaje si\u0119 do marmuru, wapienia, naturalnego l\u015bni\u0105cego kamienia, laminatu, aluminium, chromu, stali nierdzewnej i\u00a0drewna.<\/p>\n<table border=\"0\" cellspacing=\"0\" cellpadding=\"0\">\n<tbody>\n<tr>\n<td rowspan=\"2\">dozowanie<\/td>\n<td colspan=\"3\">Wska\u017anik zanieczyszczenia<\/td>\n<\/tr>\n<tr>\n<td>s\u0142aby<\/td>\n<td>\u015bredni<\/td>\n<td>mocny<\/td>\n<\/tr>\n<tr>\n<td>\u017cel stosowane padem, g\u0105bk\u0105<\/td>\n<td><\/td>\n<td><\/td>\n<td>koncentrat<\/td>\n<\/tr>\n<tr>\n<td>pH roztworu<\/td>\n<td><\/td>\n<td><\/td>\n<td>0,5<\/td>\n<\/tr>\n<tr>\n<td>1 L\u00a0dozownik piany<\/td>\n<td>150<\/td>\n<td>250<\/td>\n<td>500<\/td>\n<\/tr>\n<tr>\n<td>pH roztworu<\/td>\n<td>0,9<\/td>\n<td>0,7<\/td>\n<td>0,5<\/td>\n<\/tr>\n<tr>\n<td>10 L\u00a0wiadro<\/td>\n<td>100<\/td>\n<td>200<\/td>\n<td><\/td>\n<\/tr>\n<tr>\n<td>pH roztworu<\/td>\n<td>1,7<\/td>\n<td>1,5<\/td>\n<td><\/td>\n<\/tr>\n<\/tbody>\n<\/table>\n<p>pH koncentratu: 0,5<\/p>\n<p>Nie stosowa\u0107 na powierzchnie wapienne \/terasco, marmur, piaskowiec\/ kamie\u0144 sztuczny,polerowany.<br \/>\nNie stosowa\u0107 na aluminium, drzewo, laminat.<br \/>\nNie jest odpowiedni na stal nierdzewn\u0105 \/ciemnieje\/ i\u00a0cze\u015bci z\u00a0chromu, miejsca w\u00a0kt\u00f3rych przebiega\u0142a reakacja nale\u017cy op\u0142uka\u0107 wod\u0105<\/p>\n<p>DOST\u0118PNE OPAKOWANIA:<br \/>\n&#8211;\u00a0kanister 5L<\/p>\n","protected":false},"excerpt":{"rendered":"<p>Nadaje si\u0119 do basen\u00f3w, prysznic\u00f3w, toalet, \u0142a\u017ani i\u00a0zak\u0142ad\u00f3w przemys\u0142owych. \u015arodek jest przeznaczony do usuwania osad\u00f3w wapiennych i\u00a0kamienia ze wszystkich twardych, niech\u0142onnych, kwasoodpornych powierzchni, w\u00a0szczeg\u00f3lno\u015bci p\u0142ytek ceramicznych i\u00a0bruk\u00f3w. \u015arodek nanie\u015b\u0107 w\u00a0zalecanym st\u0119\u017ceniu na oczyszczon\u0105 powierzchni\u0119 i\u00a0pozwoli\u0107 mu pracowa\u0107 przez 5\u00a0\u2013 15 &hellip; <a class=\"kt-excerpt-readmore more-link\" href=\"https:\/\/cormenpolska.pl\/?product=cleamen-450-zelowy-odkamieniacz-powierzchni-5-l\">Czytaj wi\u0119cej<\/a><\/p>\n","protected":false},"featured_media":1900,"comment_status":"closed","ping_status":"closed","template":"","meta":{"inline_featured_image":false},"product_brand":[],"product_cat":[141],"product_tag":[],"class_list":{"0":"post-1539","1":"product","2":"type-product","3":"status-publish","4":"has-post-thumbnail","6":"product_cat-obszar-lazienek","8":"first","9":"onbackorder","10":"taxable","11":"shipping-taxable","12":"purchasable","13":"product-type-simple"},"_links":{"self":[{"href":"https:\/\/cormenpolska.pl\/index.php?rest_route=\/wp\/v2\/product\/1539","targetHints":{"allow":["GET"]}}],"collection":[{"href":"https:\/\/cormenpolska.pl\/index.php?rest_route=\/wp\/v2\/product"}],"about":[{"href":"https:\/\/cormenpolska.pl\/index.php?rest_route=\/wp\/v2\/types\/product"}],"replies":[{"embeddable":true,"href":"https:\/\/cormenpolska.pl\/index.php?rest_route=%2Fwp%2Fv2%2Fcomments&post=1539"}],"wp:featuredmedia":[{"embeddable":true,"href":"https:\/\/cormenpolska.pl\/index.php?rest_route=\/wp\/v2\/media\/1900"}],"wp:attachment":[{"href":"https:\/\/cormenpolska.pl\/index.php?rest_route=%2Fwp%2Fv2%2Fmedia&parent=1539"}],"wp:term":[{"taxonomy":"product_brand","embeddable":true,"href":"https:\/\/cormenpolska.pl\/index.php?rest_route=%2Fwp%2Fv2%2Fproduct_brand&post=1539"},{"taxonomy":"product_cat","embeddable":true,"href":"https:\/\/cormenpolska.pl\/index.php?rest_route=%2Fwp%2Fv2%2Fproduct_cat&post=1539"},{"taxonomy":"product_tag","embeddable":true,"href":"https:\/\/cormenpolska.pl\/index.php?rest_route=%2Fwp%2Fv2%2Fproduct_tag&post=1539"}],"curies":[{"name":"wp","href":"https:\/\/api.w.org\/{rel}","templated":true}]}}