{"id":1542,"date":"2022-05-03T19:08:18","date_gmt":"2022-05-03T19:08:18","guid":{"rendered":"https:\/\/cormenpolska.pl\/?post_type=product&#038;p=1542"},"modified":"2023-02-06T14:42:02","modified_gmt":"2023-02-06T14:42:02","slug":"cleamen-451-zelowy-odkamieniacz-do-powierzchni-i-urzadzen-6-kg","status":"publish","type":"product","link":"https:\/\/cormenpolska.pl\/?product=cleamen-451-zelowy-odkamieniacz-do-powierzchni-i-urzadzen-6-kg","title":{"rendered":"CLEAMEN 451 \u017celowy odkamieniacz do powierzchni i urz\u0105dze\u0144 6 kg"},"content":{"rendered":"<p>Odpowiedni do zmywarek naczy\u0144, baterii i\u00a0wyposa\u017cenia basen\u00f3w. Nadaje si\u0119 do odkamieniania urz\u0105dze\u0144 technologicznych, takich jak zmywarki do naczy\u0144, baterie, pralki, garnki, powierzchnie ze stali nierdzewnej. \u015arodek jest przeznaczony do odkamieniania urz\u0105dze\u0144 metalowych, eliminuje problematyczne osady i\u00a0pozostawia powierzchnie w\u00a0czysto\u015bci. Dzi\u0119ki zawarto\u015bci materia\u0142\u00f3w antykorozyjnych nie narusza metalowych powierzchni. Do okamienienia pralek i\u00a0zmywarek nale\u017cy rozcie\u0144czy\u0107 wod\u0105 zgodnie z\u00a0instrukcj\u0105 urz\u0105dzenia (zwykle oko\u0142o 2\u00a0litry CLEAMEN 451 dla przeci\u0119tnej zmywarki) i\u00a0w\u0142\u0105czy\u0107 proces mycia w\u00a0temperaturze do 60 \u00b0 C\u00a0z dok\u0142adnym p\u0142ukaniem. Ma\u0142e przedmioty zanurzy\u0107 w\u00a0roztworze w\u00a0proporcji 200-300 ml \/\u00a0litr wody, pozostawi\u0107 na oko\u0142o 10 minut, po czym mechanicznie usun\u0105\u0107 uwolnione zabrudzenia za pomoc\u0105 szczotki lub padu. Nast\u0119pnie op\u0142uka\u0107 czyst\u0105 wod\u0105. W\u00a0przypadku silniejszych zanieczyszcze\u0144, powt\u00f3rzy\u0107 proces kilka razy. Nie nadaje si\u0119 do materia\u0142\u00f3w nieodpornych na kwasy.<\/p>\n<p>Przed dozowaniem wypr\u00f3bowa\u0107 czy koncentart nie zmienia wygl\u0105du metalowej powierzchni urz\u0105dzenia, st\u0119zenie w\u00a0tym przypadku zmniejszy\u0107.<br \/>\nNie stosowa\u0107 na powierzchnie wapienne\/teraco, marmur, piaskowiec\/, polerowany i\u00a0sztuczny kamie\u0144, polerowane p\u0142ytki, drzewo, laminat i\u00a0inne materia\u0142y kwasoodporne.<\/p>\n<table border=\"0\" cellspacing=\"0\" cellpadding=\"0\">\n<tbody>\n<tr>\n<td rowspan=\"2\">dozowanie<\/td>\n<td colspan=\"3\">Wska\u017anik zanieczyszczenia<\/td>\n<\/tr>\n<tr>\n<td>s\u0142aby<\/td>\n<td>\u015bredni<\/td>\n<td>mocny<\/td>\n<\/tr>\n<tr>\n<td>ml\/1 litr<\/td>\n<td>50<\/td>\n<td>150<\/td>\n<td>300<\/td>\n<\/tr>\n<tr>\n<td>pH roztworu<\/td>\n<td>2,3<\/td>\n<td>2,3<\/td>\n<td>2<\/td>\n<\/tr>\n<\/tbody>\n<\/table>\n<p>pH koncentratu: 1<\/p>\n<p>DOST\u0118PNE OPAKOWANIA:<br \/>\n&#8211;\u00a0kanister 6L<br \/>\n&#8211; butelka 1,2L<\/p>\n","protected":false},"excerpt":{"rendered":"<p>Odpowiedni do zmywarek naczy\u0144, baterii i\u00a0wyposa\u017cenia basen\u00f3w. Nadaje si\u0119 do odkamieniania urz\u0105dze\u0144 technologicznych, takich jak zmywarki do naczy\u0144, baterie, pralki, garnki, powierzchnie ze stali nierdzewnej. \u015arodek jest przeznaczony do odkamieniania urz\u0105dze\u0144 metalowych, eliminuje problematyczne osady i\u00a0pozostawia powierzchnie w\u00a0czysto\u015bci. Dzi\u0119ki zawarto\u015bci &hellip; <a class=\"kt-excerpt-readmore more-link\" href=\"https:\/\/cormenpolska.pl\/?product=cleamen-451-zelowy-odkamieniacz-do-powierzchni-i-urzadzen-6-kg\">Czytaj wi\u0119cej<\/a><\/p>\n","protected":false},"featured_media":1902,"comment_status":"closed","ping_status":"closed","template":"","meta":{"inline_featured_image":false},"product_brand":[],"product_cat":[141],"product_tag":[],"class_list":{"0":"post-1542","1":"product","2":"type-product","3":"status-publish","4":"has-post-thumbnail","6":"product_cat-obszar-lazienek","8":"first","9":"instock","10":"taxable","11":"shipping-taxable","12":"purchasable","13":"product-type-simple"},"_links":{"self":[{"href":"https:\/\/cormenpolska.pl\/index.php?rest_route=\/wp\/v2\/product\/1542","targetHints":{"allow":["GET"]}}],"collection":[{"href":"https:\/\/cormenpolska.pl\/index.php?rest_route=\/wp\/v2\/product"}],"about":[{"href":"https:\/\/cormenpolska.pl\/index.php?rest_route=\/wp\/v2\/types\/product"}],"replies":[{"embeddable":true,"href":"https:\/\/cormenpolska.pl\/index.php?rest_route=%2Fwp%2Fv2%2Fcomments&post=1542"}],"wp:featuredmedia":[{"embeddable":true,"href":"https:\/\/cormenpolska.pl\/index.php?rest_route=\/wp\/v2\/media\/1902"}],"wp:attachment":[{"href":"https:\/\/cormenpolska.pl\/index.php?rest_route=%2Fwp%2Fv2%2Fmedia&parent=1542"}],"wp:term":[{"taxonomy":"product_brand","embeddable":true,"href":"https:\/\/cormenpolska.pl\/index.php?rest_route=%2Fwp%2Fv2%2Fproduct_brand&post=1542"},{"taxonomy":"product_cat","embeddable":true,"href":"https:\/\/cormenpolska.pl\/index.php?rest_route=%2Fwp%2Fv2%2Fproduct_cat&post=1542"},{"taxonomy":"product_tag","embeddable":true,"href":"https:\/\/cormenpolska.pl\/index.php?rest_route=%2Fwp%2Fv2%2Fproduct_tag&post=1542"}],"curies":[{"name":"wp","href":"https:\/\/api.w.org\/{rel}","templated":true}]}}