{"id":1552,"date":"2022-05-03T19:08:19","date_gmt":"2022-05-03T19:08:19","guid":{"rendered":"https:\/\/cormenpolska.pl\/?post_type=product&#038;p=1552"},"modified":"2023-04-02T12:11:04","modified_gmt":"2023-04-02T12:11:04","slug":"aplikacyjna-butelka-do-rozcienczania-1-l-12-szt","status":"publish","type":"product","link":"https:\/\/cormenpolska.pl\/?product=aplikacyjna-butelka-do-rozcienczania-1-l-12-szt","title":{"rendered":"Aplikacyjna butelka do rozcie\u0144czania 1 l 12 szt."},"content":{"rendered":"<p>W komplecie 12 sztuk + etykiety, mazak, folia przez kt\u00f3r\u0105 nie zmyj\u0105 si\u0119 odr\u0119czne notatki informuj\u0105ce o u\u017cywanym \u015brodku.Dodatkowo mo\u017cna dokupi\u0107 r\u00f3\u017cne \u015brodki do dozowania.<\/p>\n","protected":false},"excerpt":{"rendered":"<p>W komplecie 12 sztuk + etykiety, mazak, folia przez kt\u00f3r\u0105 nie zmyj\u0105 si\u0119 odr\u0119czne notatki informuj\u0105ce o u\u017cywanym \u015brodku.Dodatkowo mo\u017cna dokupi\u0107 r\u00f3\u017cne \u015brodki do dozowania.<\/p>\n","protected":false},"featured_media":2872,"comment_status":"closed","ping_status":"closed","template":"","meta":{"inline_featured_image":false},"product_brand":[],"product_cat":[155],"product_tag":[],"class_list":{"0":"post-1552","1":"product","2":"type-product","3":"status-publish","4":"has-post-thumbnail","6":"product_cat-akcesoria-do-nanoszenia-i-dozowania","8":"first","9":"instock","10":"taxable","11":"shipping-taxable","12":"purchasable","13":"product-type-simple"},"_links":{"self":[{"href":"https:\/\/cormenpolska.pl\/index.php?rest_route=\/wp\/v2\/product\/1552","targetHints":{"allow":["GET"]}}],"collection":[{"href":"https:\/\/cormenpolska.pl\/index.php?rest_route=\/wp\/v2\/product"}],"about":[{"href":"https:\/\/cormenpolska.pl\/index.php?rest_route=\/wp\/v2\/types\/product"}],"replies":[{"embeddable":true,"href":"https:\/\/cormenpolska.pl\/index.php?rest_route=%2Fwp%2Fv2%2Fcomments&post=1552"}],"wp:featuredmedia":[{"embeddable":true,"href":"https:\/\/cormenpolska.pl\/index.php?rest_route=\/wp\/v2\/media\/2872"}],"wp:attachment":[{"href":"https:\/\/cormenpolska.pl\/index.php?rest_route=%2Fwp%2Fv2%2Fmedia&parent=1552"}],"wp:term":[{"taxonomy":"product_brand","embeddable":true,"href":"https:\/\/cormenpolska.pl\/index.php?rest_route=%2Fwp%2Fv2%2Fproduct_brand&post=1552"},{"taxonomy":"product_cat","embeddable":true,"href":"https:\/\/cormenpolska.pl\/index.php?rest_route=%2Fwp%2Fv2%2Fproduct_cat&post=1552"},{"taxonomy":"product_tag","embeddable":true,"href":"https:\/\/cormenpolska.pl\/index.php?rest_route=%2Fwp%2Fv2%2Fproduct_tag&post=1552"}],"curies":[{"name":"wp","href":"https:\/\/api.w.org\/{rel}","templated":true}]}}