{"id":1558,"date":"2022-05-03T19:08:19","date_gmt":"2022-05-03T19:08:19","guid":{"rendered":"https:\/\/cormenpolska.pl\/?post_type=product&#038;p=1558"},"modified":"2024-01-17T13:40:58","modified_gmt":"2024-01-17T13:40:58","slug":"cleamen-cisnieniowy-opryskiwacz-codzienny","status":"publish","type":"product","link":"https:\/\/cormenpolska.pl\/?product=cleamen-cisnieniowy-opryskiwacz-codzienny","title":{"rendered":"CLEAMEN ci\u015bnieniowy opryskiwacz &#8211; codzienny"},"content":{"rendered":"<p>Przeznaczony do roztwor\u00f3w PH neutralnym i kwa\u015bnym. Pojemno\u015b\u0107 1,5 litra pracuje przy ci\u015bnieniu 3 bar\u00f3w. Jest wyposa\u017cony w ci\u015bnieniowy i odpowietrzaj\u0105cy wentyl, regulacja ci\u015bnienia w dyszy.<\/p>\n","protected":false},"excerpt":{"rendered":"<p>Przeznaczony do roztwor\u00f3w PH neutralnym i kwa\u015bnym. Pojemno\u015b\u0107 1,5 litra pracuje przy ci\u015bnieniu 3 bar\u00f3w. Jest wyposa\u017cony w ci\u015bnieniowy i odpowietrzaj\u0105cy wentyl, regulacja ci\u015bnienia w dyszy.<\/p>\n","protected":false},"featured_media":2878,"comment_status":"closed","ping_status":"closed","template":"","meta":{"inline_featured_image":false},"product_brand":[],"product_cat":[155],"product_tag":[],"class_list":{"0":"post-1558","1":"product","2":"type-product","3":"status-publish","4":"has-post-thumbnail","6":"product_cat-akcesoria-do-nanoszenia-i-dozowania","8":"first","9":"onbackorder","10":"taxable","11":"shipping-taxable","12":"purchasable","13":"product-type-simple"},"_links":{"self":[{"href":"https:\/\/cormenpolska.pl\/index.php?rest_route=\/wp\/v2\/product\/1558","targetHints":{"allow":["GET"]}}],"collection":[{"href":"https:\/\/cormenpolska.pl\/index.php?rest_route=\/wp\/v2\/product"}],"about":[{"href":"https:\/\/cormenpolska.pl\/index.php?rest_route=\/wp\/v2\/types\/product"}],"replies":[{"embeddable":true,"href":"https:\/\/cormenpolska.pl\/index.php?rest_route=%2Fwp%2Fv2%2Fcomments&post=1558"}],"wp:featuredmedia":[{"embeddable":true,"href":"https:\/\/cormenpolska.pl\/index.php?rest_route=\/wp\/v2\/media\/2878"}],"wp:attachment":[{"href":"https:\/\/cormenpolska.pl\/index.php?rest_route=%2Fwp%2Fv2%2Fmedia&parent=1558"}],"wp:term":[{"taxonomy":"product_brand","embeddable":true,"href":"https:\/\/cormenpolska.pl\/index.php?rest_route=%2Fwp%2Fv2%2Fproduct_brand&post=1558"},{"taxonomy":"product_cat","embeddable":true,"href":"https:\/\/cormenpolska.pl\/index.php?rest_route=%2Fwp%2Fv2%2Fproduct_cat&post=1558"},{"taxonomy":"product_tag","embeddable":true,"href":"https:\/\/cormenpolska.pl\/index.php?rest_route=%2Fwp%2Fv2%2Fproduct_tag&post=1558"}],"curies":[{"name":"wp","href":"https:\/\/api.w.org\/{rel}","templated":true}]}}