{"id":1560,"date":"2022-05-03T19:08:20","date_gmt":"2022-05-03T19:08:20","guid":{"rendered":"https:\/\/cormenpolska.pl\/?post_type=product&#038;p=1560"},"modified":"2024-01-17T13:40:06","modified_gmt":"2024-01-17T13:40:06","slug":"cleamen-15-l-spieniacz-reczny-sanitarny-fpm","status":"publish","type":"product","link":"https:\/\/cormenpolska.pl\/?product=cleamen-15-l-spieniacz-reczny-sanitarny-fpm","title":{"rendered":"CLEAMEN 2,0 l spieniacz r\u0119czny sanitarny FPM"},"content":{"rendered":"<p>Przeznaczony do roztwor\u00f3w kwa\u015bnych (sanitarnych) z uszczelnieniem FPM. Jest on wyposa\u017cony w p\u0142ask\u0105 dysz\u0119 w spienianym urz\u0105dzeniu. Pojemno\u015b\u0107 zbiornika wynosi 2 litra, maksymalna zalecana obj\u0119to\u015b\u0107 wype\u0142nienia roztworem wynosi 1000 ml.<\/p>\n","protected":false},"excerpt":{"rendered":"<p>Przeznaczony do roztwor\u00f3w kwa\u015bnych (sanitarnych) z uszczelnieniem FPM. Jest on wyposa\u017cony w p\u0142ask\u0105 dysz\u0119 w spienianym urz\u0105dzeniu. Pojemno\u015b\u0107 zbiornika wynosi 2 litra, maksymalna zalecana obj\u0119to\u015b\u0107 wype\u0142nienia roztworem wynosi 1000 ml.<\/p>\n","protected":false},"featured_media":2869,"comment_status":"closed","ping_status":"closed","template":"","meta":{"inline_featured_image":false},"product_brand":[],"product_cat":[155],"product_tag":[],"class_list":{"0":"post-1560","1":"product","2":"type-product","3":"status-publish","4":"has-post-thumbnail","6":"product_cat-akcesoria-do-nanoszenia-i-dozowania","8":"first","9":"onbackorder","10":"taxable","11":"shipping-taxable","12":"purchasable","13":"product-type-simple"},"_links":{"self":[{"href":"https:\/\/cormenpolska.pl\/index.php?rest_route=\/wp\/v2\/product\/1560","targetHints":{"allow":["GET"]}}],"collection":[{"href":"https:\/\/cormenpolska.pl\/index.php?rest_route=\/wp\/v2\/product"}],"about":[{"href":"https:\/\/cormenpolska.pl\/index.php?rest_route=\/wp\/v2\/types\/product"}],"replies":[{"embeddable":true,"href":"https:\/\/cormenpolska.pl\/index.php?rest_route=%2Fwp%2Fv2%2Fcomments&post=1560"}],"wp:featuredmedia":[{"embeddable":true,"href":"https:\/\/cormenpolska.pl\/index.php?rest_route=\/wp\/v2\/media\/2869"}],"wp:attachment":[{"href":"https:\/\/cormenpolska.pl\/index.php?rest_route=%2Fwp%2Fv2%2Fmedia&parent=1560"}],"wp:term":[{"taxonomy":"product_brand","embeddable":true,"href":"https:\/\/cormenpolska.pl\/index.php?rest_route=%2Fwp%2Fv2%2Fproduct_brand&post=1560"},{"taxonomy":"product_cat","embeddable":true,"href":"https:\/\/cormenpolska.pl\/index.php?rest_route=%2Fwp%2Fv2%2Fproduct_cat&post=1560"},{"taxonomy":"product_tag","embeddable":true,"href":"https:\/\/cormenpolska.pl\/index.php?rest_route=%2Fwp%2Fv2%2Fproduct_tag&post=1560"}],"curies":[{"name":"wp","href":"https:\/\/api.w.org\/{rel}","templated":true}]}}