{"id":1624,"date":"2022-05-03T19:08:27","date_gmt":"2022-05-03T19:08:27","guid":{"rendered":"https:\/\/cormenpolska.pl\/?post_type=product&#038;p=1624"},"modified":"2022-09-06T12:24:50","modified_gmt":"2022-09-06T12:24:50","slug":"wozek-do-sprzatania-maxi-uni","status":"publish","type":"product","link":"https:\/\/cormenpolska.pl\/?product=wozek-do-sprzatania-maxi-uni","title":{"rendered":"Stela\u017c z magnesem do mop\u00f3w kieszeniowych Splast 40 cm"},"content":{"rendered":"<p>Bardzo u\u017cyteczny, lekki, solidny stela\u017c znanej i cenionej firmy Splast. Prezentowany stela\u017c do mop\u00f3w wykonany zosta\u0142 z wysokiej jako\u015bci tworzywa sztucznego. Nadaje si\u0119 do stosowania z wk\u0142adami maj\u0105cymi d\u0142ugo\u015b\u0107 40 cm. Stela\u017c jest odpowiedni do mop\u00f3w p\u0142askich kieszeniowych. Trwa\u0142y przycisk magnesowy umo\u017cliwia z\u0142o\u017cenie stela\u017ca.<\/p>\n","protected":false},"excerpt":{"rendered":"<p>Bardzo u\u017cyteczny, lekki, solidny stela\u017c znanej i cenionej firmy Splast. Prezentowany stela\u017c do mop\u00f3w wykonany zosta\u0142 z wysokiej jako\u015bci tworzywa sztucznego. Nadaje si\u0119 do stosowania z wk\u0142adami maj\u0105cymi d\u0142ugo\u015b\u0107 40 cm. Stela\u017c jest odpowiedni do mop\u00f3w p\u0142askich kieszeniowych. Trwa\u0142y przycisk &hellip; <a class=\"kt-excerpt-readmore more-link\" href=\"https:\/\/cormenpolska.pl\/?product=wozek-do-sprzatania-maxi-uni\">Czytaj wi\u0119cej<\/a><\/p>\n","protected":false},"featured_media":2732,"comment_status":"closed","ping_status":"closed","template":"","meta":{"inline_featured_image":false},"product_brand":[],"product_cat":[159],"product_tag":[],"class_list":{"0":"post-1624","1":"product","2":"type-product","3":"status-publish","4":"has-post-thumbnail","6":"product_cat-stelaze-i-uchwyty-do-mopow","8":"first","9":"instock","10":"taxable","11":"shipping-taxable","12":"purchasable","13":"product-type-simple"},"_links":{"self":[{"href":"https:\/\/cormenpolska.pl\/index.php?rest_route=\/wp\/v2\/product\/1624","targetHints":{"allow":["GET"]}}],"collection":[{"href":"https:\/\/cormenpolska.pl\/index.php?rest_route=\/wp\/v2\/product"}],"about":[{"href":"https:\/\/cormenpolska.pl\/index.php?rest_route=\/wp\/v2\/types\/product"}],"replies":[{"embeddable":true,"href":"https:\/\/cormenpolska.pl\/index.php?rest_route=%2Fwp%2Fv2%2Fcomments&post=1624"}],"wp:featuredmedia":[{"embeddable":true,"href":"https:\/\/cormenpolska.pl\/index.php?rest_route=\/wp\/v2\/media\/2732"}],"wp:attachment":[{"href":"https:\/\/cormenpolska.pl\/index.php?rest_route=%2Fwp%2Fv2%2Fmedia&parent=1624"}],"wp:term":[{"taxonomy":"product_brand","embeddable":true,"href":"https:\/\/cormenpolska.pl\/index.php?rest_route=%2Fwp%2Fv2%2Fproduct_brand&post=1624"},{"taxonomy":"product_cat","embeddable":true,"href":"https:\/\/cormenpolska.pl\/index.php?rest_route=%2Fwp%2Fv2%2Fproduct_cat&post=1624"},{"taxonomy":"product_tag","embeddable":true,"href":"https:\/\/cormenpolska.pl\/index.php?rest_route=%2Fwp%2Fv2%2Fproduct_tag&post=1624"}],"curies":[{"name":"wp","href":"https:\/\/api.w.org\/{rel}","templated":true}]}}