{"id":1637,"date":"2022-05-03T19:08:28","date_gmt":"2022-05-03T19:08:28","guid":{"rendered":"https:\/\/cormenpolska.pl\/?post_type=product&#038;p=1637"},"modified":"2022-09-06T11:55:06","modified_gmt":"2022-09-06T11:55:06","slug":"wiaderko-17-l-dla-wozka-do-sprzatania-czerwone","status":"publish","type":"product","link":"https:\/\/cormenpolska.pl\/?product=wiaderko-17-l-dla-wozka-do-sprzatania-czerwone","title":{"rendered":"Wiadro na k\u00f3\u0142kach z wyciskark\u0105 i mopem p\u0142askim Splast PIKO TSPK-0001"},"content":{"rendered":"<p><strong>W\u00f3zek do sprz\u0105tania z tworzywa sztucznego PIKO TSPK-0001<\/strong> wyposa\u017cony jest w wiadro 20 L, k\u00f3\u0142ka u\u0142atwiaj\u0105ce przemieszczanie sprz\u0119tu oraz wyciskark\u0119, kt\u00f3ra skutecznie ods\u0105cza mop z nadmiaru wody. Do w\u00f3zka do\u0142\u0105czony jest mop z mikrofazy. Dokupi\u0107 nale\u017cy jedynie kij do mopa.<\/p>\n<p>Wyposa\u017cenie: wyciskarka PIKO, stela\u017c p\u0142aski dwufukcyjny KLIK KOMBI 40 cm, mop KOMBI z mikrofazy 40 cm, cztery n\u00f3\u017cki w\u00f3zka PIKO, cztery k\u00f3\u0142ka PIKO, wiadro pomara\u0144czowe 20 L.<\/p>\n<p>&nbsp;<\/p>\n","protected":false},"excerpt":{"rendered":"<p>W\u00f3zek do sprz\u0105tania z tworzywa sztucznego PIKO TSPK-0001 wyposa\u017cony jest w wiadro 20 L, k\u00f3\u0142ka u\u0142atwiaj\u0105ce przemieszczanie sprz\u0119tu oraz wyciskark\u0119, kt\u00f3ra skutecznie ods\u0105cza mop z nadmiaru wody. Do w\u00f3zka do\u0142\u0105czony jest mop z mikrofazy. Dokupi\u0107 nale\u017cy jedynie kij do mopa. &hellip; <a class=\"kt-excerpt-readmore more-link\" href=\"https:\/\/cormenpolska.pl\/?product=wiaderko-17-l-dla-wozka-do-sprzatania-czerwone\">Czytaj wi\u0119cej<\/a><\/p>\n","protected":false},"featured_media":2726,"comment_status":"closed","ping_status":"closed","template":"","meta":{"inline_featured_image":false},"product_brand":[],"product_cat":[157],"product_tag":[],"class_list":{"0":"post-1637","1":"product","2":"type-product","3":"status-publish","4":"has-post-thumbnail","6":"product_cat-wozki-i-wiadra-do-sprzatania","8":"first","9":"instock","10":"taxable","11":"shipping-taxable","12":"purchasable","13":"product-type-simple"},"_links":{"self":[{"href":"https:\/\/cormenpolska.pl\/index.php?rest_route=\/wp\/v2\/product\/1637","targetHints":{"allow":["GET"]}}],"collection":[{"href":"https:\/\/cormenpolska.pl\/index.php?rest_route=\/wp\/v2\/product"}],"about":[{"href":"https:\/\/cormenpolska.pl\/index.php?rest_route=\/wp\/v2\/types\/product"}],"replies":[{"embeddable":true,"href":"https:\/\/cormenpolska.pl\/index.php?rest_route=%2Fwp%2Fv2%2Fcomments&post=1637"}],"wp:featuredmedia":[{"embeddable":true,"href":"https:\/\/cormenpolska.pl\/index.php?rest_route=\/wp\/v2\/media\/2726"}],"wp:attachment":[{"href":"https:\/\/cormenpolska.pl\/index.php?rest_route=%2Fwp%2Fv2%2Fmedia&parent=1637"}],"wp:term":[{"taxonomy":"product_brand","embeddable":true,"href":"https:\/\/cormenpolska.pl\/index.php?rest_route=%2Fwp%2Fv2%2Fproduct_brand&post=1637"},{"taxonomy":"product_cat","embeddable":true,"href":"https:\/\/cormenpolska.pl\/index.php?rest_route=%2Fwp%2Fv2%2Fproduct_cat&post=1637"},{"taxonomy":"product_tag","embeddable":true,"href":"https:\/\/cormenpolska.pl\/index.php?rest_route=%2Fwp%2Fv2%2Fproduct_tag&post=1637"}],"curies":[{"name":"wp","href":"https:\/\/api.w.org\/{rel}","templated":true}]}}