{"id":1638,"date":"2022-05-03T19:08:28","date_gmt":"2022-05-03T19:08:28","guid":{"rendered":"https:\/\/cormenpolska.pl\/?post_type=product&#038;p=1638"},"modified":"2022-09-06T12:09:17","modified_gmt":"2022-09-06T12:09:17","slug":"wiaderko-5-l","status":"publish","type":"product","link":"https:\/\/cormenpolska.pl\/?product=wiaderko-5-l","title":{"rendered":"Stela\u017c do mop\u00f3w z uszami i mop\u00f3w kieszeniowych Klik Kombi Splast 40 cm"},"content":{"rendered":"<p>Prezentowany stela\u017c Klik Kombi Splast wykonany zosta\u0142 z najwy\u017cszej jako\u015bci tworzywa sztucznego. Ma szaro-pomara\u0144czowy kolor. Jest lekki, wytrzyma\u0142y, bardzo u\u017cyteczny. Pasuje do wk\u0142ad\u00f3w o d\u0142ugo\u015bci 40 cm. Mo\u017ce by\u0107 stosowany z mopami p\u0142askimi kieszeniowymi oraz z mopami p\u0142askimi z uszami.<\/p>\n","protected":false},"excerpt":{"rendered":"<p>Prezentowany stela\u017c Klik Kombi Splast wykonany zosta\u0142 z najwy\u017cszej jako\u015bci tworzywa sztucznego. Ma szaro-pomara\u0144czowy kolor. Jest lekki, wytrzyma\u0142y, bardzo u\u017cyteczny. Pasuje do wk\u0142ad\u00f3w o d\u0142ugo\u015bci 40 cm. Mo\u017ce by\u0107 stosowany z mopami p\u0142askimi kieszeniowymi oraz z mopami p\u0142askimi z uszami.<\/p>\n","protected":false},"featured_media":2728,"comment_status":"closed","ping_status":"closed","template":"","meta":{"inline_featured_image":false},"product_brand":[],"product_cat":[159],"product_tag":[],"class_list":{"0":"post-1638","1":"product","2":"type-product","3":"status-publish","4":"has-post-thumbnail","6":"product_cat-stelaze-i-uchwyty-do-mopow","8":"first","9":"instock","10":"taxable","11":"shipping-taxable","12":"purchasable","13":"product-type-simple"},"_links":{"self":[{"href":"https:\/\/cormenpolska.pl\/index.php?rest_route=\/wp\/v2\/product\/1638","targetHints":{"allow":["GET"]}}],"collection":[{"href":"https:\/\/cormenpolska.pl\/index.php?rest_route=\/wp\/v2\/product"}],"about":[{"href":"https:\/\/cormenpolska.pl\/index.php?rest_route=\/wp\/v2\/types\/product"}],"replies":[{"embeddable":true,"href":"https:\/\/cormenpolska.pl\/index.php?rest_route=%2Fwp%2Fv2%2Fcomments&post=1638"}],"wp:featuredmedia":[{"embeddable":true,"href":"https:\/\/cormenpolska.pl\/index.php?rest_route=\/wp\/v2\/media\/2728"}],"wp:attachment":[{"href":"https:\/\/cormenpolska.pl\/index.php?rest_route=%2Fwp%2Fv2%2Fmedia&parent=1638"}],"wp:term":[{"taxonomy":"product_brand","embeddable":true,"href":"https:\/\/cormenpolska.pl\/index.php?rest_route=%2Fwp%2Fv2%2Fproduct_brand&post=1638"},{"taxonomy":"product_cat","embeddable":true,"href":"https:\/\/cormenpolska.pl\/index.php?rest_route=%2Fwp%2Fv2%2Fproduct_cat&post=1638"},{"taxonomy":"product_tag","embeddable":true,"href":"https:\/\/cormenpolska.pl\/index.php?rest_route=%2Fwp%2Fv2%2Fproduct_tag&post=1638"}],"curies":[{"name":"wp","href":"https:\/\/api.w.org\/{rel}","templated":true}]}}