{"id":1643,"date":"2022-05-03T19:08:28","date_gmt":"2022-05-03T19:08:28","guid":{"rendered":"https:\/\/cormenpolska.pl\/?post_type=product&#038;p=1643"},"modified":"2022-09-06T12:17:34","modified_gmt":"2022-09-06T12:17:34","slug":"zestaw-zmiotka-z-szufelka","status":"publish","type":"product","link":"https:\/\/cormenpolska.pl\/?product=zestaw-zmiotka-z-szufelka","title":{"rendered":"Kij aluminiowy Splast SZTY-0001"},"content":{"rendered":"<p>Solidny kij aluminiowy cenionej marki Splast. Ma\u00a0uchwyt\u00a0wykonany z tworzywa sztucznego, o zabarwieniu szaro-pomara\u0144czowym. Nadaje si\u0119 do wszystkich stela\u017cy oraz uchwyt\u00f3w Splast.<\/p>\n<p>Kij <strong>Splast SZTY-0001<\/strong> jest lekki, wygodny w u\u017cytkowaniu, cechuje go przy tym wysoce zadowalaj\u0105ca wytrzyma\u0142o\u015b\u0107.<\/p>\n","protected":false},"excerpt":{"rendered":"<p>Solidny kij aluminiowy cenionej marki Splast. Ma\u00a0uchwyt\u00a0wykonany z tworzywa sztucznego, o zabarwieniu szaro-pomara\u0144czowym. Nadaje si\u0119 do wszystkich stela\u017cy oraz uchwyt\u00f3w Splast. Kij Splast SZTY-0001 jest lekki, wygodny w u\u017cytkowaniu, cechuje go przy tym wysoce zadowalaj\u0105ca wytrzyma\u0142o\u015b\u0107.<\/p>\n","protected":false},"featured_media":2730,"comment_status":"closed","ping_status":"closed","template":"","meta":{"inline_featured_image":false},"product_brand":[],"product_cat":[159],"product_tag":[],"class_list":{"0":"post-1643","1":"product","2":"type-product","3":"status-publish","4":"has-post-thumbnail","6":"product_cat-stelaze-i-uchwyty-do-mopow","8":"first","9":"instock","10":"taxable","11":"shipping-taxable","12":"purchasable","13":"product-type-simple"},"_links":{"self":[{"href":"https:\/\/cormenpolska.pl\/index.php?rest_route=\/wp\/v2\/product\/1643","targetHints":{"allow":["GET"]}}],"collection":[{"href":"https:\/\/cormenpolska.pl\/index.php?rest_route=\/wp\/v2\/product"}],"about":[{"href":"https:\/\/cormenpolska.pl\/index.php?rest_route=\/wp\/v2\/types\/product"}],"replies":[{"embeddable":true,"href":"https:\/\/cormenpolska.pl\/index.php?rest_route=%2Fwp%2Fv2%2Fcomments&post=1643"}],"wp:featuredmedia":[{"embeddable":true,"href":"https:\/\/cormenpolska.pl\/index.php?rest_route=\/wp\/v2\/media\/2730"}],"wp:attachment":[{"href":"https:\/\/cormenpolska.pl\/index.php?rest_route=%2Fwp%2Fv2%2Fmedia&parent=1643"}],"wp:term":[{"taxonomy":"product_brand","embeddable":true,"href":"https:\/\/cormenpolska.pl\/index.php?rest_route=%2Fwp%2Fv2%2Fproduct_brand&post=1643"},{"taxonomy":"product_cat","embeddable":true,"href":"https:\/\/cormenpolska.pl\/index.php?rest_route=%2Fwp%2Fv2%2Fproduct_cat&post=1643"},{"taxonomy":"product_tag","embeddable":true,"href":"https:\/\/cormenpolska.pl\/index.php?rest_route=%2Fwp%2Fv2%2Fproduct_tag&post=1643"}],"curies":[{"name":"wp","href":"https:\/\/api.w.org\/{rel}","templated":true}]}}