{"id":1700,"date":"2022-05-03T19:08:35","date_gmt":"2022-05-03T19:08:35","guid":{"rendered":"https:\/\/cormenpolska.pl\/?post_type=product&#038;p=1700"},"modified":"2023-09-25T13:37:39","modified_gmt":"2023-09-25T13:37:39","slug":"cn-enzymatyczne-sitko-do-pisuarow-zolte-melon-2-szt","status":"publish","type":"product","link":"https:\/\/cormenpolska.pl\/?product=cn-enzymatyczne-sitko-do-pisuarow-zolte-melon-2-szt","title":{"rendered":"Pisuarowe sitko pachn\u0105ce ERB 1szt."},"content":{"rendered":"<p>S\u0105 to sitka nowej generacji z przed\u0142u\u017con\u0105 \u017cywotno\u015bci\u0105 dzia\u0142aj\u0105ce przez oko\u0142o 4 \u2013 6 tygodni.<br \/>\nR\u00f3wnie wa\u017cne jest nowe opakowanie w twardym zasobniku HDPE, kt\u00f3ry zmniejsza uwalnianie substancji zapachowych i wyd\u0142u\u017ca czas efektywnego przechowywania sitek na okres 24 miesi\u0119cy.<\/p>\n","protected":false},"excerpt":{"rendered":"<p>S\u0105 to sitka nowej generacji z przed\u0142u\u017con\u0105 \u017cywotno\u015bci\u0105 dzia\u0142aj\u0105ce przez oko\u0142o 4 \u2013 6 tygodni. R\u00f3wnie wa\u017cne jest nowe opakowanie w twardym zasobniku HDPE, kt\u00f3ry zmniejsza uwalnianie substancji zapachowych i wyd\u0142u\u017ca czas efektywnego przechowywania sitek na okres 24 miesi\u0119cy.<\/p>\n","protected":false},"featured_media":1833,"comment_status":"closed","ping_status":"closed","template":"","meta":{"inline_featured_image":false},"product_brand":[],"product_cat":[17],"product_tag":[],"class_list":{"0":"post-1700","1":"product","2":"type-product","3":"status-publish","4":"has-post-thumbnail","6":"product_cat-bez-kategorii","8":"first","9":"instock","10":"taxable","11":"shipping-taxable","12":"purchasable","13":"product-type-simple"},"_links":{"self":[{"href":"https:\/\/cormenpolska.pl\/index.php?rest_route=\/wp\/v2\/product\/1700","targetHints":{"allow":["GET"]}}],"collection":[{"href":"https:\/\/cormenpolska.pl\/index.php?rest_route=\/wp\/v2\/product"}],"about":[{"href":"https:\/\/cormenpolska.pl\/index.php?rest_route=\/wp\/v2\/types\/product"}],"replies":[{"embeddable":true,"href":"https:\/\/cormenpolska.pl\/index.php?rest_route=%2Fwp%2Fv2%2Fcomments&post=1700"}],"wp:featuredmedia":[{"embeddable":true,"href":"https:\/\/cormenpolska.pl\/index.php?rest_route=\/wp\/v2\/media\/1833"}],"wp:attachment":[{"href":"https:\/\/cormenpolska.pl\/index.php?rest_route=%2Fwp%2Fv2%2Fmedia&parent=1700"}],"wp:term":[{"taxonomy":"product_brand","embeddable":true,"href":"https:\/\/cormenpolska.pl\/index.php?rest_route=%2Fwp%2Fv2%2Fproduct_brand&post=1700"},{"taxonomy":"product_cat","embeddable":true,"href":"https:\/\/cormenpolska.pl\/index.php?rest_route=%2Fwp%2Fv2%2Fproduct_cat&post=1700"},{"taxonomy":"product_tag","embeddable":true,"href":"https:\/\/cormenpolska.pl\/index.php?rest_route=%2Fwp%2Fv2%2Fproduct_tag&post=1700"}],"curies":[{"name":"wp","href":"https:\/\/api.w.org\/{rel}","templated":true}]}}