{"id":1919,"date":"2022-05-13T10:21:12","date_gmt":"2022-05-13T10:21:12","guid":{"rendered":"https:\/\/cormenpolska.pl\/?post_type=product&#038;p=1919"},"modified":"2022-09-06T11:50:16","modified_gmt":"2022-09-06T11:50:16","slug":"wiaderko-17-l-dla-wozka-do-sprzatania-niebieskie","status":"publish","type":"product","link":"https:\/\/cormenpolska.pl\/?product=wiaderko-17-l-dla-wozka-do-sprzatania-niebieskie","title":{"rendered":"W\u00f3zek do sprz\u0105tania dwuwiadrowy 2x25L z pras\u0105 i koszykiem hotelowym Splast TSK-0006"},"content":{"rendered":"<p>W\u00f3zek do sprz\u0105tania <strong>Splast TSK-0006<\/strong> przydaje si\u0119 zdecydowanie do sprawnego sprz\u0105tania na du\u017cych i ma\u0142ych powierzchniach. W szczeg\u00f3lno\u015bci polecany jest do efektywnego sprz\u0105tania biur, hoteli, sklep\u00f3w, obiekt\u00f3w gastronomicznych. Sprawdzi si\u0119 tak\u017ce w profesjonalnych firmach sprz\u0105taj\u0105cych. Jest to sprz\u0119t z wytrzyma\u0142\u0105 konstrukcj\u0105, skr\u0119tnymi ko\u0142ami u\u0142atwiaj\u0105cymi manewrowanie, aluminiow\u0105 r\u0105czk\u0105. Dwa pojemne wiadra pozwalaj\u0105 na d\u0142ugie sprz\u0105tanie bez potrzeby robienia cz\u0119stych przerw na wymian\u0119 p\u0142yn\u00f3w. W koszyku hotelowym przewozi\u0107 mo\u017cna akcesoria potrzebne w trakcie wykonywania czynno\u015bci porz\u0105dkowych.<\/p>\n<p>Wyposa\u017cenie:<\/p>\n<p>&#8211; konstrukcja podw\u00f3jnego w\u00f3zka z tworzywa sztucznego<\/p>\n<p>&#8211; cztery k\u00f3\u0142ka 75 mm z p\u0142ytk\u0105 mocuj\u0105c\u0105<\/p>\n<p>&#8211; r\u0105czka do w\u00f3zka aluminiowa<\/p>\n<p>&#8211; 2 x os\u0142ona boczna<\/p>\n<p>&#8211; prasa do wyciskania szaro-pomara\u0144czowa<\/p>\n<p>&#8211; wiadro 25 L pomara\u0144czowe<\/p>\n<p>&#8211; wiadro 25 L niebieskie<\/p>\n<p>&#8211; korpus koszyka<\/p>\n<p>&#8211; koszyk hotelowy.<\/p>\n","protected":false},"excerpt":{"rendered":"<p>W\u00f3zek do sprz\u0105tania Splast TSK-0006 przydaje si\u0119 zdecydowanie do sprawnego sprz\u0105tania na du\u017cych i ma\u0142ych powierzchniach. W szczeg\u00f3lno\u015bci polecany jest do efektywnego sprz\u0105tania biur, hoteli, sklep\u00f3w, obiekt\u00f3w gastronomicznych. Sprawdzi si\u0119 tak\u017ce w profesjonalnych firmach sprz\u0105taj\u0105cych. Jest to sprz\u0119t z wytrzyma\u0142\u0105 &hellip; <a class=\"kt-excerpt-readmore more-link\" href=\"https:\/\/cormenpolska.pl\/?product=wiaderko-17-l-dla-wozka-do-sprzatania-niebieskie\">Czytaj wi\u0119cej<\/a><\/p>\n","protected":false},"featured_media":2724,"comment_status":"closed","ping_status":"closed","template":"","meta":{"inline_featured_image":false},"product_brand":[],"product_cat":[157],"product_tag":[],"class_list":{"0":"post-1919","1":"product","2":"type-product","3":"status-publish","4":"has-post-thumbnail","6":"product_cat-wozki-i-wiadra-do-sprzatania","8":"first","9":"instock","10":"taxable","11":"shipping-taxable","12":"purchasable","13":"product-type-simple"},"_links":{"self":[{"href":"https:\/\/cormenpolska.pl\/index.php?rest_route=\/wp\/v2\/product\/1919","targetHints":{"allow":["GET"]}}],"collection":[{"href":"https:\/\/cormenpolska.pl\/index.php?rest_route=\/wp\/v2\/product"}],"about":[{"href":"https:\/\/cormenpolska.pl\/index.php?rest_route=\/wp\/v2\/types\/product"}],"replies":[{"embeddable":true,"href":"https:\/\/cormenpolska.pl\/index.php?rest_route=%2Fwp%2Fv2%2Fcomments&post=1919"}],"wp:featuredmedia":[{"embeddable":true,"href":"https:\/\/cormenpolska.pl\/index.php?rest_route=\/wp\/v2\/media\/2724"}],"wp:attachment":[{"href":"https:\/\/cormenpolska.pl\/index.php?rest_route=%2Fwp%2Fv2%2Fmedia&parent=1919"}],"wp:term":[{"taxonomy":"product_brand","embeddable":true,"href":"https:\/\/cormenpolska.pl\/index.php?rest_route=%2Fwp%2Fv2%2Fproduct_brand&post=1919"},{"taxonomy":"product_cat","embeddable":true,"href":"https:\/\/cormenpolska.pl\/index.php?rest_route=%2Fwp%2Fv2%2Fproduct_cat&post=1919"},{"taxonomy":"product_tag","embeddable":true,"href":"https:\/\/cormenpolska.pl\/index.php?rest_route=%2Fwp%2Fv2%2Fproduct_tag&post=1919"}],"curies":[{"name":"wp","href":"https:\/\/api.w.org\/{rel}","templated":true}]}}