{"id":2175,"date":"2022-05-27T08:57:27","date_gmt":"2022-05-27T08:57:27","guid":{"rendered":"https:\/\/cormenpolska.pl\/?post_type=product&#038;p=2175"},"modified":"2024-01-17T13:35:20","modified_gmt":"2024-01-17T13:35:20","slug":"gastro-professional-maszynowe-mycie-naczyn","status":"publish","type":"product","link":"https:\/\/cormenpolska.pl\/?product=gastro-professional-maszynowe-mycie-naczyn","title":{"rendered":"GASTRO PROFESSIONAL MASZYNOWE MYCIE NACZY\u0143 6 kg"},"content":{"rendered":"<p>Przeznaczony do mycia naczy\u0144 i szk\u0142a w profesjonalnych zmywarkach. Nie nadaje si\u0119 do naczy\u0144 z metali kolorowych i aluminium.<br \/>\nP\u0142ynny, bezfosforanowy, wysoko skoncentrowany \u015brodek czyszcz\u0105cy, przeznaczony do wszystkich rodzaj\u00f3w profesjonalnych zmywarek do naczy\u0144 i szk\u0142a<br \/>\nz automatycznym dawkowaniem. Osi\u0105ga wy\u017cszy efekt myj\u0105cy ju\u017c przy niskim dawkowaniu i w\u0142a\u015bciwym ustawieniu zmywarki w zale\u017cno\u015bci od twardo\u015bci wody. \u015arodek jest r\u00f3wnie\u017c stosowany do mycia szk\u0142a po napojach. Do p\u0142ukania u\u017cyj Gastro professional maszynowe p\u0142ukanie naczy\u0144.<\/p>\n<p>Pojemno\u015b\u0107:<br \/>\n&#8211; 6kg<br \/>\n&#8211; 12kg<br \/>\n&#8211; 24kg<br \/>\n&#8211; 240kg<\/p>\n","protected":false},"excerpt":{"rendered":"<p>Przeznaczony do mycia naczy\u0144 i szk\u0142a w profesjonalnych zmywarkach. Nie nadaje si\u0119 do naczy\u0144 z metali kolorowych i aluminium. P\u0142ynny, bezfosforanowy, wysoko skoncentrowany \u015brodek czyszcz\u0105cy, przeznaczony do wszystkich rodzaj\u00f3w profesjonalnych zmywarek do naczy\u0144 i szk\u0142a z automatycznym dawkowaniem. Osi\u0105ga wy\u017cszy &hellip; <a class=\"kt-excerpt-readmore more-link\" href=\"https:\/\/cormenpolska.pl\/?product=gastro-professional-maszynowe-mycie-naczyn\">Czytaj wi\u0119cej<\/a><\/p>\n","protected":false},"featured_media":2176,"comment_status":"closed","ping_status":"closed","template":"","meta":{"inline_featured_image":false},"product_brand":[],"product_cat":[166],"product_tag":[],"class_list":{"0":"post-2175","1":"product","2":"type-product","3":"status-publish","4":"has-post-thumbnail","6":"product_cat-profesjonalne-produkty-do-gastronomii","8":"first","9":"onbackorder","10":"taxable","11":"shipping-taxable","12":"purchasable","13":"product-type-simple"},"_links":{"self":[{"href":"https:\/\/cormenpolska.pl\/index.php?rest_route=\/wp\/v2\/product\/2175","targetHints":{"allow":["GET"]}}],"collection":[{"href":"https:\/\/cormenpolska.pl\/index.php?rest_route=\/wp\/v2\/product"}],"about":[{"href":"https:\/\/cormenpolska.pl\/index.php?rest_route=\/wp\/v2\/types\/product"}],"replies":[{"embeddable":true,"href":"https:\/\/cormenpolska.pl\/index.php?rest_route=%2Fwp%2Fv2%2Fcomments&post=2175"}],"wp:featuredmedia":[{"embeddable":true,"href":"https:\/\/cormenpolska.pl\/index.php?rest_route=\/wp\/v2\/media\/2176"}],"wp:attachment":[{"href":"https:\/\/cormenpolska.pl\/index.php?rest_route=%2Fwp%2Fv2%2Fmedia&parent=2175"}],"wp:term":[{"taxonomy":"product_brand","embeddable":true,"href":"https:\/\/cormenpolska.pl\/index.php?rest_route=%2Fwp%2Fv2%2Fproduct_brand&post=2175"},{"taxonomy":"product_cat","embeddable":true,"href":"https:\/\/cormenpolska.pl\/index.php?rest_route=%2Fwp%2Fv2%2Fproduct_cat&post=2175"},{"taxonomy":"product_tag","embeddable":true,"href":"https:\/\/cormenpolska.pl\/index.php?rest_route=%2Fwp%2Fv2%2Fproduct_tag&post=2175"}],"curies":[{"name":"wp","href":"https:\/\/api.w.org\/{rel}","templated":true}]}}