{"id":2183,"date":"2022-05-27T09:04:43","date_gmt":"2022-05-27T09:04:43","guid":{"rendered":"https:\/\/cormenpolska.pl\/?post_type=product&#038;p=2183"},"modified":"2024-01-17T13:34:57","modified_gmt":"2024-01-17T13:34:57","slug":"gastro-professional-odkamieniacz-powierzchni","status":"publish","type":"product","link":"https:\/\/cormenpolska.pl\/?product=gastro-professional-odkamieniacz-powierzchni","title":{"rendered":"GASTRO PROFESSIONAL ODKAMIENIACZ POWIERZCHNI 6kg"},"content":{"rendered":"<p>Przeznaczony do zmywarek, naczy\u0144, pralek, czajnik\u00f3w, garnk\u00f3w, parowar\u00f3w, powierzchni ze stali nierdzewnej oraz innych obszar\u00f3w kuchennych. Nie nadaje si\u0119 do powierzchni wapiennych, b\u0142yszcz\u0105cego i sztucznego kamienia, aluminium, drewna oraz laminat\u00f3w. \u015arodek przeznaczony do odkamieniania urz\u0105dze\u0144 nierdzewnych takich jak: zmywarki, pralki, piece konwekcyjno-parowe, czajniki elektryczne, garnki, parowary i powierzchnie nierdzewne w kuchni. Odkamieniacz ca\u0142kowicie usuwa problemowe osady i pozostawi czyste powierzchnie. Z uwagi na sw\u00f3j ska\u0142ad produkt nie narusza metalowych powierzchni. Do odkamieniania zmywarek, pralek i podobnych urz\u0105dze\u0144 nale\u017cy rozcie\u0144czy\u0107 \u015brodek z wod\u0105 zgodnie z instrukcj\u0105 u\u017cytkowania konkretnego urz\u0105dzenia. Zazwyczaj jest to 2-5% roztworu w zale\u017cno\u015bci od stopnia zakamienienia. Wykona\u0107 cykl myj\u0105cy i dok\u0142adnie op\u0142uka\u0107. Ma\u0142e przedmioty zanurzy\u0107 do roztworu 200 \u2013 300 ml na 1 litr wody i pozostawi\u0107 na ok. 10 minut, a nast\u0119pnie usun\u0105\u0107 mechanicznie za pomoc\u0105 szczotki lub myjki powsta\u0142e osady i plamy. Nast\u0119pnie przedmioty dobrze kilkakrotnie op\u0142uka\u0107 czyst\u0105 wod\u0105 i wysuszy\u0107. Na du\u017ce powierzchnie nanosi\u0107 odkamieniacz za pomoc\u0105 spieniacza, rozcie\u0144czony 200 \u2013 300 ml na 1 litr wody bezpo\u015brednio na powierzchni\u0119 i pozostawi\u0107 na ok. 30 minut. Uwolnione zanieczyszczenia usun\u0105\u0107 mopem lub czerwon\u0105 myjk\u0105, dobrze op\u0142uka\u0107 wod\u0105 i wysuszy\u0107.<\/p>\n<p>Pojemno\u015b\u0107: 6kg<\/p>\n","protected":false},"excerpt":{"rendered":"<p>Przeznaczony do zmywarek, naczy\u0144, pralek, czajnik\u00f3w, garnk\u00f3w, parowar\u00f3w, powierzchni ze stali nierdzewnej oraz innych obszar\u00f3w kuchennych. Nie nadaje si\u0119 do powierzchni wapiennych, b\u0142yszcz\u0105cego i sztucznego kamienia, aluminium, drewna oraz laminat\u00f3w. \u015arodek przeznaczony do odkamieniania urz\u0105dze\u0144 nierdzewnych takich jak: zmywarki, pralki, &hellip; <a class=\"kt-excerpt-readmore more-link\" href=\"https:\/\/cormenpolska.pl\/?product=gastro-professional-odkamieniacz-powierzchni\">Czytaj wi\u0119cej<\/a><\/p>\n","protected":false},"featured_media":2184,"comment_status":"closed","ping_status":"closed","template":"","meta":{"inline_featured_image":false},"product_brand":[],"product_cat":[166],"product_tag":[],"class_list":{"0":"post-2183","1":"product","2":"type-product","3":"status-publish","4":"has-post-thumbnail","6":"product_cat-profesjonalne-produkty-do-gastronomii","8":"first","9":"onbackorder","10":"taxable","11":"shipping-taxable","12":"purchasable","13":"product-type-simple"},"_links":{"self":[{"href":"https:\/\/cormenpolska.pl\/index.php?rest_route=\/wp\/v2\/product\/2183","targetHints":{"allow":["GET"]}}],"collection":[{"href":"https:\/\/cormenpolska.pl\/index.php?rest_route=\/wp\/v2\/product"}],"about":[{"href":"https:\/\/cormenpolska.pl\/index.php?rest_route=\/wp\/v2\/types\/product"}],"replies":[{"embeddable":true,"href":"https:\/\/cormenpolska.pl\/index.php?rest_route=%2Fwp%2Fv2%2Fcomments&post=2183"}],"wp:featuredmedia":[{"embeddable":true,"href":"https:\/\/cormenpolska.pl\/index.php?rest_route=\/wp\/v2\/media\/2184"}],"wp:attachment":[{"href":"https:\/\/cormenpolska.pl\/index.php?rest_route=%2Fwp%2Fv2%2Fmedia&parent=2183"}],"wp:term":[{"taxonomy":"product_brand","embeddable":true,"href":"https:\/\/cormenpolska.pl\/index.php?rest_route=%2Fwp%2Fv2%2Fproduct_brand&post=2183"},{"taxonomy":"product_cat","embeddable":true,"href":"https:\/\/cormenpolska.pl\/index.php?rest_route=%2Fwp%2Fv2%2Fproduct_cat&post=2183"},{"taxonomy":"product_tag","embeddable":true,"href":"https:\/\/cormenpolska.pl\/index.php?rest_route=%2Fwp%2Fv2%2Fproduct_tag&post=2183"}],"curies":[{"name":"wp","href":"https:\/\/api.w.org\/{rel}","templated":true}]}}