{"id":2186,"date":"2022-05-27T09:06:03","date_gmt":"2022-05-27T09:06:03","guid":{"rendered":"https:\/\/cormenpolska.pl\/?post_type=product&#038;p=2186"},"modified":"2024-01-17T13:34:44","modified_gmt":"2024-01-17T13:34:44","slug":"gastro-professional-piece-konwekcyjno-parowe","status":"publish","type":"product","link":"https:\/\/cormenpolska.pl\/?product=gastro-professional-piece-konwekcyjno-parowe","title":{"rendered":"GASTRO PROFESSIONAL PIECE KONWEKCYJNO \u2013 PAROWE 5,5 kg"},"content":{"rendered":"<p>Jest przeznaczony do usuwania t\u0142uszczu, przypale\u0144 z piec\u00f3w konwekcyjnoparowych, grill\u00f3w i cz\u0119\u015bci filtr\u00f3w powietrza. Nie nadaje si\u0119 do materia\u0142\u00f3w aluminiowych i nieodpornych na zasady. \u015arodek do usuwania t\u0142uszczu, przypale\u0144 z piec\u00f3w konwekcyjno-parowych, grill\u00f3w i cz\u0119\u015bci filtr\u00f3w powietrza. Stosowa\u0107 w koncentracie lub rozcie\u0144czony w stosunku 1:5. \u015arodek nanosi\u0107 rozpylaczem pod ci\u015bnieniem na zanieczyszczone powierzchnie (podgrzane do temperatury 40 \u2013 50 \u00b0C, w przypadku, \u017ce urz\u0105dzenie to umo\u017cliwia) i pozostawi\u0107 na 5 \u2013 15 minut w zale\u017cno\u015bci od intensywno\u015bci zanieczyszczenia. Przy wi\u0119kszym zabrudzeniu u\u017cy\u0107 do usuni\u0119cia g\u0105bki lub szczotki. Po wyznaczonym czasie dok\u0142adnie umy\u0107 powierzchni\u0119 kilkakrotnie czyst\u0105 wod\u0105 i wytrze\u0107 do sucha. Stosowa\u0107 konsekwentnie \u015brodki ochronne takie jak gumowe r\u0119kawice, okulary, fartuch. Unika\u0107 kontaktu ze sk\u00f3r\u0105 i wdychania aerozolu podczas nanoszenia.<\/p>\n<p>Pojemno\u015b\u0107: 5,5 kg<\/p>\n","protected":false},"excerpt":{"rendered":"<p>Jest przeznaczony do usuwania t\u0142uszczu, przypale\u0144 z piec\u00f3w konwekcyjnoparowych, grill\u00f3w i cz\u0119\u015bci filtr\u00f3w powietrza. Nie nadaje si\u0119 do materia\u0142\u00f3w aluminiowych i nieodpornych na zasady. \u015arodek do usuwania t\u0142uszczu, przypale\u0144 z piec\u00f3w konwekcyjno-parowych, grill\u00f3w i cz\u0119\u015bci filtr\u00f3w powietrza. Stosowa\u0107 w koncentracie &hellip; <a class=\"kt-excerpt-readmore more-link\" href=\"https:\/\/cormenpolska.pl\/?product=gastro-professional-piece-konwekcyjno-parowe\">Czytaj wi\u0119cej<\/a><\/p>\n","protected":false},"featured_media":2187,"comment_status":"closed","ping_status":"closed","template":"","meta":{"inline_featured_image":false},"product_brand":[],"product_cat":[166],"product_tag":[],"class_list":{"0":"post-2186","1":"product","2":"type-product","3":"status-publish","4":"has-post-thumbnail","6":"product_cat-profesjonalne-produkty-do-gastronomii","8":"first","9":"onbackorder","10":"taxable","11":"shipping-taxable","12":"purchasable","13":"product-type-simple"},"_links":{"self":[{"href":"https:\/\/cormenpolska.pl\/index.php?rest_route=\/wp\/v2\/product\/2186","targetHints":{"allow":["GET"]}}],"collection":[{"href":"https:\/\/cormenpolska.pl\/index.php?rest_route=\/wp\/v2\/product"}],"about":[{"href":"https:\/\/cormenpolska.pl\/index.php?rest_route=\/wp\/v2\/types\/product"}],"replies":[{"embeddable":true,"href":"https:\/\/cormenpolska.pl\/index.php?rest_route=%2Fwp%2Fv2%2Fcomments&post=2186"}],"wp:featuredmedia":[{"embeddable":true,"href":"https:\/\/cormenpolska.pl\/index.php?rest_route=\/wp\/v2\/media\/2187"}],"wp:attachment":[{"href":"https:\/\/cormenpolska.pl\/index.php?rest_route=%2Fwp%2Fv2%2Fmedia&parent=2186"}],"wp:term":[{"taxonomy":"product_brand","embeddable":true,"href":"https:\/\/cormenpolska.pl\/index.php?rest_route=%2Fwp%2Fv2%2Fproduct_brand&post=2186"},{"taxonomy":"product_cat","embeddable":true,"href":"https:\/\/cormenpolska.pl\/index.php?rest_route=%2Fwp%2Fv2%2Fproduct_cat&post=2186"},{"taxonomy":"product_tag","embeddable":true,"href":"https:\/\/cormenpolska.pl\/index.php?rest_route=%2Fwp%2Fv2%2Fproduct_tag&post=2186"}],"curies":[{"name":"wp","href":"https:\/\/api.w.org\/{rel}","templated":true}]}}