{"id":2188,"date":"2022-05-27T09:07:24","date_gmt":"2022-05-27T09:07:24","guid":{"rendered":"https:\/\/cormenpolska.pl\/?post_type=product&#038;p=2188"},"modified":"2024-01-17T13:34:27","modified_gmt":"2024-01-17T13:34:27","slug":"gastro-professional-piekarniki-i-grille","status":"publish","type":"product","link":"https:\/\/cormenpolska.pl\/?product=gastro-professional-piekarniki-i-grille","title":{"rendered":"GASTRO PROFESSIONAL PIEKARNIKI I GRILLE 1,1 kg"},"content":{"rendered":"<p>Bardzo mocny \u015brodek czyszcz\u0105cy, bez konieczno\u015bci podgrzewania powierzchni. \u015arodek jest przeznaczony do usuwania przypale\u0144 z piekarnik\u00f3w,<br \/>\ngrill\u00f3w, szyb piecyk\u00f3w kominkowych i tym podobnych. Stosowany bez rozcie\u0144czania, nanosi\u0107 rozpylaczem na czyszczon\u0105 powierzchni\u0119.<br \/>\nPo naniesieniu odczeka\u0107 oko\u0142o 5 \u2013 15 minut. Je\u015bli to mo\u017cliwe, podgrza\u0107 zanieczyszczon\u0105 powierzchni\u0119 do temp ok. 40 \u00b0C, reakcja b\u0119dzie szybsza. Po wyznaczonym czasie dok\u0142adnie umy\u0107 powierzchni\u0119 kilkakrotnie czyst\u0105 wod\u0105 i wytrze\u0107 do sucha. Stosowa\u0107 konsekwentnie \u015brodki ochronne, tj. gumowe r\u0119kawice, okulary, fartuch. Unika\u0107 kontaktu ze sk\u00f3r\u0105 i wdychania aerozolu podczas nanoszenia.<\/p>\n<p>Pojemno\u015b\u0107:<br \/>\n&#8211; 1,1 kg<br \/>\n&#8211; 5,5 kg<\/p>\n","protected":false},"excerpt":{"rendered":"<p>Bardzo mocny \u015brodek czyszcz\u0105cy, bez konieczno\u015bci podgrzewania powierzchni. \u015arodek jest przeznaczony do usuwania przypale\u0144 z piekarnik\u00f3w, grill\u00f3w, szyb piecyk\u00f3w kominkowych i tym podobnych. Stosowany bez rozcie\u0144czania, nanosi\u0107 rozpylaczem na czyszczon\u0105 powierzchni\u0119. Po naniesieniu odczeka\u0107 oko\u0142o 5 \u2013 15 minut. Je\u015bli &hellip; <a class=\"kt-excerpt-readmore more-link\" href=\"https:\/\/cormenpolska.pl\/?product=gastro-professional-piekarniki-i-grille\">Czytaj wi\u0119cej<\/a><\/p>\n","protected":false},"featured_media":2189,"comment_status":"closed","ping_status":"closed","template":"","meta":{"inline_featured_image":false},"product_brand":[],"product_cat":[166],"product_tag":[],"class_list":{"0":"post-2188","1":"product","2":"type-product","3":"status-publish","4":"has-post-thumbnail","6":"product_cat-profesjonalne-produkty-do-gastronomii","8":"first","9":"onbackorder","10":"taxable","11":"shipping-taxable","12":"purchasable","13":"product-type-simple"},"_links":{"self":[{"href":"https:\/\/cormenpolska.pl\/index.php?rest_route=\/wp\/v2\/product\/2188","targetHints":{"allow":["GET"]}}],"collection":[{"href":"https:\/\/cormenpolska.pl\/index.php?rest_route=\/wp\/v2\/product"}],"about":[{"href":"https:\/\/cormenpolska.pl\/index.php?rest_route=\/wp\/v2\/types\/product"}],"replies":[{"embeddable":true,"href":"https:\/\/cormenpolska.pl\/index.php?rest_route=%2Fwp%2Fv2%2Fcomments&post=2188"}],"wp:featuredmedia":[{"embeddable":true,"href":"https:\/\/cormenpolska.pl\/index.php?rest_route=\/wp\/v2\/media\/2189"}],"wp:attachment":[{"href":"https:\/\/cormenpolska.pl\/index.php?rest_route=%2Fwp%2Fv2%2Fmedia&parent=2188"}],"wp:term":[{"taxonomy":"product_brand","embeddable":true,"href":"https:\/\/cormenpolska.pl\/index.php?rest_route=%2Fwp%2Fv2%2Fproduct_brand&post=2188"},{"taxonomy":"product_cat","embeddable":true,"href":"https:\/\/cormenpolska.pl\/index.php?rest_route=%2Fwp%2Fv2%2Fproduct_cat&post=2188"},{"taxonomy":"product_tag","embeddable":true,"href":"https:\/\/cormenpolska.pl\/index.php?rest_route=%2Fwp%2Fv2%2Fproduct_tag&post=2188"}],"curies":[{"name":"wp","href":"https:\/\/api.w.org\/{rel}","templated":true}]}}