{"id":2190,"date":"2022-05-27T09:08:56","date_gmt":"2022-05-27T09:08:56","guid":{"rendered":"https:\/\/cormenpolska.pl\/?post_type=product&#038;p=2190"},"modified":"2023-02-08T13:44:25","modified_gmt":"2023-02-08T13:44:25","slug":"gastro-professional-plukanie-piece-konwekcyjno-parowe","status":"publish","type":"product","link":"https:\/\/cormenpolska.pl\/?product=gastro-professional-plukanie-piece-konwekcyjno-parowe","title":{"rendered":"GASTRO PROFESSIONAL P\u0141UKANIE PIECE KONWEKCYJNO -PAROWE 5l"},"content":{"rendered":"<p>P\u0142ukanie i nab\u0142yszczanie piec\u00f3w konwekcyjno-parowych. Produkt nadaje si\u0119 do bezpo\u015bredniego u\u017cycia i jest przeznaczone do pod\u0142\u0105czenia do automatycznego systemu dozuj\u0105cego. Doskonale neutralizuje detergent i wspomaga wysuszeniu. Sk\u0142ad jest biodegradowalny.<\/p>\n<p>Pojemno\u015b\u0107: 5,5 kg<\/p>\n","protected":false},"excerpt":{"rendered":"<p>P\u0142ukanie i nab\u0142yszczanie piec\u00f3w konwekcyjno-parowych. Produkt nadaje si\u0119 do bezpo\u015bredniego u\u017cycia i jest przeznaczone do pod\u0142\u0105czenia do automatycznego systemu dozuj\u0105cego. Doskonale neutralizuje detergent i wspomaga wysuszeniu. Sk\u0142ad jest biodegradowalny. Pojemno\u015b\u0107: 5,5 kg<\/p>\n","protected":false},"featured_media":2191,"comment_status":"closed","ping_status":"closed","template":"","meta":{"inline_featured_image":false},"product_brand":[],"product_cat":[166],"product_tag":[],"class_list":{"0":"post-2190","1":"product","2":"type-product","3":"status-publish","4":"has-post-thumbnail","6":"product_cat-profesjonalne-produkty-do-gastronomii","8":"first","9":"instock","10":"taxable","11":"shipping-taxable","12":"purchasable","13":"product-type-simple"},"_links":{"self":[{"href":"https:\/\/cormenpolska.pl\/index.php?rest_route=\/wp\/v2\/product\/2190","targetHints":{"allow":["GET"]}}],"collection":[{"href":"https:\/\/cormenpolska.pl\/index.php?rest_route=\/wp\/v2\/product"}],"about":[{"href":"https:\/\/cormenpolska.pl\/index.php?rest_route=\/wp\/v2\/types\/product"}],"replies":[{"embeddable":true,"href":"https:\/\/cormenpolska.pl\/index.php?rest_route=%2Fwp%2Fv2%2Fcomments&post=2190"}],"wp:featuredmedia":[{"embeddable":true,"href":"https:\/\/cormenpolska.pl\/index.php?rest_route=\/wp\/v2\/media\/2191"}],"wp:attachment":[{"href":"https:\/\/cormenpolska.pl\/index.php?rest_route=%2Fwp%2Fv2%2Fmedia&parent=2190"}],"wp:term":[{"taxonomy":"product_brand","embeddable":true,"href":"https:\/\/cormenpolska.pl\/index.php?rest_route=%2Fwp%2Fv2%2Fproduct_brand&post=2190"},{"taxonomy":"product_cat","embeddable":true,"href":"https:\/\/cormenpolska.pl\/index.php?rest_route=%2Fwp%2Fv2%2Fproduct_cat&post=2190"},{"taxonomy":"product_tag","embeddable":true,"href":"https:\/\/cormenpolska.pl\/index.php?rest_route=%2Fwp%2Fv2%2Fproduct_tag&post=2190"}],"curies":[{"name":"wp","href":"https:\/\/api.w.org\/{rel}","templated":true}]}}