{"id":2196,"date":"2022-05-27T09:13:30","date_gmt":"2022-05-27T09:13:30","guid":{"rendered":"https:\/\/cormenpolska.pl\/?post_type=product&#038;p=2196"},"modified":"2023-02-08T13:43:19","modified_gmt":"2023-02-08T13:43:19","slug":"gastro-professional-sol-w-tabletkach","status":"publish","type":"product","link":"https:\/\/cormenpolska.pl\/?product=gastro-professional-sol-w-tabletkach","title":{"rendered":"GASTRO PROFESSIONAL S\u00d3L W TABLETKACH"},"content":{"rendered":"<p>Przeznaczona do zmi\u0119kczania wody w urz\u0105dzeniach kuchennych. \u015arodek obni\u017caj\u0105cy twardo\u015b\u0107 wody. Dozuje si\u0119 go do zmi\u0119kczacza wody. Przy niskim stopniu twardo\u015bci wody nie jest konieczne dozowanie du\u017cych ilo\u015bci myj\u0105cego i p\u0142ukaj\u0105cego \u015brodka. Podczas u\u017cytkowania sprz\u0119tu, prawid\u0142owa kontrola twardo\u015bci wody zapewni znaczne oszcz\u0119dno\u015bci na \u015brodkach i tym samym chroni nasze \u015brodowisko przed zanieczyszczeniem.<\/p>\n<p>Pojemno\u015b\u0107:<\/p>\n<p>&#8211; 25kg<\/p>\n","protected":false},"excerpt":{"rendered":"<p>Przeznaczona do zmi\u0119kczania wody w urz\u0105dzeniach kuchennych. \u015arodek obni\u017caj\u0105cy twardo\u015b\u0107 wody. Dozuje si\u0119 go do zmi\u0119kczacza wody. Przy niskim stopniu twardo\u015bci wody nie jest konieczne dozowanie du\u017cych ilo\u015bci myj\u0105cego i p\u0142ukaj\u0105cego \u015brodka. Podczas u\u017cytkowania sprz\u0119tu, prawid\u0142owa kontrola twardo\u015bci wody zapewni &hellip; <a class=\"kt-excerpt-readmore more-link\" href=\"https:\/\/cormenpolska.pl\/?product=gastro-professional-sol-w-tabletkach\">Czytaj wi\u0119cej<\/a><\/p>\n","protected":false},"featured_media":0,"comment_status":"closed","ping_status":"closed","template":"","meta":{"inline_featured_image":false},"product_brand":[],"product_cat":[166],"product_tag":[],"class_list":{"0":"post-2196","1":"product","2":"type-product","3":"status-publish","5":"product_cat-profesjonalne-produkty-do-gastronomii","7":"first","8":"onbackorder","9":"taxable","10":"shipping-taxable","11":"purchasable","12":"product-type-simple"},"_links":{"self":[{"href":"https:\/\/cormenpolska.pl\/index.php?rest_route=\/wp\/v2\/product\/2196","targetHints":{"allow":["GET"]}}],"collection":[{"href":"https:\/\/cormenpolska.pl\/index.php?rest_route=\/wp\/v2\/product"}],"about":[{"href":"https:\/\/cormenpolska.pl\/index.php?rest_route=\/wp\/v2\/types\/product"}],"replies":[{"embeddable":true,"href":"https:\/\/cormenpolska.pl\/index.php?rest_route=%2Fwp%2Fv2%2Fcomments&post=2196"}],"wp:attachment":[{"href":"https:\/\/cormenpolska.pl\/index.php?rest_route=%2Fwp%2Fv2%2Fmedia&parent=2196"}],"wp:term":[{"taxonomy":"product_brand","embeddable":true,"href":"https:\/\/cormenpolska.pl\/index.php?rest_route=%2Fwp%2Fv2%2Fproduct_brand&post=2196"},{"taxonomy":"product_cat","embeddable":true,"href":"https:\/\/cormenpolska.pl\/index.php?rest_route=%2Fwp%2Fv2%2Fproduct_cat&post=2196"},{"taxonomy":"product_tag","embeddable":true,"href":"https:\/\/cormenpolska.pl\/index.php?rest_route=%2Fwp%2Fv2%2Fproduct_tag&post=2196"}],"curies":[{"name":"wp","href":"https:\/\/api.w.org\/{rel}","templated":true}]}}