{"id":2368,"date":"2022-05-30T09:42:51","date_gmt":"2022-05-30T09:42:51","guid":{"rendered":"https:\/\/cormenpolska.pl\/?post_type=product&#038;p=2368"},"modified":"2022-09-06T10:42:18","modified_gmt":"2022-09-06T10:42:18","slug":"zestaw-neo-system","status":"publish","type":"product","link":"https:\/\/cormenpolska.pl\/?product=zestaw-neo-system","title":{"rendered":"Zestaw NEO SYSTEM"},"content":{"rendered":"<p>Neo System 2 to nowoczesny mop do mycia p\u0142askich powierzchni (paneli, terakoty, gresu). Unikalny system wyciskania bez brudzenia r\u0105k. W sk\u0142ad zestawu wchodz\u0105: mop, wiadro z wyciskaczem, kij.<\/p>\n","protected":false},"excerpt":{"rendered":"<p>Neo System 2 to nowoczesny mop do mycia p\u0142askich powierzchni (paneli, terakoty, gresu). Unikalny system wyciskania bez brudzenia r\u0105k. W sk\u0142ad zestawu wchodz\u0105: mop, wiadro z wyciskaczem, kij.<\/p>\n","protected":false},"featured_media":2369,"comment_status":"closed","ping_status":"closed","template":"","meta":{"inline_featured_image":false},"product_brand":[],"product_cat":[158],"product_tag":[],"class_list":{"0":"post-2368","1":"product","2":"type-product","3":"status-publish","4":"has-post-thumbnail","6":"product_cat-mopy-wklady","8":"first","9":"instock","10":"taxable","11":"shipping-taxable","12":"purchasable","13":"product-type-simple"},"_links":{"self":[{"href":"https:\/\/cormenpolska.pl\/index.php?rest_route=\/wp\/v2\/product\/2368","targetHints":{"allow":["GET"]}}],"collection":[{"href":"https:\/\/cormenpolska.pl\/index.php?rest_route=\/wp\/v2\/product"}],"about":[{"href":"https:\/\/cormenpolska.pl\/index.php?rest_route=\/wp\/v2\/types\/product"}],"replies":[{"embeddable":true,"href":"https:\/\/cormenpolska.pl\/index.php?rest_route=%2Fwp%2Fv2%2Fcomments&post=2368"}],"wp:featuredmedia":[{"embeddable":true,"href":"https:\/\/cormenpolska.pl\/index.php?rest_route=\/wp\/v2\/media\/2369"}],"wp:attachment":[{"href":"https:\/\/cormenpolska.pl\/index.php?rest_route=%2Fwp%2Fv2%2Fmedia&parent=2368"}],"wp:term":[{"taxonomy":"product_brand","embeddable":true,"href":"https:\/\/cormenpolska.pl\/index.php?rest_route=%2Fwp%2Fv2%2Fproduct_brand&post=2368"},{"taxonomy":"product_cat","embeddable":true,"href":"https:\/\/cormenpolska.pl\/index.php?rest_route=%2Fwp%2Fv2%2Fproduct_cat&post=2368"},{"taxonomy":"product_tag","embeddable":true,"href":"https:\/\/cormenpolska.pl\/index.php?rest_route=%2Fwp%2Fv2%2Fproduct_tag&post=2368"}],"curies":[{"name":"wp","href":"https:\/\/api.w.org\/{rel}","templated":true}]}}