{"id":2374,"date":"2022-05-30T09:50:34","date_gmt":"2022-05-30T09:50:34","guid":{"rendered":"https:\/\/cormenpolska.pl\/?post_type=product&#038;p=2374"},"modified":"2022-09-06T10:34:20","modified_gmt":"2022-09-06T10:34:20","slug":"mop-maxi-plan","status":"publish","type":"product","link":"https:\/\/cormenpolska.pl\/?product=mop-maxi-plan","title":{"rendered":"MOP MAXI PLAN"},"content":{"rendered":"<p>Przeznaczony do mycia i polerowania du\u017cych powierzchni (schody, \u015bciany, pod\u0142ogi). Do wszystkich rodzaj\u00f3w pod\u0142\u00f3g. Bardzo p\u0142aska podstawa, dzi\u0119ki kt\u00f3rej mop dociera pod meble, nawet bardzo g\u0142\u0119boko.<\/p>\n","protected":false},"excerpt":{"rendered":"<p>Przeznaczony do mycia i polerowania du\u017cych powierzchni (schody, \u015bciany, pod\u0142ogi). Do wszystkich rodzaj\u00f3w pod\u0142\u00f3g. Bardzo p\u0142aska podstawa, dzi\u0119ki kt\u00f3rej mop dociera pod meble, nawet bardzo g\u0142\u0119boko.<\/p>\n","protected":false},"featured_media":2375,"comment_status":"closed","ping_status":"closed","template":"","meta":{"inline_featured_image":false},"product_brand":[],"product_cat":[158],"product_tag":[],"class_list":{"0":"post-2374","1":"product","2":"type-product","3":"status-publish","4":"has-post-thumbnail","6":"product_cat-mopy-wklady","8":"first","9":"instock","10":"taxable","11":"shipping-taxable","12":"purchasable","13":"product-type-simple"},"_links":{"self":[{"href":"https:\/\/cormenpolska.pl\/index.php?rest_route=\/wp\/v2\/product\/2374","targetHints":{"allow":["GET"]}}],"collection":[{"href":"https:\/\/cormenpolska.pl\/index.php?rest_route=\/wp\/v2\/product"}],"about":[{"href":"https:\/\/cormenpolska.pl\/index.php?rest_route=\/wp\/v2\/types\/product"}],"replies":[{"embeddable":true,"href":"https:\/\/cormenpolska.pl\/index.php?rest_route=%2Fwp%2Fv2%2Fcomments&post=2374"}],"wp:featuredmedia":[{"embeddable":true,"href":"https:\/\/cormenpolska.pl\/index.php?rest_route=\/wp\/v2\/media\/2375"}],"wp:attachment":[{"href":"https:\/\/cormenpolska.pl\/index.php?rest_route=%2Fwp%2Fv2%2Fmedia&parent=2374"}],"wp:term":[{"taxonomy":"product_brand","embeddable":true,"href":"https:\/\/cormenpolska.pl\/index.php?rest_route=%2Fwp%2Fv2%2Fproduct_brand&post=2374"},{"taxonomy":"product_cat","embeddable":true,"href":"https:\/\/cormenpolska.pl\/index.php?rest_route=%2Fwp%2Fv2%2Fproduct_cat&post=2374"},{"taxonomy":"product_tag","embeddable":true,"href":"https:\/\/cormenpolska.pl\/index.php?rest_route=%2Fwp%2Fv2%2Fproduct_tag&post=2374"}],"curies":[{"name":"wp","href":"https:\/\/api.w.org\/{rel}","templated":true}]}}