{"id":2421,"date":"2022-06-03T09:17:47","date_gmt":"2022-06-03T09:17:47","guid":{"rendered":"https:\/\/cormenpolska.pl\/?post_type=product&#038;p=2421"},"modified":"2022-09-06T10:31:22","modified_gmt":"2022-09-06T10:31:22","slug":"spray-mop","status":"publish","type":"product","link":"https:\/\/cormenpolska.pl\/?product=spray-mop","title":{"rendered":"SPRAY MOP"},"content":{"rendered":"<p>Multi&#8217;Pratic mop jest polecany do mycia i polerowania ma\u0142ych powierzchni. Przeznaczony do wszystkich rodzaj\u00f3w pod\u0142\u00f3g.<\/p>\n","protected":false},"excerpt":{"rendered":"<p>Multi&#8217;Pratic mop jest polecany do mycia i polerowania ma\u0142ych powierzchni. Przeznaczony do wszystkich rodzaj\u00f3w pod\u0142\u00f3g.<\/p>\n","protected":false},"featured_media":2422,"comment_status":"closed","ping_status":"closed","template":"","meta":{"inline_featured_image":false},"product_brand":[],"product_cat":[158],"product_tag":[],"class_list":{"0":"post-2421","1":"product","2":"type-product","3":"status-publish","4":"has-post-thumbnail","6":"product_cat-mopy-wklady","8":"first","9":"instock","10":"taxable","11":"shipping-taxable","12":"purchasable","13":"product-type-simple"},"_links":{"self":[{"href":"https:\/\/cormenpolska.pl\/index.php?rest_route=\/wp\/v2\/product\/2421","targetHints":{"allow":["GET"]}}],"collection":[{"href":"https:\/\/cormenpolska.pl\/index.php?rest_route=\/wp\/v2\/product"}],"about":[{"href":"https:\/\/cormenpolska.pl\/index.php?rest_route=\/wp\/v2\/types\/product"}],"replies":[{"embeddable":true,"href":"https:\/\/cormenpolska.pl\/index.php?rest_route=%2Fwp%2Fv2%2Fcomments&post=2421"}],"wp:featuredmedia":[{"embeddable":true,"href":"https:\/\/cormenpolska.pl\/index.php?rest_route=\/wp\/v2\/media\/2422"}],"wp:attachment":[{"href":"https:\/\/cormenpolska.pl\/index.php?rest_route=%2Fwp%2Fv2%2Fmedia&parent=2421"}],"wp:term":[{"taxonomy":"product_brand","embeddable":true,"href":"https:\/\/cormenpolska.pl\/index.php?rest_route=%2Fwp%2Fv2%2Fproduct_brand&post=2421"},{"taxonomy":"product_cat","embeddable":true,"href":"https:\/\/cormenpolska.pl\/index.php?rest_route=%2Fwp%2Fv2%2Fproduct_cat&post=2421"},{"taxonomy":"product_tag","embeddable":true,"href":"https:\/\/cormenpolska.pl\/index.php?rest_route=%2Fwp%2Fv2%2Fproduct_tag&post=2421"}],"curies":[{"name":"wp","href":"https:\/\/api.w.org\/{rel}","templated":true}]}}