{"id":2425,"date":"2022-06-03T09:23:32","date_gmt":"2022-06-03T09:23:32","guid":{"rendered":"https:\/\/cormenpolska.pl\/?post_type=product&#038;p=2425"},"modified":"2023-03-06T18:18:09","modified_gmt":"2023-03-06T18:18:09","slug":"mop-z-mikrofibry-kij-130-cm","status":"publish","type":"product","link":"https:\/\/cormenpolska.pl\/?product=mop-z-mikrofibry-kij-130-cm","title":{"rendered":"MOP Z MIKROFIBRY+ KIJ 130 cm"},"content":{"rendered":"<p>Mop syntetyczny przeznaczony jest do wszystkich rodzaj\u00f3w pod\u0142\u00f3g, wyj\u0105tkowo ch\u0142onny i doskonale przyci\u0105ga i zatrzymuje kurz, w\u0142osy i sier\u015b\u0107. D\u0142ugo\u015b\u0107 kija 130 cm.<\/p>\n","protected":false},"excerpt":{"rendered":"<p>Mop syntetyczny przeznaczony jest do wszystkich rodzaj\u00f3w pod\u0142\u00f3g, wyj\u0105tkowo ch\u0142onny i doskonale przyci\u0105ga i zatrzymuje kurz, w\u0142osy i sier\u015b\u0107. D\u0142ugo\u015b\u0107 kija 130 cm.<\/p>\n","protected":false},"featured_media":2426,"comment_status":"closed","ping_status":"closed","template":"","meta":{"inline_featured_image":false},"product_brand":[],"product_cat":[158],"product_tag":[],"class_list":{"0":"post-2425","1":"product","2":"type-product","3":"status-publish","4":"has-post-thumbnail","6":"product_cat-mopy-wklady","8":"first","9":"instock","10":"taxable","11":"shipping-taxable","12":"purchasable","13":"product-type-simple"},"_links":{"self":[{"href":"https:\/\/cormenpolska.pl\/index.php?rest_route=\/wp\/v2\/product\/2425","targetHints":{"allow":["GET"]}}],"collection":[{"href":"https:\/\/cormenpolska.pl\/index.php?rest_route=\/wp\/v2\/product"}],"about":[{"href":"https:\/\/cormenpolska.pl\/index.php?rest_route=\/wp\/v2\/types\/product"}],"replies":[{"embeddable":true,"href":"https:\/\/cormenpolska.pl\/index.php?rest_route=%2Fwp%2Fv2%2Fcomments&post=2425"}],"wp:featuredmedia":[{"embeddable":true,"href":"https:\/\/cormenpolska.pl\/index.php?rest_route=\/wp\/v2\/media\/2426"}],"wp:attachment":[{"href":"https:\/\/cormenpolska.pl\/index.php?rest_route=%2Fwp%2Fv2%2Fmedia&parent=2425"}],"wp:term":[{"taxonomy":"product_brand","embeddable":true,"href":"https:\/\/cormenpolska.pl\/index.php?rest_route=%2Fwp%2Fv2%2Fproduct_brand&post=2425"},{"taxonomy":"product_cat","embeddable":true,"href":"https:\/\/cormenpolska.pl\/index.php?rest_route=%2Fwp%2Fv2%2Fproduct_cat&post=2425"},{"taxonomy":"product_tag","embeddable":true,"href":"https:\/\/cormenpolska.pl\/index.php?rest_route=%2Fwp%2Fv2%2Fproduct_tag&post=2425"}],"curies":[{"name":"wp","href":"https:\/\/api.w.org\/{rel}","templated":true}]}}