{"id":2427,"date":"2022-06-03T09:27:07","date_gmt":"2022-06-03T09:27:07","guid":{"rendered":"https:\/\/cormenpolska.pl\/?post_type=product&#038;p=2427"},"modified":"2022-09-06T10:30:18","modified_gmt":"2022-09-06T10:30:18","slug":"mop-syntetyczny-kij-130-cm","status":"publish","type":"product","link":"https:\/\/cormenpolska.pl\/?product=mop-syntetyczny-kij-130-cm","title":{"rendered":"MOP SYNTETYCZNY + KIJ 130 cm"},"content":{"rendered":"<p>Uniwersalny mop do mycia wszystkich rodzaj\u00f3w pod\u0142\u00f3g. Wysokiej jako\u015bci w\u0142\u00f3kna z mikrofibry dzia\u0142aj\u0105 antybakteryjnie i dok\u0142adnie czyszcz\u0105 powierzchni\u0119. Mop w<br \/>\nkomplecie z kijem.<\/p>\n","protected":false},"excerpt":{"rendered":"<p>Uniwersalny mop do mycia wszystkich rodzaj\u00f3w pod\u0142\u00f3g. Wysokiej jako\u015bci w\u0142\u00f3kna z mikrofibry dzia\u0142aj\u0105 antybakteryjnie i dok\u0142adnie czyszcz\u0105 powierzchni\u0119. Mop w komplecie z kijem.<\/p>\n","protected":false},"featured_media":2428,"comment_status":"closed","ping_status":"closed","template":"","meta":{"inline_featured_image":false},"product_brand":[],"product_cat":[158],"product_tag":[],"class_list":{"0":"post-2427","1":"product","2":"type-product","3":"status-publish","4":"has-post-thumbnail","6":"product_cat-mopy-wklady","8":"first","9":"instock","10":"taxable","11":"shipping-taxable","12":"purchasable","13":"product-type-simple"},"_links":{"self":[{"href":"https:\/\/cormenpolska.pl\/index.php?rest_route=\/wp\/v2\/product\/2427","targetHints":{"allow":["GET"]}}],"collection":[{"href":"https:\/\/cormenpolska.pl\/index.php?rest_route=\/wp\/v2\/product"}],"about":[{"href":"https:\/\/cormenpolska.pl\/index.php?rest_route=\/wp\/v2\/types\/product"}],"replies":[{"embeddable":true,"href":"https:\/\/cormenpolska.pl\/index.php?rest_route=%2Fwp%2Fv2%2Fcomments&post=2427"}],"wp:featuredmedia":[{"embeddable":true,"href":"https:\/\/cormenpolska.pl\/index.php?rest_route=\/wp\/v2\/media\/2428"}],"wp:attachment":[{"href":"https:\/\/cormenpolska.pl\/index.php?rest_route=%2Fwp%2Fv2%2Fmedia&parent=2427"}],"wp:term":[{"taxonomy":"product_brand","embeddable":true,"href":"https:\/\/cormenpolska.pl\/index.php?rest_route=%2Fwp%2Fv2%2Fproduct_brand&post=2427"},{"taxonomy":"product_cat","embeddable":true,"href":"https:\/\/cormenpolska.pl\/index.php?rest_route=%2Fwp%2Fv2%2Fproduct_cat&post=2427"},{"taxonomy":"product_tag","embeddable":true,"href":"https:\/\/cormenpolska.pl\/index.php?rest_route=%2Fwp%2Fv2%2Fproduct_tag&post=2427"}],"curies":[{"name":"wp","href":"https:\/\/api.w.org\/{rel}","templated":true}]}}