{"id":2429,"date":"2022-06-03T09:28:24","date_gmt":"2022-06-03T09:28:24","guid":{"rendered":"https:\/\/cormenpolska.pl\/?post_type=product&#038;p=2429"},"modified":"2023-03-06T18:16:57","modified_gmt":"2023-03-06T18:16:57","slug":"mop-z-mikrofibry-150-g","status":"publish","type":"product","link":"https:\/\/cormenpolska.pl\/?product=mop-z-mikrofibry-150-g","title":{"rendered":"MOP Z MIKROFIBRY 150 g"},"content":{"rendered":"<p>Uniwersalny mop do mycia wszystkich rodzaj\u00f3w pod\u0142\u00f3g. Wysokiej jako\u015bci w\u0142\u00f3kna z mikrofibry dzia\u0142aj\u0105 antybakteryjnie i dok\u0142adnie czyszcz\u0105 powierzchni\u0119 bez konieczno\u015bci u\u017cycia detergent\u00f3w.<\/p>\n","protected":false},"excerpt":{"rendered":"<p>Uniwersalny mop do mycia wszystkich rodzaj\u00f3w pod\u0142\u00f3g. Wysokiej jako\u015bci w\u0142\u00f3kna z mikrofibry dzia\u0142aj\u0105 antybakteryjnie i dok\u0142adnie czyszcz\u0105 powierzchni\u0119 bez konieczno\u015bci u\u017cycia detergent\u00f3w.<\/p>\n","protected":false},"featured_media":2433,"comment_status":"closed","ping_status":"closed","template":"","meta":{"inline_featured_image":false},"product_brand":[],"product_cat":[158],"product_tag":[],"class_list":{"0":"post-2429","1":"product","2":"type-product","3":"status-publish","4":"has-post-thumbnail","6":"product_cat-mopy-wklady","8":"first","9":"instock","10":"taxable","11":"shipping-taxable","12":"purchasable","13":"product-type-simple"},"_links":{"self":[{"href":"https:\/\/cormenpolska.pl\/index.php?rest_route=\/wp\/v2\/product\/2429","targetHints":{"allow":["GET"]}}],"collection":[{"href":"https:\/\/cormenpolska.pl\/index.php?rest_route=\/wp\/v2\/product"}],"about":[{"href":"https:\/\/cormenpolska.pl\/index.php?rest_route=\/wp\/v2\/types\/product"}],"replies":[{"embeddable":true,"href":"https:\/\/cormenpolska.pl\/index.php?rest_route=%2Fwp%2Fv2%2Fcomments&post=2429"}],"wp:featuredmedia":[{"embeddable":true,"href":"https:\/\/cormenpolska.pl\/index.php?rest_route=\/wp\/v2\/media\/2433"}],"wp:attachment":[{"href":"https:\/\/cormenpolska.pl\/index.php?rest_route=%2Fwp%2Fv2%2Fmedia&parent=2429"}],"wp:term":[{"taxonomy":"product_brand","embeddable":true,"href":"https:\/\/cormenpolska.pl\/index.php?rest_route=%2Fwp%2Fv2%2Fproduct_brand&post=2429"},{"taxonomy":"product_cat","embeddable":true,"href":"https:\/\/cormenpolska.pl\/index.php?rest_route=%2Fwp%2Fv2%2Fproduct_cat&post=2429"},{"taxonomy":"product_tag","embeddable":true,"href":"https:\/\/cormenpolska.pl\/index.php?rest_route=%2Fwp%2Fv2%2Fproduct_tag&post=2429"}],"curies":[{"name":"wp","href":"https:\/\/api.w.org\/{rel}","templated":true}]}}