{"id":2431,"date":"2022-06-03T09:29:35","date_gmt":"2022-06-03T09:29:35","guid":{"rendered":"https:\/\/cormenpolska.pl\/?post_type=product&#038;p=2431"},"modified":"2022-09-06T10:29:39","modified_gmt":"2022-09-06T10:29:39","slug":"mop-syntetyczny-antybakteryjny","status":"publish","type":"product","link":"https:\/\/cormenpolska.pl\/?product=mop-syntetyczny-antybakteryjny","title":{"rendered":"MOP SYNTETYCZNY ANTYBAKTERYJNY"},"content":{"rendered":"<p>Paski mopa przyci\u0105gaj\u0105 i zatrzymuj\u0105 kurz, sier\u015b\u0107, w\u0142osy w swoich w\u0142\u00f3knach. Jest wyj\u0105tkowo ch\u0142onny i doskonale sprawdzi si\u0119 do zbierania rozlanych p\u0142yn\u00f3w.<\/p>\n","protected":false},"excerpt":{"rendered":"<p>Paski mopa przyci\u0105gaj\u0105 i zatrzymuj\u0105 kurz, sier\u015b\u0107, w\u0142osy w swoich w\u0142\u00f3knach. Jest wyj\u0105tkowo ch\u0142onny i doskonale sprawdzi si\u0119 do zbierania rozlanych p\u0142yn\u00f3w.<\/p>\n","protected":false},"featured_media":2432,"comment_status":"closed","ping_status":"closed","template":"","meta":{"inline_featured_image":false},"product_brand":[],"product_cat":[158],"product_tag":[],"class_list":{"0":"post-2431","1":"product","2":"type-product","3":"status-publish","4":"has-post-thumbnail","6":"product_cat-mopy-wklady","8":"first","9":"instock","10":"taxable","11":"shipping-taxable","12":"purchasable","13":"product-type-simple"},"_links":{"self":[{"href":"https:\/\/cormenpolska.pl\/index.php?rest_route=\/wp\/v2\/product\/2431","targetHints":{"allow":["GET"]}}],"collection":[{"href":"https:\/\/cormenpolska.pl\/index.php?rest_route=\/wp\/v2\/product"}],"about":[{"href":"https:\/\/cormenpolska.pl\/index.php?rest_route=\/wp\/v2\/types\/product"}],"replies":[{"embeddable":true,"href":"https:\/\/cormenpolska.pl\/index.php?rest_route=%2Fwp%2Fv2%2Fcomments&post=2431"}],"wp:featuredmedia":[{"embeddable":true,"href":"https:\/\/cormenpolska.pl\/index.php?rest_route=\/wp\/v2\/media\/2432"}],"wp:attachment":[{"href":"https:\/\/cormenpolska.pl\/index.php?rest_route=%2Fwp%2Fv2%2Fmedia&parent=2431"}],"wp:term":[{"taxonomy":"product_brand","embeddable":true,"href":"https:\/\/cormenpolska.pl\/index.php?rest_route=%2Fwp%2Fv2%2Fproduct_brand&post=2431"},{"taxonomy":"product_cat","embeddable":true,"href":"https:\/\/cormenpolska.pl\/index.php?rest_route=%2Fwp%2Fv2%2Fproduct_cat&post=2431"},{"taxonomy":"product_tag","embeddable":true,"href":"https:\/\/cormenpolska.pl\/index.php?rest_route=%2Fwp%2Fv2%2Fproduct_tag&post=2431"}],"curies":[{"name":"wp","href":"https:\/\/api.w.org\/{rel}","templated":true}]}}