{"id":2435,"date":"2022-06-03T09:35:09","date_gmt":"2022-06-03T09:35:09","guid":{"rendered":"https:\/\/cormenpolska.pl\/?post_type=product&#038;p=2435"},"modified":"2023-03-06T18:15:39","modified_gmt":"2023-03-06T18:15:39","slug":"mop-2","status":"publish","type":"product","link":"https:\/\/cormenpolska.pl\/?product=mop-2","title":{"rendered":"MOP z mikrofibry"},"content":{"rendered":"<p>Paski w MopMicro Power 2 zosta\u0142y wykonane z dw\u00f3ch rodzaj\u00f3w mikrofibry &#8211; kt\u00f3re czyszcz\u0105 ka\u017cd\u0105 powierzchni\u0119, przyci\u0105gaj\u0105 i zatrzymuj\u0105 kurz, w\u0142osy, sier\u015b\u0107, a tak\u017ce doskonale usuwaj\u0105 zabrudzenia, t\u0142uszcz oraz zaschni\u0119te plamy.<\/p>\n","protected":false},"excerpt":{"rendered":"<p>Paski w MopMicro Power 2 zosta\u0142y wykonane z dw\u00f3ch rodzaj\u00f3w mikrofibry &#8211; kt\u00f3re czyszcz\u0105 ka\u017cd\u0105 powierzchni\u0119, przyci\u0105gaj\u0105 i zatrzymuj\u0105 kurz, w\u0142osy, sier\u015b\u0107, a tak\u017ce doskonale usuwaj\u0105 zabrudzenia, t\u0142uszcz oraz zaschni\u0119te plamy.<\/p>\n","protected":false},"featured_media":2436,"comment_status":"closed","ping_status":"closed","template":"","meta":{"inline_featured_image":false},"product_brand":[],"product_cat":[158],"product_tag":[],"class_list":{"0":"post-2435","1":"product","2":"type-product","3":"status-publish","4":"has-post-thumbnail","6":"product_cat-mopy-wklady","8":"first","9":"instock","10":"taxable","11":"shipping-taxable","12":"purchasable","13":"product-type-simple"},"_links":{"self":[{"href":"https:\/\/cormenpolska.pl\/index.php?rest_route=\/wp\/v2\/product\/2435","targetHints":{"allow":["GET"]}}],"collection":[{"href":"https:\/\/cormenpolska.pl\/index.php?rest_route=\/wp\/v2\/product"}],"about":[{"href":"https:\/\/cormenpolska.pl\/index.php?rest_route=\/wp\/v2\/types\/product"}],"replies":[{"embeddable":true,"href":"https:\/\/cormenpolska.pl\/index.php?rest_route=%2Fwp%2Fv2%2Fcomments&post=2435"}],"wp:featuredmedia":[{"embeddable":true,"href":"https:\/\/cormenpolska.pl\/index.php?rest_route=\/wp\/v2\/media\/2436"}],"wp:attachment":[{"href":"https:\/\/cormenpolska.pl\/index.php?rest_route=%2Fwp%2Fv2%2Fmedia&parent=2435"}],"wp:term":[{"taxonomy":"product_brand","embeddable":true,"href":"https:\/\/cormenpolska.pl\/index.php?rest_route=%2Fwp%2Fv2%2Fproduct_brand&post=2435"},{"taxonomy":"product_cat","embeddable":true,"href":"https:\/\/cormenpolska.pl\/index.php?rest_route=%2Fwp%2Fv2%2Fproduct_cat&post=2435"},{"taxonomy":"product_tag","embeddable":true,"href":"https:\/\/cormenpolska.pl\/index.php?rest_route=%2Fwp%2Fv2%2Fproduct_tag&post=2435"}],"curies":[{"name":"wp","href":"https:\/\/api.w.org\/{rel}","templated":true}]}}