{"id":2457,"date":"2022-06-03T09:48:20","date_gmt":"2022-06-03T09:48:20","guid":{"rendered":"https:\/\/cormenpolska.pl\/?post_type=product&#038;p=2457"},"modified":"2022-09-06T10:23:19","modified_gmt":"2022-09-06T10:23:19","slug":"kij-130-m","status":"publish","type":"product","link":"https:\/\/cormenpolska.pl\/?product=kij-130-m","title":{"rendered":"KIJ 1,30 m"},"content":{"rendered":"<p>Antypo\u015blizgowa r\u0105czka zapewnia wygod\u0119 u\u017cycia. Praktyczny uchwyt umo\u017cliwia zawieszenie kija w dowolnym miejscu. Kompatybilny ze wszystkimi miot\u0142ami i mopami Elephant.<\/p>\n","protected":false},"excerpt":{"rendered":"<p>Antypo\u015blizgowa r\u0105czka zapewnia wygod\u0119 u\u017cycia. Praktyczny uchwyt umo\u017cliwia zawieszenie kija w dowolnym miejscu. Kompatybilny ze wszystkimi miot\u0142ami i mopami Elephant.<\/p>\n","protected":false},"featured_media":2458,"comment_status":"closed","ping_status":"closed","template":"","meta":{"inline_featured_image":false},"product_brand":[],"product_cat":[159],"product_tag":[],"class_list":{"0":"post-2457","1":"product","2":"type-product","3":"status-publish","4":"has-post-thumbnail","6":"product_cat-stelaze-i-uchwyty-do-mopow","8":"first","9":"instock","10":"taxable","11":"shipping-taxable","12":"purchasable","13":"product-type-simple"},"_links":{"self":[{"href":"https:\/\/cormenpolska.pl\/index.php?rest_route=\/wp\/v2\/product\/2457","targetHints":{"allow":["GET"]}}],"collection":[{"href":"https:\/\/cormenpolska.pl\/index.php?rest_route=\/wp\/v2\/product"}],"about":[{"href":"https:\/\/cormenpolska.pl\/index.php?rest_route=\/wp\/v2\/types\/product"}],"replies":[{"embeddable":true,"href":"https:\/\/cormenpolska.pl\/index.php?rest_route=%2Fwp%2Fv2%2Fcomments&post=2457"}],"wp:featuredmedia":[{"embeddable":true,"href":"https:\/\/cormenpolska.pl\/index.php?rest_route=\/wp\/v2\/media\/2458"}],"wp:attachment":[{"href":"https:\/\/cormenpolska.pl\/index.php?rest_route=%2Fwp%2Fv2%2Fmedia&parent=2457"}],"wp:term":[{"taxonomy":"product_brand","embeddable":true,"href":"https:\/\/cormenpolska.pl\/index.php?rest_route=%2Fwp%2Fv2%2Fproduct_brand&post=2457"},{"taxonomy":"product_cat","embeddable":true,"href":"https:\/\/cormenpolska.pl\/index.php?rest_route=%2Fwp%2Fv2%2Fproduct_cat&post=2457"},{"taxonomy":"product_tag","embeddable":true,"href":"https:\/\/cormenpolska.pl\/index.php?rest_route=%2Fwp%2Fv2%2Fproduct_tag&post=2457"}],"curies":[{"name":"wp","href":"https:\/\/api.w.org\/{rel}","templated":true}]}}