{"id":2464,"date":"2022-06-03T09:52:01","date_gmt":"2022-06-03T09:52:01","guid":{"rendered":"https:\/\/cormenpolska.pl\/?post_type=product&#038;p=2464"},"modified":"2023-03-06T18:09:25","modified_gmt":"2023-03-06T18:09:25","slug":"szczotka-do-szorowania","status":"publish","type":"product","link":"https:\/\/cormenpolska.pl\/?product=szczotka-do-szorowania","title":{"rendered":"SZCZOTKA DO SZOROWANIA"},"content":{"rendered":"<p>Szczotka na kij do szorowania, doskonale sprawdzi si\u0119 do czyszczenia pod\u0142\u00f3g, wyk\u0142adzin, dywan\u00f3w i innych powierchni. Nylonowe w\u0142\u00f3kna, s\u0105 niezwykle odporne i mo\u017cna je my\u0107 w wodzie o temperaturze do 90\u00b0C. Gumowane kraw\u0119dzie amortyzuj\u0105 uderzenia i zabezpieczaj\u0105 meble przed uszkodzeniami.<\/p>\n","protected":false},"excerpt":{"rendered":"<p>Szczotka na kij do szorowania, doskonale sprawdzi si\u0119 do czyszczenia pod\u0142\u00f3g, wyk\u0142adzin, dywan\u00f3w i innych powierchni. Nylonowe w\u0142\u00f3kna, s\u0105 niezwykle odporne i mo\u017cna je my\u0107 w wodzie o temperaturze do 90\u00b0C. Gumowane kraw\u0119dzie amortyzuj\u0105 uderzenia i zabezpieczaj\u0105 meble przed uszkodzeniami.<\/p>\n","protected":false},"featured_media":2465,"comment_status":"closed","ping_status":"closed","template":"","meta":{"inline_featured_image":false},"product_brand":[],"product_cat":[161],"product_tag":[],"class_list":{"0":"post-2464","1":"product","2":"type-product","3":"status-publish","4":"has-post-thumbnail","6":"product_cat-szczotki","8":"first","9":"instock","10":"taxable","11":"shipping-taxable","12":"purchasable","13":"product-type-simple"},"_links":{"self":[{"href":"https:\/\/cormenpolska.pl\/index.php?rest_route=\/wp\/v2\/product\/2464","targetHints":{"allow":["GET"]}}],"collection":[{"href":"https:\/\/cormenpolska.pl\/index.php?rest_route=\/wp\/v2\/product"}],"about":[{"href":"https:\/\/cormenpolska.pl\/index.php?rest_route=\/wp\/v2\/types\/product"}],"replies":[{"embeddable":true,"href":"https:\/\/cormenpolska.pl\/index.php?rest_route=%2Fwp%2Fv2%2Fcomments&post=2464"}],"wp:featuredmedia":[{"embeddable":true,"href":"https:\/\/cormenpolska.pl\/index.php?rest_route=\/wp\/v2\/media\/2465"}],"wp:attachment":[{"href":"https:\/\/cormenpolska.pl\/index.php?rest_route=%2Fwp%2Fv2%2Fmedia&parent=2464"}],"wp:term":[{"taxonomy":"product_brand","embeddable":true,"href":"https:\/\/cormenpolska.pl\/index.php?rest_route=%2Fwp%2Fv2%2Fproduct_brand&post=2464"},{"taxonomy":"product_cat","embeddable":true,"href":"https:\/\/cormenpolska.pl\/index.php?rest_route=%2Fwp%2Fv2%2Fproduct_cat&post=2464"},{"taxonomy":"product_tag","embeddable":true,"href":"https:\/\/cormenpolska.pl\/index.php?rest_route=%2Fwp%2Fv2%2Fproduct_tag&post=2464"}],"curies":[{"name":"wp","href":"https:\/\/api.w.org\/{rel}","templated":true}]}}