{"id":2479,"date":"2022-06-03T11:12:01","date_gmt":"2022-06-03T11:12:01","guid":{"rendered":"https:\/\/cormenpolska.pl\/?post_type=product&#038;p=2479"},"modified":"2023-03-06T18:05:46","modified_gmt":"2023-03-06T18:05:46","slug":"szufelka-ze-zmiotka-3","status":"publish","type":"product","link":"https:\/\/cormenpolska.pl\/?product=szufelka-ze-zmiotka-3","title":{"rendered":"SZUFELKA ZE ZMIOTK\u0104"},"content":{"rendered":"<p>Rozwarstwienie ko\u0144c\u00f3wek w\u0142osia poprawia skuteczno\u015b\u0107 zbierania \u015bmieci i kurzu i zapobiega unoszeniu si\u0119 ich w powietrze. Szeroka guma zapewnia lepsze przyleganie do czyszczonej powierzchni i jeszcze dok\u0142adniejsze zbieranie zabrudze\u0144.<\/p>\n","protected":false},"excerpt":{"rendered":"<p>Rozwarstwienie ko\u0144c\u00f3wek w\u0142osia poprawia skuteczno\u015b\u0107 zbierania \u015bmieci i kurzu i zapobiega unoszeniu si\u0119 ich w powietrze. Szeroka guma zapewnia lepsze przyleganie do czyszczonej powierzchni i jeszcze dok\u0142adniejsze zbieranie zabrudze\u0144.<\/p>\n","protected":false},"featured_media":2480,"comment_status":"closed","ping_status":"closed","template":"","meta":{"inline_featured_image":false},"product_brand":[],"product_cat":[160],"product_tag":[],"class_list":{"0":"post-2479","1":"product","2":"type-product","3":"status-publish","4":"has-post-thumbnail","6":"product_cat-miotly-i-szufelki","8":"first","9":"instock","10":"taxable","11":"shipping-taxable","12":"purchasable","13":"product-type-simple"},"_links":{"self":[{"href":"https:\/\/cormenpolska.pl\/index.php?rest_route=\/wp\/v2\/product\/2479","targetHints":{"allow":["GET"]}}],"collection":[{"href":"https:\/\/cormenpolska.pl\/index.php?rest_route=\/wp\/v2\/product"}],"about":[{"href":"https:\/\/cormenpolska.pl\/index.php?rest_route=\/wp\/v2\/types\/product"}],"replies":[{"embeddable":true,"href":"https:\/\/cormenpolska.pl\/index.php?rest_route=%2Fwp%2Fv2%2Fcomments&post=2479"}],"wp:featuredmedia":[{"embeddable":true,"href":"https:\/\/cormenpolska.pl\/index.php?rest_route=\/wp\/v2\/media\/2480"}],"wp:attachment":[{"href":"https:\/\/cormenpolska.pl\/index.php?rest_route=%2Fwp%2Fv2%2Fmedia&parent=2479"}],"wp:term":[{"taxonomy":"product_brand","embeddable":true,"href":"https:\/\/cormenpolska.pl\/index.php?rest_route=%2Fwp%2Fv2%2Fproduct_brand&post=2479"},{"taxonomy":"product_cat","embeddable":true,"href":"https:\/\/cormenpolska.pl\/index.php?rest_route=%2Fwp%2Fv2%2Fproduct_cat&post=2479"},{"taxonomy":"product_tag","embeddable":true,"href":"https:\/\/cormenpolska.pl\/index.php?rest_route=%2Fwp%2Fv2%2Fproduct_tag&post=2479"}],"curies":[{"name":"wp","href":"https:\/\/api.w.org\/{rel}","templated":true}]}}