{"id":2483,"date":"2022-06-03T11:36:07","date_gmt":"2022-06-03T11:36:07","guid":{"rendered":"https:\/\/cormenpolska.pl\/?post_type=product&#038;p=2483"},"modified":"2023-03-06T18:05:03","modified_gmt":"2023-03-06T18:05:03","slug":"sciagaczka-do-kabin-prysznicowych","status":"publish","type":"product","link":"https:\/\/cormenpolska.pl\/?product=sciagaczka-do-kabin-prysznicowych","title":{"rendered":"\u015aci\u0105gaczka do kabin prysznicowych"},"content":{"rendered":"<p>Precyzyjnie czy\u015bci \u015blady po mydle, eliminuj\u0105c powstawanie kamienia na wilgotnych \u015bcianach kabiny prysznicowej. Guma nie rysuje powierzchni szklanych. Posiada uchwyt na przyssawk\u0119 do mocowania na dowolnej, g\u0142adkiej powierzchni. Nadaje si\u0119 r\u00f3wnie\u017c do czyszczenia powierzchni szklanych i p\u0142ytek.<\/p>\n","protected":false},"excerpt":{"rendered":"<p>Precyzyjnie czy\u015bci \u015blady po mydle, eliminuj\u0105c powstawanie kamienia na wilgotnych \u015bcianach kabiny prysznicowej. Guma nie rysuje powierzchni szklanych. Posiada uchwyt na przyssawk\u0119 do mocowania na dowolnej, g\u0142adkiej powierzchni. Nadaje si\u0119 r\u00f3wnie\u017c do czyszczenia powierzchni szklanych i p\u0142ytek.<\/p>\n","protected":false},"featured_media":2484,"comment_status":"closed","ping_status":"closed","template":"","meta":{"inline_featured_image":false},"product_brand":[],"product_cat":[167],"product_tag":[],"class_list":{"0":"post-2483","1":"product","2":"type-product","3":"status-publish","4":"has-post-thumbnail","6":"product_cat-inne","8":"first","9":"instock","10":"taxable","11":"shipping-taxable","12":"purchasable","13":"product-type-simple"},"_links":{"self":[{"href":"https:\/\/cormenpolska.pl\/index.php?rest_route=\/wp\/v2\/product\/2483","targetHints":{"allow":["GET"]}}],"collection":[{"href":"https:\/\/cormenpolska.pl\/index.php?rest_route=\/wp\/v2\/product"}],"about":[{"href":"https:\/\/cormenpolska.pl\/index.php?rest_route=\/wp\/v2\/types\/product"}],"replies":[{"embeddable":true,"href":"https:\/\/cormenpolska.pl\/index.php?rest_route=%2Fwp%2Fv2%2Fcomments&post=2483"}],"wp:featuredmedia":[{"embeddable":true,"href":"https:\/\/cormenpolska.pl\/index.php?rest_route=\/wp\/v2\/media\/2484"}],"wp:attachment":[{"href":"https:\/\/cormenpolska.pl\/index.php?rest_route=%2Fwp%2Fv2%2Fmedia&parent=2483"}],"wp:term":[{"taxonomy":"product_brand","embeddable":true,"href":"https:\/\/cormenpolska.pl\/index.php?rest_route=%2Fwp%2Fv2%2Fproduct_brand&post=2483"},{"taxonomy":"product_cat","embeddable":true,"href":"https:\/\/cormenpolska.pl\/index.php?rest_route=%2Fwp%2Fv2%2Fproduct_cat&post=2483"},{"taxonomy":"product_tag","embeddable":true,"href":"https:\/\/cormenpolska.pl\/index.php?rest_route=%2Fwp%2Fv2%2Fproduct_tag&post=2483"}],"curies":[{"name":"wp","href":"https:\/\/api.w.org\/{rel}","templated":true}]}}