{"id":2485,"date":"2022-06-03T11:38:18","date_gmt":"2022-06-03T11:38:18","guid":{"rendered":"https:\/\/cormenpolska.pl\/?post_type=product&#038;p=2485"},"modified":"2023-03-06T18:04:48","modified_gmt":"2023-03-06T18:04:48","slug":"sciagaczka-do-szyb-30-cm","status":"publish","type":"product","link":"https:\/\/cormenpolska.pl\/?product=sciagaczka-do-szyb-30-cm","title":{"rendered":"\u015aci\u0105gaczka do szyb 30 cm"},"content":{"rendered":"<p>Szeroka \u015bci\u0105gaczka do szyb, 30 cm. Niezwykle wygodna i innowacyjna konstrukcja umo\u017cliwia przesuni\u0119cie r\u0119koje\u015bci wzgl\u0119dem \u015bci\u0105gaczki i dotarcie w trudno dost\u0119pne miejsca. Dok\u0142adnie \u015bci\u0105ga wod\u0119 i detergent nie zostawiaj\u0105c smug. Dociera do rog\u00f3w i k\u0105t\u00f3w.<\/p>\n","protected":false},"excerpt":{"rendered":"<p>Szeroka \u015bci\u0105gaczka do szyb, 30 cm. Niezwykle wygodna i innowacyjna konstrukcja umo\u017cliwia przesuni\u0119cie r\u0119koje\u015bci wzgl\u0119dem \u015bci\u0105gaczki i dotarcie w trudno dost\u0119pne miejsca. Dok\u0142adnie \u015bci\u0105ga wod\u0119 i detergent nie zostawiaj\u0105c smug. Dociera do rog\u00f3w i k\u0105t\u00f3w.<\/p>\n","protected":false},"featured_media":2486,"comment_status":"closed","ping_status":"closed","template":"","meta":{"inline_featured_image":false},"product_brand":[],"product_cat":[167],"product_tag":[],"class_list":{"0":"post-2485","1":"product","2":"type-product","3":"status-publish","4":"has-post-thumbnail","6":"product_cat-inne","8":"first","9":"instock","10":"taxable","11":"shipping-taxable","12":"purchasable","13":"product-type-simple"},"_links":{"self":[{"href":"https:\/\/cormenpolska.pl\/index.php?rest_route=\/wp\/v2\/product\/2485","targetHints":{"allow":["GET"]}}],"collection":[{"href":"https:\/\/cormenpolska.pl\/index.php?rest_route=\/wp\/v2\/product"}],"about":[{"href":"https:\/\/cormenpolska.pl\/index.php?rest_route=\/wp\/v2\/types\/product"}],"replies":[{"embeddable":true,"href":"https:\/\/cormenpolska.pl\/index.php?rest_route=%2Fwp%2Fv2%2Fcomments&post=2485"}],"wp:featuredmedia":[{"embeddable":true,"href":"https:\/\/cormenpolska.pl\/index.php?rest_route=\/wp\/v2\/media\/2486"}],"wp:attachment":[{"href":"https:\/\/cormenpolska.pl\/index.php?rest_route=%2Fwp%2Fv2%2Fmedia&parent=2485"}],"wp:term":[{"taxonomy":"product_brand","embeddable":true,"href":"https:\/\/cormenpolska.pl\/index.php?rest_route=%2Fwp%2Fv2%2Fproduct_brand&post=2485"},{"taxonomy":"product_cat","embeddable":true,"href":"https:\/\/cormenpolska.pl\/index.php?rest_route=%2Fwp%2Fv2%2Fproduct_cat&post=2485"},{"taxonomy":"product_tag","embeddable":true,"href":"https:\/\/cormenpolska.pl\/index.php?rest_route=%2Fwp%2Fv2%2Fproduct_tag&post=2485"}],"curies":[{"name":"wp","href":"https:\/\/api.w.org\/{rel}","templated":true}]}}