{"id":2489,"date":"2022-06-03T11:41:28","date_gmt":"2022-06-03T11:41:28","guid":{"rendered":"https:\/\/cormenpolska.pl\/?post_type=product&#038;p=2489"},"modified":"2023-03-06T18:04:12","modified_gmt":"2023-03-06T18:04:12","slug":"sciagaczka-2","status":"publish","type":"product","link":"https:\/\/cormenpolska.pl\/?product=sciagaczka-2","title":{"rendered":"\u015aci\u0105gaczka"},"content":{"rendered":"<p>Dzi\u0119ki swojej trzyk\u0105towej formie i zaokr\u0105glonych ko\u0144cach \u0142atwo i dok\u0142adnie czy\u015bci \u015blady po mydle i wodzie ze wszystkich powierzchni w \u0142azience (p\u0142ytek, \u015bcian, umywalki, rog\u00f3w przy wannie i prysznicu).<\/p>\n","protected":false},"excerpt":{"rendered":"<p>Dzi\u0119ki swojej trzyk\u0105towej formie i zaokr\u0105glonych ko\u0144cach \u0142atwo i dok\u0142adnie czy\u015bci \u015blady po mydle i wodzie ze wszystkich powierzchni w \u0142azience (p\u0142ytek, \u015bcian, umywalki, rog\u00f3w przy wannie i prysznicu).<\/p>\n","protected":false},"featured_media":2490,"comment_status":"closed","ping_status":"closed","template":"","meta":{"inline_featured_image":false},"product_brand":[],"product_cat":[167],"product_tag":[],"class_list":{"0":"post-2489","1":"product","2":"type-product","3":"status-publish","4":"has-post-thumbnail","6":"product_cat-inne","8":"first","9":"instock","10":"taxable","11":"shipping-taxable","12":"purchasable","13":"product-type-simple"},"_links":{"self":[{"href":"https:\/\/cormenpolska.pl\/index.php?rest_route=\/wp\/v2\/product\/2489","targetHints":{"allow":["GET"]}}],"collection":[{"href":"https:\/\/cormenpolska.pl\/index.php?rest_route=\/wp\/v2\/product"}],"about":[{"href":"https:\/\/cormenpolska.pl\/index.php?rest_route=\/wp\/v2\/types\/product"}],"replies":[{"embeddable":true,"href":"https:\/\/cormenpolska.pl\/index.php?rest_route=%2Fwp%2Fv2%2Fcomments&post=2489"}],"wp:featuredmedia":[{"embeddable":true,"href":"https:\/\/cormenpolska.pl\/index.php?rest_route=\/wp\/v2\/media\/2490"}],"wp:attachment":[{"href":"https:\/\/cormenpolska.pl\/index.php?rest_route=%2Fwp%2Fv2%2Fmedia&parent=2489"}],"wp:term":[{"taxonomy":"product_brand","embeddable":true,"href":"https:\/\/cormenpolska.pl\/index.php?rest_route=%2Fwp%2Fv2%2Fproduct_brand&post=2489"},{"taxonomy":"product_cat","embeddable":true,"href":"https:\/\/cormenpolska.pl\/index.php?rest_route=%2Fwp%2Fv2%2Fproduct_cat&post=2489"},{"taxonomy":"product_tag","embeddable":true,"href":"https:\/\/cormenpolska.pl\/index.php?rest_route=%2Fwp%2Fv2%2Fproduct_tag&post=2489"}],"curies":[{"name":"wp","href":"https:\/\/api.w.org\/{rel}","templated":true}]}}