{"id":2491,"date":"2022-06-03T11:43:50","date_gmt":"2022-06-03T11:43:50","guid":{"rendered":"https:\/\/cormenpolska.pl\/?post_type=product&#038;p=2491"},"modified":"2022-09-06T10:12:37","modified_gmt":"2022-09-06T10:12:37","slug":"sciagaczka-z-teleskopowym-kijem","status":"publish","type":"product","link":"https:\/\/cormenpolska.pl\/?product=sciagaczka-z-teleskopowym-kijem","title":{"rendered":"\u015aci\u0105gaczka z teleskopowym kijem"},"content":{"rendered":"<p>Praktyczny system do mycia szyb. \u015aci\u0105gaczka z teleskopowym kijem u\u0142atwia dotarcie do wysokich powierzchni. Wymienna nak\u0142adka mocowana na rzep, dzi\u0119ki warstwie \u015bcieraj\u0105cej dok\u0142adnie myje i szoruje bez zarysowa\u0144 oraz bez konieczno\u015bci u\u017cycia detergent\u00f3w. Gumowa \u015bci\u0105gaczka dok\u0142adnie \u015bci\u0105ga wod\u0119 i nie pozostawia smug. Mo\u017cliwo\u015b\u0107 ustawienia g\u0142owicy pod dowolnym k\u0105tem wzgl\u0119dem kija umo\u017cliwia dotarcie w trudno dost\u0119pne miejsca.<\/p>\n","protected":false},"excerpt":{"rendered":"<p>Praktyczny system do mycia szyb. \u015aci\u0105gaczka z teleskopowym kijem u\u0142atwia dotarcie do wysokich powierzchni. Wymienna nak\u0142adka mocowana na rzep, dzi\u0119ki warstwie \u015bcieraj\u0105cej dok\u0142adnie myje i szoruje bez zarysowa\u0144 oraz bez konieczno\u015bci u\u017cycia detergent\u00f3w. Gumowa \u015bci\u0105gaczka dok\u0142adnie \u015bci\u0105ga wod\u0119 i nie &hellip; <a class=\"kt-excerpt-readmore more-link\" href=\"https:\/\/cormenpolska.pl\/?product=sciagaczka-z-teleskopowym-kijem\">Czytaj wi\u0119cej<\/a><\/p>\n","protected":false},"featured_media":2492,"comment_status":"closed","ping_status":"closed","template":"","meta":{"inline_featured_image":false},"product_brand":[],"product_cat":[167],"product_tag":[],"class_list":{"0":"post-2491","1":"product","2":"type-product","3":"status-publish","4":"has-post-thumbnail","6":"product_cat-inne","8":"first","9":"instock","10":"taxable","11":"shipping-taxable","12":"purchasable","13":"product-type-simple"},"_links":{"self":[{"href":"https:\/\/cormenpolska.pl\/index.php?rest_route=\/wp\/v2\/product\/2491","targetHints":{"allow":["GET"]}}],"collection":[{"href":"https:\/\/cormenpolska.pl\/index.php?rest_route=\/wp\/v2\/product"}],"about":[{"href":"https:\/\/cormenpolska.pl\/index.php?rest_route=\/wp\/v2\/types\/product"}],"replies":[{"embeddable":true,"href":"https:\/\/cormenpolska.pl\/index.php?rest_route=%2Fwp%2Fv2%2Fcomments&post=2491"}],"wp:featuredmedia":[{"embeddable":true,"href":"https:\/\/cormenpolska.pl\/index.php?rest_route=\/wp\/v2\/media\/2492"}],"wp:attachment":[{"href":"https:\/\/cormenpolska.pl\/index.php?rest_route=%2Fwp%2Fv2%2Fmedia&parent=2491"}],"wp:term":[{"taxonomy":"product_brand","embeddable":true,"href":"https:\/\/cormenpolska.pl\/index.php?rest_route=%2Fwp%2Fv2%2Fproduct_brand&post=2491"},{"taxonomy":"product_cat","embeddable":true,"href":"https:\/\/cormenpolska.pl\/index.php?rest_route=%2Fwp%2Fv2%2Fproduct_cat&post=2491"},{"taxonomy":"product_tag","embeddable":true,"href":"https:\/\/cormenpolska.pl\/index.php?rest_route=%2Fwp%2Fv2%2Fproduct_tag&post=2491"}],"curies":[{"name":"wp","href":"https:\/\/api.w.org\/{rel}","templated":true}]}}