{"id":2493,"date":"2022-06-03T11:45:32","date_gmt":"2022-06-03T11:45:32","guid":{"rendered":"https:\/\/cormenpolska.pl\/?post_type=product&#038;p=2493"},"modified":"2023-03-06T18:03:46","modified_gmt":"2023-03-06T18:03:46","slug":"wymiana-sciagaczki-do-szyb","status":"publish","type":"product","link":"https:\/\/cormenpolska.pl\/?product=wymiana-sciagaczki-do-szyb","title":{"rendered":"Wymiana \u015bci\u0105gaczki do szyb"},"content":{"rendered":"<p>G\u0105bka z paskiem szoruj\u0105cym do mycia i czyszczenia trudnych zabrudze\u0144 &#8211; jako\u015b\u0107 mikrofibry, idealna do czyszczenia.<\/p>\n","protected":false},"excerpt":{"rendered":"<p>G\u0105bka z paskiem szoruj\u0105cym do mycia i czyszczenia trudnych zabrudze\u0144 &#8211; jako\u015b\u0107 mikrofibry, idealna do czyszczenia.<\/p>\n","protected":false},"featured_media":2494,"comment_status":"closed","ping_status":"closed","template":"","meta":{"inline_featured_image":false},"product_brand":[],"product_cat":[167],"product_tag":[],"class_list":{"0":"post-2493","1":"product","2":"type-product","3":"status-publish","4":"has-post-thumbnail","6":"product_cat-inne","8":"first","9":"instock","10":"taxable","11":"shipping-taxable","12":"purchasable","13":"product-type-simple"},"_links":{"self":[{"href":"https:\/\/cormenpolska.pl\/index.php?rest_route=\/wp\/v2\/product\/2493","targetHints":{"allow":["GET"]}}],"collection":[{"href":"https:\/\/cormenpolska.pl\/index.php?rest_route=\/wp\/v2\/product"}],"about":[{"href":"https:\/\/cormenpolska.pl\/index.php?rest_route=\/wp\/v2\/types\/product"}],"replies":[{"embeddable":true,"href":"https:\/\/cormenpolska.pl\/index.php?rest_route=%2Fwp%2Fv2%2Fcomments&post=2493"}],"wp:featuredmedia":[{"embeddable":true,"href":"https:\/\/cormenpolska.pl\/index.php?rest_route=\/wp\/v2\/media\/2494"}],"wp:attachment":[{"href":"https:\/\/cormenpolska.pl\/index.php?rest_route=%2Fwp%2Fv2%2Fmedia&parent=2493"}],"wp:term":[{"taxonomy":"product_brand","embeddable":true,"href":"https:\/\/cormenpolska.pl\/index.php?rest_route=%2Fwp%2Fv2%2Fproduct_brand&post=2493"},{"taxonomy":"product_cat","embeddable":true,"href":"https:\/\/cormenpolska.pl\/index.php?rest_route=%2Fwp%2Fv2%2Fproduct_cat&post=2493"},{"taxonomy":"product_tag","embeddable":true,"href":"https:\/\/cormenpolska.pl\/index.php?rest_route=%2Fwp%2Fv2%2Fproduct_tag&post=2493"}],"curies":[{"name":"wp","href":"https:\/\/api.w.org\/{rel}","templated":true}]}}