{"id":2499,"date":"2022-06-03T11:51:41","date_gmt":"2022-06-03T11:51:41","guid":{"rendered":"https:\/\/cormenpolska.pl\/?post_type=product&#038;p=2499"},"modified":"2023-03-06T18:02:36","modified_gmt":"2023-03-06T18:02:36","slug":"szczotka-do-szorowania-2","status":"publish","type":"product","link":"https:\/\/cormenpolska.pl\/?product=szczotka-do-szorowania-2","title":{"rendered":"Szczotka do szorowania"},"content":{"rendered":"<p>Przeznaczona do szorowania trudnych zabrudze\u0144 w \u0142azience i kuchni. Ergonomiczny kszta\u0142t i uchwyty antypo\u015blizgowe zapobiegaj\u0105 wy\u015blizgiwaniu si\u0119 z d\u0142oni i zapewniaj\u0105 wygodne u\u017cycie. Nylonowe w\u0142\u00f3kna s\u0105 niezwykle odporne &#8211; wytrzymuj\u0105 w wodzie o temperaturze 90\u00b0C.<\/p>\n","protected":false},"excerpt":{"rendered":"<p>Przeznaczona do szorowania trudnych zabrudze\u0144 w \u0142azience i kuchni. Ergonomiczny kszta\u0142t i uchwyty antypo\u015blizgowe zapobiegaj\u0105 wy\u015blizgiwaniu si\u0119 z d\u0142oni i zapewniaj\u0105 wygodne u\u017cycie. Nylonowe w\u0142\u00f3kna s\u0105 niezwykle odporne &#8211; wytrzymuj\u0105 w wodzie o temperaturze 90\u00b0C.<\/p>\n","protected":false},"featured_media":2500,"comment_status":"closed","ping_status":"closed","template":"","meta":{"inline_featured_image":false},"product_brand":[],"product_cat":[161],"product_tag":[],"class_list":{"0":"post-2499","1":"product","2":"type-product","3":"status-publish","4":"has-post-thumbnail","6":"product_cat-szczotki","8":"first","9":"instock","10":"taxable","11":"shipping-taxable","12":"purchasable","13":"product-type-simple"},"_links":{"self":[{"href":"https:\/\/cormenpolska.pl\/index.php?rest_route=\/wp\/v2\/product\/2499","targetHints":{"allow":["GET"]}}],"collection":[{"href":"https:\/\/cormenpolska.pl\/index.php?rest_route=\/wp\/v2\/product"}],"about":[{"href":"https:\/\/cormenpolska.pl\/index.php?rest_route=\/wp\/v2\/types\/product"}],"replies":[{"embeddable":true,"href":"https:\/\/cormenpolska.pl\/index.php?rest_route=%2Fwp%2Fv2%2Fcomments&post=2499"}],"wp:featuredmedia":[{"embeddable":true,"href":"https:\/\/cormenpolska.pl\/index.php?rest_route=\/wp\/v2\/media\/2500"}],"wp:attachment":[{"href":"https:\/\/cormenpolska.pl\/index.php?rest_route=%2Fwp%2Fv2%2Fmedia&parent=2499"}],"wp:term":[{"taxonomy":"product_brand","embeddable":true,"href":"https:\/\/cormenpolska.pl\/index.php?rest_route=%2Fwp%2Fv2%2Fproduct_brand&post=2499"},{"taxonomy":"product_cat","embeddable":true,"href":"https:\/\/cormenpolska.pl\/index.php?rest_route=%2Fwp%2Fv2%2Fproduct_cat&post=2499"},{"taxonomy":"product_tag","embeddable":true,"href":"https:\/\/cormenpolska.pl\/index.php?rest_route=%2Fwp%2Fv2%2Fproduct_tag&post=2499"}],"curies":[{"name":"wp","href":"https:\/\/api.w.org\/{rel}","templated":true}]}}