{"id":2501,"date":"2022-06-03T11:52:39","date_gmt":"2022-06-03T11:52:39","guid":{"rendered":"https:\/\/cormenpolska.pl\/?post_type=product&#038;p=2501"},"modified":"2023-03-06T18:02:16","modified_gmt":"2023-03-06T18:02:16","slug":"szczotka-zelazko","status":"publish","type":"product","link":"https:\/\/cormenpolska.pl\/?product=szczotka-zelazko","title":{"rendered":"SZCZOTKA \u017bELAZKO"},"content":{"rendered":"<p>Kszta\u0142t szczotki zosta\u0142 opracowany tak, aby dociera\u0107 w rogi i zakamarki. Sztywne i odporne w\u0142osie idealne czy\u015bci i szoruje trudne zabrudzenia. Doskonale sprawdzi si\u0119 do prania wyk\u0142adzin i dywan\u00f3w. Ergonomiczna, antypo\u015blizgowa r\u0105czka zapewnia wygod\u0119 u\u017cycia.<\/p>\n","protected":false},"excerpt":{"rendered":"<p>Kszta\u0142t szczotki zosta\u0142 opracowany tak, aby dociera\u0107 w rogi i zakamarki. Sztywne i odporne w\u0142osie idealne czy\u015bci i szoruje trudne zabrudzenia. Doskonale sprawdzi si\u0119 do prania wyk\u0142adzin i dywan\u00f3w. Ergonomiczna, antypo\u015blizgowa r\u0105czka zapewnia wygod\u0119 u\u017cycia.<\/p>\n","protected":false},"featured_media":2502,"comment_status":"closed","ping_status":"closed","template":"","meta":{"inline_featured_image":false},"product_brand":[],"product_cat":[161],"product_tag":[],"class_list":{"0":"post-2501","1":"product","2":"type-product","3":"status-publish","4":"has-post-thumbnail","6":"product_cat-szczotki","8":"first","9":"instock","10":"taxable","11":"shipping-taxable","12":"purchasable","13":"product-type-simple"},"_links":{"self":[{"href":"https:\/\/cormenpolska.pl\/index.php?rest_route=\/wp\/v2\/product\/2501","targetHints":{"allow":["GET"]}}],"collection":[{"href":"https:\/\/cormenpolska.pl\/index.php?rest_route=\/wp\/v2\/product"}],"about":[{"href":"https:\/\/cormenpolska.pl\/index.php?rest_route=\/wp\/v2\/types\/product"}],"replies":[{"embeddable":true,"href":"https:\/\/cormenpolska.pl\/index.php?rest_route=%2Fwp%2Fv2%2Fcomments&post=2501"}],"wp:featuredmedia":[{"embeddable":true,"href":"https:\/\/cormenpolska.pl\/index.php?rest_route=\/wp\/v2\/media\/2502"}],"wp:attachment":[{"href":"https:\/\/cormenpolska.pl\/index.php?rest_route=%2Fwp%2Fv2%2Fmedia&parent=2501"}],"wp:term":[{"taxonomy":"product_brand","embeddable":true,"href":"https:\/\/cormenpolska.pl\/index.php?rest_route=%2Fwp%2Fv2%2Fproduct_brand&post=2501"},{"taxonomy":"product_cat","embeddable":true,"href":"https:\/\/cormenpolska.pl\/index.php?rest_route=%2Fwp%2Fv2%2Fproduct_cat&post=2501"},{"taxonomy":"product_tag","embeddable":true,"href":"https:\/\/cormenpolska.pl\/index.php?rest_route=%2Fwp%2Fv2%2Fproduct_tag&post=2501"}],"curies":[{"name":"wp","href":"https:\/\/api.w.org\/{rel}","templated":true}]}}