{"id":2509,"date":"2022-06-03T11:58:42","date_gmt":"2022-06-03T11:58:42","guid":{"rendered":"https:\/\/cormenpolska.pl\/?post_type=product&#038;p=2509"},"modified":"2023-03-06T18:00:43","modified_gmt":"2023-03-06T18:00:43","slug":"szczotka-do-szorowania-trudno-dostepnych-miejsc","status":"publish","type":"product","link":"https:\/\/cormenpolska.pl\/?product=szczotka-do-szorowania-trudno-dostepnych-miejsc","title":{"rendered":"Szczotka do szorowania trudno dost\u0119pnych miejsc"},"content":{"rendered":"<p>Czyszczenie trudno dost\u0119pnych miejsc nie jest ju\u017c problemem! Bardzo wytrzyma\u0142a szczotka z cienk\u0105 g\u0142\u00f3wka wyczy\u015bci zabrudzenia w rogach i k\u0105tach. Mo\u017ce by\u0107 u\u017cywana do czyszczenia fug, usuwania osadu kamiennego z kranu lub czyszczenia piekarnik\u00f3w. Nylonowe w\u0142\u00f3kna s\u0105 odporne na wysok\u0105 temperatur\u0119 (90\u00b0C).<\/p>\n","protected":false},"excerpt":{"rendered":"<p>Czyszczenie trudno dost\u0119pnych miejsc nie jest ju\u017c problemem! Bardzo wytrzyma\u0142a szczotka z cienk\u0105 g\u0142\u00f3wka wyczy\u015bci zabrudzenia w rogach i k\u0105tach. Mo\u017ce by\u0107 u\u017cywana do czyszczenia fug, usuwania osadu kamiennego z kranu lub czyszczenia piekarnik\u00f3w. Nylonowe w\u0142\u00f3kna s\u0105 odporne na wysok\u0105 &hellip; <a class=\"kt-excerpt-readmore more-link\" href=\"https:\/\/cormenpolska.pl\/?product=szczotka-do-szorowania-trudno-dostepnych-miejsc\">Czytaj wi\u0119cej<\/a><\/p>\n","protected":false},"featured_media":2510,"comment_status":"closed","ping_status":"closed","template":"","meta":{"inline_featured_image":false},"product_brand":[],"product_cat":[161],"product_tag":[],"class_list":{"0":"post-2509","1":"product","2":"type-product","3":"status-publish","4":"has-post-thumbnail","6":"product_cat-szczotki","8":"first","9":"instock","10":"taxable","11":"shipping-taxable","12":"purchasable","13":"product-type-simple"},"_links":{"self":[{"href":"https:\/\/cormenpolska.pl\/index.php?rest_route=\/wp\/v2\/product\/2509","targetHints":{"allow":["GET"]}}],"collection":[{"href":"https:\/\/cormenpolska.pl\/index.php?rest_route=\/wp\/v2\/product"}],"about":[{"href":"https:\/\/cormenpolska.pl\/index.php?rest_route=\/wp\/v2\/types\/product"}],"replies":[{"embeddable":true,"href":"https:\/\/cormenpolska.pl\/index.php?rest_route=%2Fwp%2Fv2%2Fcomments&post=2509"}],"wp:featuredmedia":[{"embeddable":true,"href":"https:\/\/cormenpolska.pl\/index.php?rest_route=\/wp\/v2\/media\/2510"}],"wp:attachment":[{"href":"https:\/\/cormenpolska.pl\/index.php?rest_route=%2Fwp%2Fv2%2Fmedia&parent=2509"}],"wp:term":[{"taxonomy":"product_brand","embeddable":true,"href":"https:\/\/cormenpolska.pl\/index.php?rest_route=%2Fwp%2Fv2%2Fproduct_brand&post=2509"},{"taxonomy":"product_cat","embeddable":true,"href":"https:\/\/cormenpolska.pl\/index.php?rest_route=%2Fwp%2Fv2%2Fproduct_cat&post=2509"},{"taxonomy":"product_tag","embeddable":true,"href":"https:\/\/cormenpolska.pl\/index.php?rest_route=%2Fwp%2Fv2%2Fproduct_tag&post=2509"}],"curies":[{"name":"wp","href":"https:\/\/api.w.org\/{rel}","templated":true}]}}