{"id":2511,"date":"2022-06-03T12:00:19","date_gmt":"2022-06-03T12:00:19","guid":{"rendered":"https:\/\/cormenpolska.pl\/?post_type=product&#038;p=2511"},"modified":"2023-03-06T18:00:07","modified_gmt":"2023-03-06T18:00:07","slug":"szczotka-do-naczyn-2","status":"publish","type":"product","link":"https:\/\/cormenpolska.pl\/?product=szczotka-do-naczyn-2","title":{"rendered":"SZCZOTKA DO NACZY\u0143"},"content":{"rendered":"<p>Sztywne i odporne w\u0142osie doskonale usuwa przypalenia i inne uporczywe zabrudzenia. Ergonomiczna i antypo\u015blizgowa r\u0105czka zapewnia wygod\u0119 u\u017cycia i zapobiega wy\u015blizgiwaniu si\u0119 z r\u0105k. Przyssawka umo\u017cliwia \u0142atwe i wygodne przechowywanie szczotki blisko zlewu \u2013 uchwyt antypo\u015blizgowy.<\/p>\n","protected":false},"excerpt":{"rendered":"<p>Sztywne i odporne w\u0142osie doskonale usuwa przypalenia i inne uporczywe zabrudzenia. Ergonomiczna i antypo\u015blizgowa r\u0105czka zapewnia wygod\u0119 u\u017cycia i zapobiega wy\u015blizgiwaniu si\u0119 z r\u0105k. Przyssawka umo\u017cliwia \u0142atwe i wygodne przechowywanie szczotki blisko zlewu \u2013 uchwyt antypo\u015blizgowy.<\/p>\n","protected":false},"featured_media":2512,"comment_status":"closed","ping_status":"closed","template":"","meta":{"inline_featured_image":false},"product_brand":[],"product_cat":[161],"product_tag":[],"class_list":{"0":"post-2511","1":"product","2":"type-product","3":"status-publish","4":"has-post-thumbnail","6":"product_cat-szczotki","8":"first","9":"instock","10":"taxable","11":"shipping-taxable","12":"purchasable","13":"product-type-simple"},"_links":{"self":[{"href":"https:\/\/cormenpolska.pl\/index.php?rest_route=\/wp\/v2\/product\/2511","targetHints":{"allow":["GET"]}}],"collection":[{"href":"https:\/\/cormenpolska.pl\/index.php?rest_route=\/wp\/v2\/product"}],"about":[{"href":"https:\/\/cormenpolska.pl\/index.php?rest_route=\/wp\/v2\/types\/product"}],"replies":[{"embeddable":true,"href":"https:\/\/cormenpolska.pl\/index.php?rest_route=%2Fwp%2Fv2%2Fcomments&post=2511"}],"wp:featuredmedia":[{"embeddable":true,"href":"https:\/\/cormenpolska.pl\/index.php?rest_route=\/wp\/v2\/media\/2512"}],"wp:attachment":[{"href":"https:\/\/cormenpolska.pl\/index.php?rest_route=%2Fwp%2Fv2%2Fmedia&parent=2511"}],"wp:term":[{"taxonomy":"product_brand","embeddable":true,"href":"https:\/\/cormenpolska.pl\/index.php?rest_route=%2Fwp%2Fv2%2Fproduct_brand&post=2511"},{"taxonomy":"product_cat","embeddable":true,"href":"https:\/\/cormenpolska.pl\/index.php?rest_route=%2Fwp%2Fv2%2Fproduct_cat&post=2511"},{"taxonomy":"product_tag","embeddable":true,"href":"https:\/\/cormenpolska.pl\/index.php?rest_route=%2Fwp%2Fv2%2Fproduct_tag&post=2511"}],"curies":[{"name":"wp","href":"https:\/\/api.w.org\/{rel}","templated":true}]}}