{"id":2515,"date":"2022-06-03T12:03:59","date_gmt":"2022-06-03T12:03:59","guid":{"rendered":"https:\/\/cormenpolska.pl\/?post_type=product&#038;p=2515"},"modified":"2022-09-06T10:05:30","modified_gmt":"2022-09-06T10:05:30","slug":"szczotka-do-butelek","status":"publish","type":"product","link":"https:\/\/cormenpolska.pl\/?product=szczotka-do-butelek","title":{"rendered":"SZCZOTKA DO BUTELEK"},"content":{"rendered":"<p>Szczotka do butelek i smoczk\u00f3w 2w1. Ko\u0144c\u00f3wka dopasowana do czyszczenia butelek, wazon\u00f3w lub te\u017c buteleczek dla dzieci. Dodatkowa mini szczoteczka znajduj\u0105ca si\u0119 w r\u0105czce sprawdzi si\u0119 do czyszczenia smoczk\u00f3w dzieci\u0119cych.<\/p>\n","protected":false},"excerpt":{"rendered":"<p>Szczotka do butelek i smoczk\u00f3w 2w1. Ko\u0144c\u00f3wka dopasowana do czyszczenia butelek, wazon\u00f3w lub te\u017c buteleczek dla dzieci. Dodatkowa mini szczoteczka znajduj\u0105ca si\u0119 w r\u0105czce sprawdzi si\u0119 do czyszczenia smoczk\u00f3w dzieci\u0119cych.<\/p>\n","protected":false},"featured_media":2516,"comment_status":"closed","ping_status":"closed","template":"","meta":{"inline_featured_image":false},"product_brand":[],"product_cat":[161],"product_tag":[],"class_list":{"0":"post-2515","1":"product","2":"type-product","3":"status-publish","4":"has-post-thumbnail","6":"product_cat-szczotki","8":"first","9":"instock","10":"taxable","11":"shipping-taxable","12":"purchasable","13":"product-type-simple"},"_links":{"self":[{"href":"https:\/\/cormenpolska.pl\/index.php?rest_route=\/wp\/v2\/product\/2515","targetHints":{"allow":["GET"]}}],"collection":[{"href":"https:\/\/cormenpolska.pl\/index.php?rest_route=\/wp\/v2\/product"}],"about":[{"href":"https:\/\/cormenpolska.pl\/index.php?rest_route=\/wp\/v2\/types\/product"}],"replies":[{"embeddable":true,"href":"https:\/\/cormenpolska.pl\/index.php?rest_route=%2Fwp%2Fv2%2Fcomments&post=2515"}],"wp:featuredmedia":[{"embeddable":true,"href":"https:\/\/cormenpolska.pl\/index.php?rest_route=\/wp\/v2\/media\/2516"}],"wp:attachment":[{"href":"https:\/\/cormenpolska.pl\/index.php?rest_route=%2Fwp%2Fv2%2Fmedia&parent=2515"}],"wp:term":[{"taxonomy":"product_brand","embeddable":true,"href":"https:\/\/cormenpolska.pl\/index.php?rest_route=%2Fwp%2Fv2%2Fproduct_brand&post=2515"},{"taxonomy":"product_cat","embeddable":true,"href":"https:\/\/cormenpolska.pl\/index.php?rest_route=%2Fwp%2Fv2%2Fproduct_cat&post=2515"},{"taxonomy":"product_tag","embeddable":true,"href":"https:\/\/cormenpolska.pl\/index.php?rest_route=%2Fwp%2Fv2%2Fproduct_tag&post=2515"}],"curies":[{"name":"wp","href":"https:\/\/api.w.org\/{rel}","templated":true}]}}