{"id":2517,"date":"2022-06-03T12:05:18","date_gmt":"2022-06-03T12:05:18","guid":{"rendered":"https:\/\/cormenpolska.pl\/?post_type=product&#038;p=2517"},"modified":"2022-09-06T10:04:41","modified_gmt":"2022-09-06T10:04:41","slug":"szczotka-pump","status":"publish","type":"product","link":"https:\/\/cormenpolska.pl\/?product=szczotka-pump","title":{"rendered":"SZCZOTKA PUMP"},"content":{"rendered":"<p>Idealne zast\u0119pstwo dla tradycyjnego czy\u015bcika! Nie rysuje i nie uszkadza powierzchni patelni, garnk\u00f3w i innych naczy\u0144. Doskonale usuwa przypalenia i uporczywe zabrudzenia. Praktyczny pojemnik na p\u0142yn do mycia naczy\u0144 zapewnia wygodne mycie naczy\u0144 bez konieczno\u015bci ci\u0105g\u0142ego si\u0119gania po detergent &#8211; wystarczy przycisn\u0105\u0107 niebieski przycisk na czubku szczoteczki, dozuj\u0105c tym samym idealn\u0105 porcj\u0119 p\u0142ynu do mycia naczy\u0144.<\/p>\n","protected":false},"excerpt":{"rendered":"<p>Idealne zast\u0119pstwo dla tradycyjnego czy\u015bcika! Nie rysuje i nie uszkadza powierzchni patelni, garnk\u00f3w i innych naczy\u0144. Doskonale usuwa przypalenia i uporczywe zabrudzenia. Praktyczny pojemnik na p\u0142yn do mycia naczy\u0144 zapewnia wygodne mycie naczy\u0144 bez konieczno\u015bci ci\u0105g\u0142ego si\u0119gania po detergent &#8211; &hellip; <a class=\"kt-excerpt-readmore more-link\" href=\"https:\/\/cormenpolska.pl\/?product=szczotka-pump\">Czytaj wi\u0119cej<\/a><\/p>\n","protected":false},"featured_media":2518,"comment_status":"closed","ping_status":"closed","template":"","meta":{"inline_featured_image":false},"product_brand":[],"product_cat":[161],"product_tag":[],"class_list":{"0":"post-2517","1":"product","2":"type-product","3":"status-publish","4":"has-post-thumbnail","6":"product_cat-szczotki","8":"first","9":"instock","10":"taxable","11":"shipping-taxable","12":"purchasable","13":"product-type-simple"},"_links":{"self":[{"href":"https:\/\/cormenpolska.pl\/index.php?rest_route=\/wp\/v2\/product\/2517","targetHints":{"allow":["GET"]}}],"collection":[{"href":"https:\/\/cormenpolska.pl\/index.php?rest_route=\/wp\/v2\/product"}],"about":[{"href":"https:\/\/cormenpolska.pl\/index.php?rest_route=\/wp\/v2\/types\/product"}],"replies":[{"embeddable":true,"href":"https:\/\/cormenpolska.pl\/index.php?rest_route=%2Fwp%2Fv2%2Fcomments&post=2517"}],"wp:featuredmedia":[{"embeddable":true,"href":"https:\/\/cormenpolska.pl\/index.php?rest_route=\/wp\/v2\/media\/2518"}],"wp:attachment":[{"href":"https:\/\/cormenpolska.pl\/index.php?rest_route=%2Fwp%2Fv2%2Fmedia&parent=2517"}],"wp:term":[{"taxonomy":"product_brand","embeddable":true,"href":"https:\/\/cormenpolska.pl\/index.php?rest_route=%2Fwp%2Fv2%2Fproduct_brand&post=2517"},{"taxonomy":"product_cat","embeddable":true,"href":"https:\/\/cormenpolska.pl\/index.php?rest_route=%2Fwp%2Fv2%2Fproduct_cat&post=2517"},{"taxonomy":"product_tag","embeddable":true,"href":"https:\/\/cormenpolska.pl\/index.php?rest_route=%2Fwp%2Fv2%2Fproduct_tag&post=2517"}],"curies":[{"name":"wp","href":"https:\/\/api.w.org\/{rel}","templated":true}]}}