{"id":2520,"date":"2022-06-03T12:06:33","date_gmt":"2022-06-03T12:06:33","guid":{"rendered":"https:\/\/cormenpolska.pl\/?post_type=product&#038;p=2520"},"modified":"2023-03-06T17:58:42","modified_gmt":"2023-03-06T17:58:42","slug":"zmywak-kuchenny-5-szt","status":"publish","type":"product","link":"https:\/\/cormenpolska.pl\/?product=zmywak-kuchenny-5-szt","title":{"rendered":"Zmywak kuchenny 5 szt."},"content":{"rendered":"<p>Uniwersalny zmywak kuchenny, wykonany z ch\u0142onnej i wytrzyma\u0142ej g\u0105bki, z ciemnozielon\u0105 warstw\u0105 szoruj\u0105c\u0105. Idealny do mycia naczy\u0144, sztu\u0107c\u00f3w oraz garnk\u00f3w.<\/p>\n","protected":false},"excerpt":{"rendered":"<p>Uniwersalny zmywak kuchenny, wykonany z ch\u0142onnej i wytrzyma\u0142ej g\u0105bki, z ciemnozielon\u0105 warstw\u0105 szoruj\u0105c\u0105. Idealny do mycia naczy\u0144, sztu\u0107c\u00f3w oraz garnk\u00f3w.<\/p>\n","protected":false},"featured_media":2521,"comment_status":"closed","ping_status":"closed","template":"","meta":{"inline_featured_image":false},"product_brand":[],"product_cat":[163],"product_tag":[],"class_list":{"0":"post-2520","1":"product","2":"type-product","3":"status-publish","4":"has-post-thumbnail","6":"product_cat-gabki-i-druciaki","8":"first","9":"instock","10":"taxable","11":"shipping-taxable","12":"purchasable","13":"product-type-simple"},"_links":{"self":[{"href":"https:\/\/cormenpolska.pl\/index.php?rest_route=\/wp\/v2\/product\/2520","targetHints":{"allow":["GET"]}}],"collection":[{"href":"https:\/\/cormenpolska.pl\/index.php?rest_route=\/wp\/v2\/product"}],"about":[{"href":"https:\/\/cormenpolska.pl\/index.php?rest_route=\/wp\/v2\/types\/product"}],"replies":[{"embeddable":true,"href":"https:\/\/cormenpolska.pl\/index.php?rest_route=%2Fwp%2Fv2%2Fcomments&post=2520"}],"wp:featuredmedia":[{"embeddable":true,"href":"https:\/\/cormenpolska.pl\/index.php?rest_route=\/wp\/v2\/media\/2521"}],"wp:attachment":[{"href":"https:\/\/cormenpolska.pl\/index.php?rest_route=%2Fwp%2Fv2%2Fmedia&parent=2520"}],"wp:term":[{"taxonomy":"product_brand","embeddable":true,"href":"https:\/\/cormenpolska.pl\/index.php?rest_route=%2Fwp%2Fv2%2Fproduct_brand&post=2520"},{"taxonomy":"product_cat","embeddable":true,"href":"https:\/\/cormenpolska.pl\/index.php?rest_route=%2Fwp%2Fv2%2Fproduct_cat&post=2520"},{"taxonomy":"product_tag","embeddable":true,"href":"https:\/\/cormenpolska.pl\/index.php?rest_route=%2Fwp%2Fv2%2Fproduct_tag&post=2520"}],"curies":[{"name":"wp","href":"https:\/\/api.w.org\/{rel}","templated":true}]}}